{"id":55685,"date":"2017-11-29T22:31:07","date_gmt":"2017-11-29T22:31:07","guid":{"rendered":"https:\/\/www.searchfurniture.co.uk\/shop-003\/product\/wimex-chalet-985566-revolving-door-cabinet-3-with-5-doors-mirrors-210-x-225-x-58-cm-country-house-look-front-and-body-alpine-white\/"},"modified":"2025-11-14T05:30:37","modified_gmt":"2025-11-14T05:30:37","slug":"wimex-chalet-985566-revolving-door-cabinet-3-with-5-doors-mirrors-210-x-225-x-58-cm-country-house-look-front-and-body-alpine-white","status":"publish","type":"product","link":"https:\/\/www.searchfurniture.co.uk\/shop-003\/product\/wimex-chalet-985566-revolving-door-cabinet-3-with-5-doors-mirrors-210-x-225-x-58-cm-country-house-look-front-and-body-alpine-white\/","title":{"rendered":"Wimex 985566, Wardrobe with Hinged Doors Chalet 5\u00a0doors, 3\u00a0mirrors, 225\u00a0x 210\u00a0x 58\u00a0cm, Country Style, Colour: White (wei\u00df)"},"content":{"rendered":"<p>Kleiderw\u00e4scheschrank 5t\u00fcrig in the implementation of the Alpine White with 3 Mirrors <\/p>\n<p>dividers inside the cabinet has 2 dividers in 3 compartments, each one Shelf and Hanging Rail <\/p>\n<p>Accessiores in the picture is not Part of the offer <\/p>\n<p>m\u00f6belprogramm this is produced in Germany <\/p>\n<p>Weight: 361.56 lbs (164 kg) <\/p>\n<p><i><b>Technical Details: <\/b><\/i><\/p>\n<table style='height: 60px;width: 300px' align='left' border='0'>\n<tbody>\n<tr align='left' valign='middle'>\n<td><b>Scope of supply: <br \/><\/b><\/td>\n<td>kleiderw\u00e4scheschrank <\/td>\n<\/tr>\n<tr>\n<td><b>Material: <\/b><\/td>\n<td>sheet Material E1 <\/td>\n<\/tr>\n<tr>\n<td><b>Exterior dimensions (width): <\/b><\/td>\n<td>88.58 inch (225 cm) <\/td>\n<\/tr>\n<tr>\n<td><b>height <\/b><b>Dimensions (exterior): <\/b><b><\/b><\/td>\n<td>82.68 inch (210 cm) <\/td>\n<\/tr>\n<tr>\n<td><b>depth <\/b><b>Dimensions (exterior): <\/b><b><\/b><\/td>\n<td>22.83 inch (58 cm) <\/td>\n<\/tr>\n<\/tbody>\n<\/table>\n<\/p>\n<\/p>\n<\/table>\n<p>Revolving Door Chalet 5\u00a0Door Wardrobe, 3\u00a0mirror, W\/H\/D): 225\/210\/58\u00a0cm\u00a0&#8211;\u00a0Front and body Alpine White\u00a0&#8211;\u00a0Country house look<br \/>\nMade in Germany\u00a0&#8211;\u00a0Modern Design\u00a0&#8211;\u00a0Quality Materials and easy to clean surface<br \/>\nFull fitting instructions included, yes<br \/>\nCountry Cottage theme<br \/>\n<div class=\"main-cross-sell\" data-asin=\"B005E7QBQG\">\n\n\t<div class=\"WooZone-cross-sell-loader\">\n\t\t<div>\n\t\t\t<div id=\"floatingBarsG\">\n\t\t\t\t<div class=\"blockG\" id=\"rotateG_01\"><\/div>\n\t\t\t\t<div class=\"blockG\" id=\"rotateG_02\"><\/div>\n\t\t\t\t<div class=\"blockG\" id=\"rotateG_03\"><\/div>\n\t\t\t\t<div class=\"blockG\" id=\"rotateG_04\"><\/div>\n\t\t\t\t<div class=\"blockG\" id=\"rotateG_05\"><\/div>\n\t\t\t\t<div class=\"blockG\" id=\"rotateG_06\"><\/div>\n\t\t\t\t<div class=\"blockG\" id=\"rotateG_07\"><\/div>\n\t\t\t\t<div class=\"blockG\" id=\"rotateG_08\"><\/div>\n\t\t\t<\/div>\n\t\t\t<div class=\"WooZone-cross-sell-loader-text\"><\/div>\n\t\t<\/div>\n\t<\/div>\n\n\t\t\n<\/div>\n<div style=\"clear:both;\"><\/div><\/p>\n","protected":false},"excerpt":{"rendered":"<p>Revolving Door Chalet 5 Door Wardrobe, 3 mirror, W\/H\/D): 225\/210\/58 cm \u2013 Front and body Alpine White \u2013 Country house look<br \/>\nMade in Germany \u2013 Modern Design \u2013 Quality Materials and easy to clean surface<br \/>\nFull fitting instructions included, yes<\/p>\n","protected":false},"featured_media":55686,"comment_status":"open","ping_status":"closed","template":"","meta":[],"product_brand":[],"product_cat":[21,1865,20,18,19],"product_tag":[],"class_list":{"0":"post-55685","1":"product","2":"type-product","3":"status-publish","4":"has-post-thumbnail","6":"product_cat-bedroom-furniture","7":"product_cat-bedroom-wardrobes","8":"product_cat-furniture","9":"product_cat-home-and-garden","10":"product_cat-home-and-kitchen","11":"pa_binding-kitchen-home","12":"pa_brand-wimex","13":"pa_color-white","14":"pa_ean-43702","15":"pa_eanlist-43703","16":"pa_itemdimensions-8268-2283-36156-8858","17":"pa_label-wimex","18":"pa_manufacturer-wimex","19":"pa_model-43705","20":"pa_mpn-43706","21":"pa_packagedimensions-1063-9055-19621-2244","22":"pa_packagequantity-30","23":"pa_partnumber-43708","24":"pa_productgroup-kitchen","25":"pa_producttypename-home_furniture_and_decor","26":"pa_publisher-wimex","27":"pa_size-225-210-58-cm","28":"pa_studio-wimex","30":"first","31":"instock","32":"shipping-taxable","33":"product-type-simple"},"_links":{"self":[{"href":"https:\/\/www.searchfurniture.co.uk\/shop-003\/wp-json\/wp\/v2\/product\/55685","targetHints":{"allow":["GET"]}}],"collection":[{"href":"https:\/\/www.searchfurniture.co.uk\/shop-003\/wp-json\/wp\/v2\/product"}],"about":[{"href":"https:\/\/www.searchfurniture.co.uk\/shop-003\/wp-json\/wp\/v2\/types\/product"}],"replies":[{"embeddable":true,"href":"https:\/\/www.searchfurniture.co.uk\/shop-003\/wp-json\/wp\/v2\/comments?post=55685"}],"wp:featuredmedia":[{"embeddable":true,"href":"https:\/\/www.searchfurniture.co.uk\/shop-003\/wp-json\/wp\/v2\/media\/55686"}],"wp:attachment":[{"href":"https:\/\/www.searchfurniture.co.uk\/shop-003\/wp-json\/wp\/v2\/media?parent=55685"}],"wp:term":[{"taxonomy":"product_brand","embeddable":true,"href":"https:\/\/www.searchfurniture.co.uk\/shop-003\/wp-json\/wp\/v2\/product_brand?post=55685"},{"taxonomy":"product_cat","embeddable":true,"href":"https:\/\/www.searchfurniture.co.uk\/shop-003\/wp-json\/wp\/v2\/product_cat?post=55685"},{"taxonomy":"product_tag","embeddable":true,"href":"https:\/\/www.searchfurniture.co.uk\/shop-003\/wp-json\/wp\/v2\/product_tag?post=55685"}],"curies":[{"name":"wp","href":"https:\/\/api.w.org\/{rel}","templated":true}]}}