{"id":5286,"date":"2017-08-19T15:37:26","date_gmt":"2017-08-19T15:37:26","guid":{"rendered":"https:\/\/www.searchfurniture.co.uk\/shop-003\/product\/globo-g9-40-watt-cattleya-spot-nickel-matt-chrome-pack-of-4\/"},"modified":"2025-11-13T16:42:50","modified_gmt":"2025-11-13T16:42:50","slug":"globo-g9-40-watt-cattleya-spot-nickel-matt-chrome-pack-of-4","status":"publish","type":"product","link":"https:\/\/www.searchfurniture.co.uk\/shop-003\/product\/globo-g9-40-watt-cattleya-spot-nickel-matt-chrome-pack-of-4\/","title":{"rendered":"globo G9 40 Watt Cattleya Spot Nickel Matt Chrome, Pack of 4"},"content":{"rendered":"<p>Deckenleuchte nickel-matt CATTLEYA In jedem Raum passend ist dieser vier-flammige Strahler. Egal ob K\u00fcche, Wohnbereich, Vorzimmer oder Schlafzimmer diese Leuchte findet bestimmt ihren Platz. Durch die sch\u00f6nen klaren Glasw\u00fcrfel strahlt das Licht besonders sch\u00f6n und hell. Die Leuchtmittel sind im Preis inkludiert. Strahler nickel-matt, chrom, W\u00fcrfel klar, strukturiert, LxBxH:280x280x125, inkl. 4xG9 40W 230V<br \/>\nSpot, Nickel matt, chrome, incl. 4xG9 40W<br \/>\nChrome\/Matt nickel<br \/>\nGlass shades<br \/>\nSuitable for LED<br \/>\nDirectional lamps<br \/>\n<div class=\"main-cross-sell\" data-asin=\"B007XRC0DI\">\n\n\t<div class=\"WooZone-cross-sell-loader\">\n\t\t<div>\n\t\t\t<div id=\"floatingBarsG\">\n\t\t\t\t<div class=\"blockG\" id=\"rotateG_01\"><\/div>\n\t\t\t\t<div class=\"blockG\" id=\"rotateG_02\"><\/div>\n\t\t\t\t<div class=\"blockG\" id=\"rotateG_03\"><\/div>\n\t\t\t\t<div class=\"blockG\" id=\"rotateG_04\"><\/div>\n\t\t\t\t<div class=\"blockG\" id=\"rotateG_05\"><\/div>\n\t\t\t\t<div class=\"blockG\" id=\"rotateG_06\"><\/div>\n\t\t\t\t<div class=\"blockG\" id=\"rotateG_07\"><\/div>\n\t\t\t\t<div class=\"blockG\" id=\"rotateG_08\"><\/div>\n\t\t\t<\/div>\n\t\t\t<div class=\"WooZone-cross-sell-loader-text\"><\/div>\n\t\t<\/div>\n\t<\/div>\n\n\t\t\n<\/div>\n<div style=\"clear:both;\"><\/div><\/p>\n","protected":false},"excerpt":{"rendered":"<p>Spot, Nickel matt, chrome, incl. 4xG9 40W<br \/>\nChrome\/Matt nickel<br \/>\nGlass shades<\/p>\n","protected":false},"featured_media":5287,"comment_status":"open","ping_status":"closed","template":"","meta":[],"product_brand":[],"product_cat":[5100,5101,900,899],"product_tag":[],"class_list":{"0":"post-5286","1":"product","2":"type-product","3":"status-publish","4":"has-post-thumbnail","6":"product_cat-ceiling-lighting","7":"product_cat-ceiling-lights","8":"product_cat-indoor-lighting","9":"product_cat-lighting","10":"pa_binding-kitchen-home","11":"pa_brand-globo","12":"pa_ean-5279","13":"pa_eanlist-5280","14":"pa_itemdimensions-571-1673-1673","15":"pa_label-globo","16":"pa_manufacturer-globo","17":"pa_material-type-silver","18":"pa_mpn-56443-4","19":"pa_packagedimensions-496-1134-384-1118","20":"pa_packagequantity-30","21":"pa_partnumber-56443-4","22":"pa_productgroup-kitchen","23":"pa_producttypename-home_furniture_and_decor","24":"pa_publisher-globo","25":"pa_studio-globo","27":"first","28":"instock","29":"shipping-taxable","30":"product-type-simple"},"_links":{"self":[{"href":"https:\/\/www.searchfurniture.co.uk\/shop-003\/wp-json\/wp\/v2\/product\/5286","targetHints":{"allow":["GET"]}}],"collection":[{"href":"https:\/\/www.searchfurniture.co.uk\/shop-003\/wp-json\/wp\/v2\/product"}],"about":[{"href":"https:\/\/www.searchfurniture.co.uk\/shop-003\/wp-json\/wp\/v2\/types\/product"}],"replies":[{"embeddable":true,"href":"https:\/\/www.searchfurniture.co.uk\/shop-003\/wp-json\/wp\/v2\/comments?post=5286"}],"wp:featuredmedia":[{"embeddable":true,"href":"https:\/\/www.searchfurniture.co.uk\/shop-003\/wp-json\/wp\/v2\/media\/5287"}],"wp:attachment":[{"href":"https:\/\/www.searchfurniture.co.uk\/shop-003\/wp-json\/wp\/v2\/media?parent=5286"}],"wp:term":[{"taxonomy":"product_brand","embeddable":true,"href":"https:\/\/www.searchfurniture.co.uk\/shop-003\/wp-json\/wp\/v2\/product_brand?post=5286"},{"taxonomy":"product_cat","embeddable":true,"href":"https:\/\/www.searchfurniture.co.uk\/shop-003\/wp-json\/wp\/v2\/product_cat?post=5286"},{"taxonomy":"product_tag","embeddable":true,"href":"https:\/\/www.searchfurniture.co.uk\/shop-003\/wp-json\/wp\/v2\/product_tag?post=5286"}],"curies":[{"name":"wp","href":"https:\/\/api.w.org\/{rel}","templated":true}]}}