{"id":46927,"date":"2017-10-03T20:09:37","date_gmt":"2017-10-03T20:09:37","guid":{"rendered":"https:\/\/www.searchfurniture.co.uk\/shop-003\/product\/wine-champagne-bucket-cooler-in-chrome-with-black-colour-high-quality-leather-decorated-diameter-23-cm-height-23-cm-without-bottle\/"},"modified":"2025-11-14T02:38:41","modified_gmt":"2025-11-14T02:38:41","slug":"wine-champagne-bucket-cooler-in-chrome-with-black-colour-high-quality-leather-decorated-diameter-23-cm-height-23-cm-without-bottle","status":"publish","type":"product","link":"https:\/\/www.searchfurniture.co.uk\/shop-003\/product\/wine-champagne-bucket-cooler-in-chrome-with-black-colour-high-quality-leather-decorated-diameter-23-cm-height-23-cm-without-bottle\/","title":{"rendered":"De Vin &amp; Seau \u00e0 Champagne, Seau \u00e0 champagne dans la couleur chrome avec d\u00e9coration en cuir de qualit\u00e9 d\u00e9cor\u00e9 noire\u2026"},"content":{"rendered":"<p>Wine &amp; Champagne Bucket Champagne Cooler in colour nickel adorned with black high quality leather. Diameter: 23\u00a0cm, height 23\u00a0cm, without bottle decoration<br \/>\nElegant high-quality Champagne Cooler packed in nickel with black high quality leather handles and leather trim in genuine leather.<br \/>\nSturdy and is ideal for easily carry.<br \/>\n<div class=\"main-cross-sell\" data-asin=\"B074PCFX58\">\n\n\t<div class=\"WooZone-cross-sell-loader\">\n\t\t<div>\n\t\t\t<div id=\"floatingBarsG\">\n\t\t\t\t<div class=\"blockG\" id=\"rotateG_01\"><\/div>\n\t\t\t\t<div class=\"blockG\" id=\"rotateG_02\"><\/div>\n\t\t\t\t<div class=\"blockG\" id=\"rotateG_03\"><\/div>\n\t\t\t\t<div class=\"blockG\" id=\"rotateG_04\"><\/div>\n\t\t\t\t<div class=\"blockG\" id=\"rotateG_05\"><\/div>\n\t\t\t\t<div class=\"blockG\" id=\"rotateG_06\"><\/div>\n\t\t\t\t<div class=\"blockG\" id=\"rotateG_07\"><\/div>\n\t\t\t\t<div class=\"blockG\" id=\"rotateG_08\"><\/div>\n\t\t\t<\/div>\n\t\t\t<div class=\"WooZone-cross-sell-loader-text\"><\/div>\n\t\t<\/div>\n\t<\/div>\n\n\t\t\n<\/div>\n<div style=\"clear:both;\"><\/div><\/p>\n","protected":false},"excerpt":{"rendered":"<p>Elegant high-quality Champagne Cooler packed in nickel with black high quality leather handles and leather trim in genuine leather.<br \/>\nSturdy and is ideal for easily carry.<\/p>\n","protected":false},"featured_media":46928,"comment_status":"open","ping_status":"closed","template":"","meta":[],"product_brand":[],"product_cat":[5116,1116,18,19,5115,13137],"product_tag":[],"class_list":{"0":"post-46927","1":"product","2":"type-product","3":"status-publish","4":"has-post-thumbnail","6":"product_cat-barware","7":"product_cat-cooking-and-dining","8":"product_cat-home-and-garden","9":"product_cat-home-and-kitchen","10":"product_cat-kitchen-tools-and-gadgets","11":"product_cat-wine-bottle-coolers","12":"pa_binding-kitchen-home","13":"pa_brand-cofur-colonial-furniture-design","14":"pa_ean-36941","15":"pa_eanlist-36942","16":"pa_label-cofur-colonial-furniture-design","17":"pa_manufacturer-cofur-colonial-furniture-design","18":"pa_productgroup-kitchen","19":"pa_producttypename-home","20":"pa_publisher-cofur-colonial-furniture-design","21":"pa_studio-cofur-colonial-furniture-design","23":"first","24":"instock","25":"shipping-taxable","26":"product-type-simple"},"_links":{"self":[{"href":"https:\/\/www.searchfurniture.co.uk\/shop-003\/wp-json\/wp\/v2\/product\/46927","targetHints":{"allow":["GET"]}}],"collection":[{"href":"https:\/\/www.searchfurniture.co.uk\/shop-003\/wp-json\/wp\/v2\/product"}],"about":[{"href":"https:\/\/www.searchfurniture.co.uk\/shop-003\/wp-json\/wp\/v2\/types\/product"}],"replies":[{"embeddable":true,"href":"https:\/\/www.searchfurniture.co.uk\/shop-003\/wp-json\/wp\/v2\/comments?post=46927"}],"wp:featuredmedia":[{"embeddable":true,"href":"https:\/\/www.searchfurniture.co.uk\/shop-003\/wp-json\/wp\/v2\/media\/46928"}],"wp:attachment":[{"href":"https:\/\/www.searchfurniture.co.uk\/shop-003\/wp-json\/wp\/v2\/media?parent=46927"}],"wp:term":[{"taxonomy":"product_brand","embeddable":true,"href":"https:\/\/www.searchfurniture.co.uk\/shop-003\/wp-json\/wp\/v2\/product_brand?post=46927"},{"taxonomy":"product_cat","embeddable":true,"href":"https:\/\/www.searchfurniture.co.uk\/shop-003\/wp-json\/wp\/v2\/product_cat?post=46927"},{"taxonomy":"product_tag","embeddable":true,"href":"https:\/\/www.searchfurniture.co.uk\/shop-003\/wp-json\/wp\/v2\/product_tag?post=46927"}],"curies":[{"name":"wp","href":"https:\/\/api.w.org\/{rel}","templated":true}]}}