{"id":32437,"date":"2017-09-01T17:07:59","date_gmt":"2017-09-01T17:07:59","guid":{"rendered":"https:\/\/www.searchfurniture.co.uk\/shop-003\/product\/pelipal-cassca-72-x-100-x-17-cm-hxwxd-mirror-cabinet-included-backlight-colour-white\/"},"modified":"2025-11-13T22:15:12","modified_gmt":"2025-11-13T22:15:12","slug":"pelipal-cassca-72-x-100-x-17-cm-hxwxd-mirror-cabinet-included-backlight-colour-white","status":"publish","type":"product","link":"https:\/\/www.searchfurniture.co.uk\/shop-003\/product\/pelipal-cassca-72-x-100-x-17-cm-hxwxd-mirror-cabinet-included-backlight-colour-white\/","title":{"rendered":"Pelipal Cassca Spiegelschrank inkl Beleuchtung 72 x 100 x 17 cm (HxBxT) farbe wei\u00df"},"content":{"rendered":"<p>Pelipal Cassca Spiegelschrank inkl. Beleuchtung 72 x 100 x 17 cm (HxBxT) 3 T\u00fcren, einfach verspiegelt 4 Glaseinlegeb\u00f6den Schalter\/Steckdose<br \/>\nM\u00f6bel<br \/>\nSpiegelschrank<br \/>\n<div class=\"main-cross-sell\" data-asin=\"B00DUEYPG8\">\n\n\t<div class=\"WooZone-cross-sell-loader\">\n\t\t<div>\n\t\t\t<div id=\"floatingBarsG\">\n\t\t\t\t<div class=\"blockG\" id=\"rotateG_01\"><\/div>\n\t\t\t\t<div class=\"blockG\" id=\"rotateG_02\"><\/div>\n\t\t\t\t<div class=\"blockG\" id=\"rotateG_03\"><\/div>\n\t\t\t\t<div class=\"blockG\" id=\"rotateG_04\"><\/div>\n\t\t\t\t<div class=\"blockG\" id=\"rotateG_05\"><\/div>\n\t\t\t\t<div class=\"blockG\" id=\"rotateG_06\"><\/div>\n\t\t\t\t<div class=\"blockG\" id=\"rotateG_07\"><\/div>\n\t\t\t\t<div class=\"blockG\" id=\"rotateG_08\"><\/div>\n\t\t\t<\/div>\n\t\t\t<div class=\"WooZone-cross-sell-loader-text\"><\/div>\n\t\t<\/div>\n\t<\/div>\n\n\t\t\n<\/div>\n<div style=\"clear:both;\"><\/div><\/p>\n","protected":false},"excerpt":{"rendered":"<p>M\u00f6bel<br \/>\nSpiegelschrank<\/p>\n","protected":false},"featured_media":32438,"comment_status":"open","ping_status":"closed","template":"","meta":[],"product_brand":[],"product_cat":[7524,1452,758,2067,20,18,19,7523,21349,13293,13294],"product_tag":[],"class_list":{"0":"post-32437","1":"product","2":"type-product","3":"status-publish","4":"has-post-thumbnail","6":"product_cat-bathroom-fixtures","7":"product_cat-bathroom-furniture","8":"product_cat-cabinets","9":"product_cat-diy-and-tools","10":"product_cat-furniture","11":"product_cat-home-and-garden","12":"product_cat-home-and-kitchen","13":"product_cat-kitchen-and-bath-fixtures","14":"product_cat-mirror-cabinets","15":"product_cat-shower-and-bath-taps","16":"product_cat-shower-taps","17":"pa_brand-pelipal","18":"pa_color-white","19":"pa_ean-25058","20":"pa_eanlist-25059","21":"pa_label-pelipal","22":"pa_manufacturer-pelipal","23":"pa_mpn-cs-sps-01","24":"pa_partnumber-cs-sps-01","25":"pa_productgroup-kitchen","26":"pa_producttypename-home_bed_and_bath","27":"pa_publisher-pelipal","28":"pa_studio-pelipal","30":"first","31":"instock","32":"shipping-taxable","33":"product-type-simple"},"_links":{"self":[{"href":"https:\/\/www.searchfurniture.co.uk\/shop-003\/wp-json\/wp\/v2\/product\/32437","targetHints":{"allow":["GET"]}}],"collection":[{"href":"https:\/\/www.searchfurniture.co.uk\/shop-003\/wp-json\/wp\/v2\/product"}],"about":[{"href":"https:\/\/www.searchfurniture.co.uk\/shop-003\/wp-json\/wp\/v2\/types\/product"}],"replies":[{"embeddable":true,"href":"https:\/\/www.searchfurniture.co.uk\/shop-003\/wp-json\/wp\/v2\/comments?post=32437"}],"wp:featuredmedia":[{"embeddable":true,"href":"https:\/\/www.searchfurniture.co.uk\/shop-003\/wp-json\/wp\/v2\/media\/32438"}],"wp:attachment":[{"href":"https:\/\/www.searchfurniture.co.uk\/shop-003\/wp-json\/wp\/v2\/media?parent=32437"}],"wp:term":[{"taxonomy":"product_brand","embeddable":true,"href":"https:\/\/www.searchfurniture.co.uk\/shop-003\/wp-json\/wp\/v2\/product_brand?post=32437"},{"taxonomy":"product_cat","embeddable":true,"href":"https:\/\/www.searchfurniture.co.uk\/shop-003\/wp-json\/wp\/v2\/product_cat?post=32437"},{"taxonomy":"product_tag","embeddable":true,"href":"https:\/\/www.searchfurniture.co.uk\/shop-003\/wp-json\/wp\/v2\/product_tag?post=32437"}],"curies":[{"name":"wp","href":"https:\/\/api.w.org\/{rel}","templated":true}]}}