{"id":30735,"date":"2017-09-01T15:56:38","date_gmt":"2017-09-01T15:56:38","guid":{"rendered":"https:\/\/www.searchfurniture.co.uk\/shop-003\/product\/pelipal-trentino-mineralguswaschbecken-with-77-cm-base-unit-with-one-drawer-and-spiegelschrank\/"},"modified":"2025-11-13T22:03:07","modified_gmt":"2025-11-13T22:03:07","slug":"pelipal-trentino-mineralguswaschbecken-with-77-cm-base-unit-with-one-drawer-and-spiegelschrank","status":"publish","type":"product","link":"https:\/\/www.searchfurniture.co.uk\/shop-003\/product\/pelipal-trentino-mineralguswaschbecken-with-77-cm-base-unit-with-one-drawer-and-spiegelschrank\/","title":{"rendered":"Pelipal Trentino 77cm mit Mineralgu\u00dfwaschbecken, Unterschrank und Spiegelschrank, Badm\u00f6bel"},"content":{"rendered":"<p>Pelipal Trentino 77cm mit Mineralgu\u00dfwaschbecken, Unterschrank mit einer Schublade und Spiegelschrank GeradeDie Badm\u00f6bel sind vormontiertFalls Sie keine \u00c4nderungen vornehmen liefern wie wie folgt:Front: wei\u00df hochglanz Korpus: Mokka Struktur querGriffe: Chrom gl\u00e4nzendKorpusqualit\u00e4t: Comfort N: Schubkasten mit Vollauszug und D\u00e4mpfer (Softclose)Inkl. T\u00fcrd\u00e4mpfer f\u00fcr Spiegelschrank (Softclose) und Abdeckkappe f\u00fcr Schrankaufh\u00e4nger Schubk\u00e4sten mit MetallzargeMineralgu\u00dfwaschbecken 77cm Farbe: weiss mit HahnlochH\u00f6he: 1,5 cm x Breite 77cm x Tiefe 51 cm Waschtischunterschrank mit 1 Auszug oder 2 Ausz\u00fcgen (Aufpreis)H\u00f6he 49 cm x Breite 75 cm x Tiefe 49 cmSpiegelschrank inkl LED im Profil3 Spiegelt\u00fcren, einfach verspiegelt mit 6 Glaseinlegeb\u00f6den und Schalter\/Steckdosen-ElementH\u00f6he 72,0 cm x Breite 75,0 cm x Tiefe 20,0 cm<br \/>\nM\u00f6bel<br \/>\nSpiegelschrank<br \/>\n<div class=\"main-cross-sell\" data-asin=\"B00J6A3PXE\">\n\n\t<div class=\"WooZone-cross-sell-loader\">\n\t\t<div>\n\t\t\t<div id=\"floatingBarsG\">\n\t\t\t\t<div class=\"blockG\" id=\"rotateG_01\"><\/div>\n\t\t\t\t<div class=\"blockG\" id=\"rotateG_02\"><\/div>\n\t\t\t\t<div class=\"blockG\" id=\"rotateG_03\"><\/div>\n\t\t\t\t<div class=\"blockG\" id=\"rotateG_04\"><\/div>\n\t\t\t\t<div class=\"blockG\" id=\"rotateG_05\"><\/div>\n\t\t\t\t<div class=\"blockG\" id=\"rotateG_06\"><\/div>\n\t\t\t\t<div class=\"blockG\" id=\"rotateG_07\"><\/div>\n\t\t\t\t<div class=\"blockG\" id=\"rotateG_08\"><\/div>\n\t\t\t<\/div>\n\t\t\t<div class=\"WooZone-cross-sell-loader-text\"><\/div>\n\t\t<\/div>\n\t<\/div>\n\n\t\t\n<\/div>\n<div style=\"clear:both;\"><\/div><\/p>\n","protected":false},"excerpt":{"rendered":"<p>Furniture<br \/>\nMirror cabinet<\/p>\n","protected":false},"featured_media":30736,"comment_status":"open","ping_status":"closed","template":"","meta":[],"product_brand":[],"product_cat":[1452,20,18,19,19333],"product_tag":[],"class_list":{"0":"post-30735","1":"product","2":"type-product","3":"status-publish","4":"has-post-thumbnail","6":"product_cat-bathroom-furniture","7":"product_cat-furniture","8":"product_cat-home-and-garden","9":"product_cat-home-and-kitchen","10":"product_cat-wash-stands-and-vanity-units","11":"pa_brand-pelipal","12":"pa_ean-23718","13":"pa_eanlist-23719","14":"pa_label-pelipal","15":"pa_manufacturer-pelipal","16":"pa_mpn-a048843","17":"pa_partnumber-a048843","18":"pa_productgroup-kitchen","19":"pa_producttypename-home_bed_and_bath","20":"pa_publisher-pelipal","21":"pa_studio-pelipal","23":"first","24":"instock","25":"shipping-taxable","26":"product-type-simple"},"_links":{"self":[{"href":"https:\/\/www.searchfurniture.co.uk\/shop-003\/wp-json\/wp\/v2\/product\/30735","targetHints":{"allow":["GET"]}}],"collection":[{"href":"https:\/\/www.searchfurniture.co.uk\/shop-003\/wp-json\/wp\/v2\/product"}],"about":[{"href":"https:\/\/www.searchfurniture.co.uk\/shop-003\/wp-json\/wp\/v2\/types\/product"}],"replies":[{"embeddable":true,"href":"https:\/\/www.searchfurniture.co.uk\/shop-003\/wp-json\/wp\/v2\/comments?post=30735"}],"wp:featuredmedia":[{"embeddable":true,"href":"https:\/\/www.searchfurniture.co.uk\/shop-003\/wp-json\/wp\/v2\/media\/30736"}],"wp:attachment":[{"href":"https:\/\/www.searchfurniture.co.uk\/shop-003\/wp-json\/wp\/v2\/media?parent=30735"}],"wp:term":[{"taxonomy":"product_brand","embeddable":true,"href":"https:\/\/www.searchfurniture.co.uk\/shop-003\/wp-json\/wp\/v2\/product_brand?post=30735"},{"taxonomy":"product_cat","embeddable":true,"href":"https:\/\/www.searchfurniture.co.uk\/shop-003\/wp-json\/wp\/v2\/product_cat?post=30735"},{"taxonomy":"product_tag","embeddable":true,"href":"https:\/\/www.searchfurniture.co.uk\/shop-003\/wp-json\/wp\/v2\/product_tag?post=30735"}],"curies":[{"name":"wp","href":"https:\/\/api.w.org\/{rel}","templated":true}]}}