{"id":30730,"date":"2017-09-01T15:56:31","date_gmt":"2017-09-01T15:56:31","guid":{"rendered":"https:\/\/www.searchfurniture.co.uk\/shop-003\/product\/pelipal-trentino-77-cm-with-mineralguswaschbecken-vanity-unit-and-mirror-cabinet-with-one-drawer\/"},"modified":"2025-11-13T22:03:07","modified_gmt":"2025-11-13T22:03:07","slug":"pelipal-trentino-77-cm-with-mineralguswaschbecken-vanity-unit-and-mirror-cabinet-with-one-drawer","status":"publish","type":"product","link":"https:\/\/www.searchfurniture.co.uk\/shop-003\/product\/pelipal-trentino-77-cm-with-mineralguswaschbecken-vanity-unit-and-mirror-cabinet-with-one-drawer\/","title":{"rendered":"Pelipal Trentino 77cm mit Mineralgu\u00dfwaschbecken, Unterschrank und Spiegelschrank, Badm\u00f6bel"},"content":{"rendered":"<p>Pelipal Trentino 77cm mit Mineralgu\u00dfwaschbecken, Unterschrank mit einer Schublade und Spiegelschrank GeradeDie Badm\u00f6bel sind vormontiertFalls Sie keine \u00c4nderungen vornehmen liefern wie wie folgt:Front: Natur Struktur quer Korpus: Natur Struktur querGriffe: Chrom gl\u00e4nzendKorpusqualit\u00e4t: Comfort N: Schubkasten mit Vollauszug und D\u00e4mpfer (Softclose)Inkl. T\u00fcrd\u00e4mpfer f\u00fcr Spiegelschrank (Softclose) und Abdeckkappe f\u00fcr Schrankaufh\u00e4nger Schubk\u00e4sten mit MetallzargeMineralgu\u00dfwaschbecken 77cm Farbe: weiss mit HahnlochH\u00f6he: 1,5 cm x Breite 77cm x Tiefe 51 cm Waschtischunterschrank mit 1 Auszug oder 2 Ausz\u00fcgen (Aufpreis)H\u00f6he 49 cm x Breite 75 cm x Tiefe 49 cmSpiegelschrank inkl LED Aufbauleuchte3 Spiegelt\u00fcren, einfach verspiegelt mit 6 Glaseinlegeb\u00f6den und Schalter\/Steckdosen-ElementH\u00f6he 72,0 cm x Breite 75,0 cm x Tiefe 20,0 cm<br \/>\nM\u00f6bel<br \/>\nSpiegelschrank<br \/>\n<div class=\"main-cross-sell\" data-asin=\"B00J6A3R14\">\n\n\t<div class=\"WooZone-cross-sell-loader\">\n\t\t<div>\n\t\t\t<div id=\"floatingBarsG\">\n\t\t\t\t<div class=\"blockG\" id=\"rotateG_01\"><\/div>\n\t\t\t\t<div class=\"blockG\" id=\"rotateG_02\"><\/div>\n\t\t\t\t<div class=\"blockG\" id=\"rotateG_03\"><\/div>\n\t\t\t\t<div class=\"blockG\" id=\"rotateG_04\"><\/div>\n\t\t\t\t<div class=\"blockG\" id=\"rotateG_05\"><\/div>\n\t\t\t\t<div class=\"blockG\" id=\"rotateG_06\"><\/div>\n\t\t\t\t<div class=\"blockG\" id=\"rotateG_07\"><\/div>\n\t\t\t\t<div class=\"blockG\" id=\"rotateG_08\"><\/div>\n\t\t\t<\/div>\n\t\t\t<div class=\"WooZone-cross-sell-loader-text\"><\/div>\n\t\t<\/div>\n\t<\/div>\n\n\t\t\n<\/div>\n<div style=\"clear:both;\"><\/div><\/p>\n","protected":false},"excerpt":{"rendered":"<p>M\u00f6bel<br \/>\nSpiegelschrank<\/p>\n","protected":false},"featured_media":30731,"comment_status":"open","ping_status":"closed","template":"","meta":[],"product_brand":[],"product_cat":[1452,758,20,18,19,21349,19333],"product_tag":[],"class_list":{"0":"post-30730","1":"product","2":"type-product","3":"status-publish","4":"has-post-thumbnail","6":"product_cat-bathroom-furniture","7":"product_cat-cabinets","8":"product_cat-furniture","9":"product_cat-home-and-garden","10":"product_cat-home-and-kitchen","11":"product_cat-mirror-cabinets","12":"product_cat-wash-stands-and-vanity-units","13":"pa_brand-pelipal","14":"pa_ean-23716","15":"pa_eanlist-23717","16":"pa_label-pelipal","17":"pa_manufacturer-pelipal","18":"pa_mpn-a048843","19":"pa_partnumber-a048843","20":"pa_productgroup-kitchen","21":"pa_producttypename-home_bed_and_bath","22":"pa_publisher-pelipal","23":"pa_studio-pelipal","25":"first","26":"instock","27":"shipping-taxable","28":"product-type-simple"},"_links":{"self":[{"href":"https:\/\/www.searchfurniture.co.uk\/shop-003\/wp-json\/wp\/v2\/product\/30730","targetHints":{"allow":["GET"]}}],"collection":[{"href":"https:\/\/www.searchfurniture.co.uk\/shop-003\/wp-json\/wp\/v2\/product"}],"about":[{"href":"https:\/\/www.searchfurniture.co.uk\/shop-003\/wp-json\/wp\/v2\/types\/product"}],"replies":[{"embeddable":true,"href":"https:\/\/www.searchfurniture.co.uk\/shop-003\/wp-json\/wp\/v2\/comments?post=30730"}],"wp:featuredmedia":[{"embeddable":true,"href":"https:\/\/www.searchfurniture.co.uk\/shop-003\/wp-json\/wp\/v2\/media\/30731"}],"wp:attachment":[{"href":"https:\/\/www.searchfurniture.co.uk\/shop-003\/wp-json\/wp\/v2\/media?parent=30730"}],"wp:term":[{"taxonomy":"product_brand","embeddable":true,"href":"https:\/\/www.searchfurniture.co.uk\/shop-003\/wp-json\/wp\/v2\/product_brand?post=30730"},{"taxonomy":"product_cat","embeddable":true,"href":"https:\/\/www.searchfurniture.co.uk\/shop-003\/wp-json\/wp\/v2\/product_cat?post=30730"},{"taxonomy":"product_tag","embeddable":true,"href":"https:\/\/www.searchfurniture.co.uk\/shop-003\/wp-json\/wp\/v2\/product_tag?post=30730"}],"curies":[{"name":"wp","href":"https:\/\/api.w.org\/{rel}","templated":true}]}}