{"id":30575,"date":"2017-09-01T15:54:22","date_gmt":"2017-09-01T15:54:22","guid":{"rendered":"https:\/\/www.searchfurniture.co.uk\/shop-003\/product\/pelipeal-contea-bathroom-furniture-set-nr-1_ct_f8-119-cm\/"},"modified":"2025-11-13T22:03:04","modified_gmt":"2025-11-13T22:03:04","slug":"pelipeal-contea-bathroom-furniture-set-nr-1_ct_f8-119-cm","status":"publish","type":"product","link":"https:\/\/www.searchfurniture.co.uk\/shop-003\/product\/pelipeal-contea-bathroom-furniture-set-nr-1_ct_f8-119-cm\/","title":{"rendered":"Pelipal Contea Badm\u00f6bel Set 119 cm, Nr.1_CT_F8"},"content":{"rendered":"<p>, ConteanVerzaubert durch seine harmonische Formsprache und einem einzigartigen Design. Formvollendet, elegant.nnLieferumfang, falls keine \u00c4nderungen auf unserer Homepage vorgenommen wirdn- Mineralmarmorwaschtisch wei\u00df, mit Armaturbohrung und integriertem \u00dcberlaufn- Waschtischunterschrank, H 48 cm B 117 cm T 49 cm &#8211; 2Dreht\u00fcr 2 Ausz\u00fcge, Korpusausf\u00fchrung: Comfort N, Frontfarbe: Pinie Wei\u00df quer,Korpusfarbe :Pinie Wei\u00df quer Nachbildungn- Spiegel\/Spiegelschrank:Variante 3nVariante 1: Spiegelschrank Kranz inkl.Beleuchtung, 230 V, LM T 5, 13W , 3Dreht\u00fcren,doppelt verspiegelt, 6 Glaseinlegeb\u00f6den,2 beleuchtete Glaseinlegeb\u00f6den,12V LED,LM LED,5W, inkl.Schalter\/Steckdose,Kranzbreite 121 cm,Kranztiefe: 28,6 cmnVariante 2: Funktionsspiegel inkl.LED Beleuchtung, 12V LED, LM LED,13Wn inkl.Schalter und zwei GlasablagennVariante 3: Spiegelschrank inkl. LED-Beleuchtung, 12V LED, LM LED, 23W, 3 Dreht\u00fcren, einfach verspiegelt, 6 glaseinlegeb\u00f6den, Schalter\/SteckdosenDer Mineralmarmorwaschtisch bietet neben einer komfortablen Ablagefl\u00e4che und einem gro\u00dfz\u00fcgigen Becken, eine extravagante Form. Diese einzigartige Formsprache spiegelt sich auch in den Griffen wieder. Der Waschtisch ist auch als Mineralmarmorwaschtisch erh\u00e4ltlich. Die Spiegelschr\u00e4nke stehen ebenso wie die Unterschr\u00e4nke f\u00fcr modernes, aber dennoch zeitloses Design. Ger\u00e4umiger Stauraum, kombiniert mit den neu entwickelten Ordnungssystemen entspricht den Bed\u00fcrfnissen der heutigen Zeit genauso, wie die effektvolle und funktionelle Lichtgestaltung. Ein harmonisches Zusammenspiel von Funktionalit\u00e4t und modernem Design. Unsere M\u00f6bel werden mit hochwertigen Glaseinlegeb\u00f6den geliefert. Bei den Waschbeckenunterschr\u00e4nken wird ein Einlegeboden in Korpusdekor eingesetzt. Ein progressiv wirkender T\u00fcrd<br \/>\nM\u00f6bel<br \/>\nBadm\u00f6bel-Set<br \/>\n<div class=\"main-cross-sell\" data-asin=\"B00HKMFTXO\">\n\n\t<div class=\"WooZone-cross-sell-loader\">\n\t\t<div>\n\t\t\t<div id=\"floatingBarsG\">\n\t\t\t\t<div class=\"blockG\" id=\"rotateG_01\"><\/div>\n\t\t\t\t<div class=\"blockG\" id=\"rotateG_02\"><\/div>\n\t\t\t\t<div class=\"blockG\" id=\"rotateG_03\"><\/div>\n\t\t\t\t<div class=\"blockG\" id=\"rotateG_04\"><\/div>\n\t\t\t\t<div class=\"blockG\" id=\"rotateG_05\"><\/div>\n\t\t\t\t<div class=\"blockG\" id=\"rotateG_06\"><\/div>\n\t\t\t\t<div class=\"blockG\" id=\"rotateG_07\"><\/div>\n\t\t\t\t<div class=\"blockG\" id=\"rotateG_08\"><\/div>\n\t\t\t<\/div>\n\t\t\t<div class=\"WooZone-cross-sell-loader-text\"><\/div>\n\t\t<\/div>\n\t<\/div>\n\n\t\t\n<\/div>\n<div style=\"clear:both;\"><\/div><\/p>\n","protected":false},"excerpt":{"rendered":"<p>M\u00f6bel<br \/>\nBadm\u00f6bel-Set<\/p>\n","protected":false},"featured_media":30576,"comment_status":"open","ping_status":"closed","template":"","meta":[],"product_brand":[],"product_cat":[1452,19437,20,18,19],"product_tag":[],"class_list":{"0":"post-30575","1":"product","2":"type-product","3":"status-publish","4":"has-post-thumbnail","6":"product_cat-bathroom-furniture","7":"product_cat-bathroom-furniture-sets","8":"product_cat-furniture","9":"product_cat-home-and-garden","10":"product_cat-home-and-kitchen","11":"pa_brand-pelipal","12":"pa_ean-23618","13":"pa_eanlist-23619","14":"pa_label-pelipal","15":"pa_manufacturer-pelipal","16":"pa_mpn-con2","17":"pa_partnumber-con2","18":"pa_productgroup-kitchen","19":"pa_producttypename-home_bed_and_bath","20":"pa_publisher-pelipal","21":"pa_studio-pelipal","23":"first","24":"instock","25":"shipping-taxable","26":"product-type-simple"},"_links":{"self":[{"href":"https:\/\/www.searchfurniture.co.uk\/shop-003\/wp-json\/wp\/v2\/product\/30575","targetHints":{"allow":["GET"]}}],"collection":[{"href":"https:\/\/www.searchfurniture.co.uk\/shop-003\/wp-json\/wp\/v2\/product"}],"about":[{"href":"https:\/\/www.searchfurniture.co.uk\/shop-003\/wp-json\/wp\/v2\/types\/product"}],"replies":[{"embeddable":true,"href":"https:\/\/www.searchfurniture.co.uk\/shop-003\/wp-json\/wp\/v2\/comments?post=30575"}],"wp:featuredmedia":[{"embeddable":true,"href":"https:\/\/www.searchfurniture.co.uk\/shop-003\/wp-json\/wp\/v2\/media\/30576"}],"wp:attachment":[{"href":"https:\/\/www.searchfurniture.co.uk\/shop-003\/wp-json\/wp\/v2\/media?parent=30575"}],"wp:term":[{"taxonomy":"product_brand","embeddable":true,"href":"https:\/\/www.searchfurniture.co.uk\/shop-003\/wp-json\/wp\/v2\/product_brand?post=30575"},{"taxonomy":"product_cat","embeddable":true,"href":"https:\/\/www.searchfurniture.co.uk\/shop-003\/wp-json\/wp\/v2\/product_cat?post=30575"},{"taxonomy":"product_tag","embeddable":true,"href":"https:\/\/www.searchfurniture.co.uk\/shop-003\/wp-json\/wp\/v2\/product_tag?post=30575"}],"curies":[{"name":"wp","href":"https:\/\/api.w.org\/{rel}","templated":true}]}}