{"id":30540,"date":"2017-09-01T15:53:54","date_gmt":"2017-09-01T15:53:54","guid":{"rendered":"https:\/\/www.searchfurniture.co.uk\/shop-003\/product\/pelipal-solitaire-7005-1236-cm-bathroom-cabinet-with-mirror\/"},"modified":"2025-11-13T22:03:04","modified_gmt":"2025-11-13T22:03:04","slug":"pelipal-solitaire-7005-1236-cm-bathroom-cabinet-with-mirror","status":"publish","type":"product","link":"https:\/\/www.searchfurniture.co.uk\/shop-003\/product\/pelipal-solitaire-7005-1236-cm-bathroom-cabinet-with-mirror\/","title":{"rendered":"Pelipal Solitaire 7005 Badm\u00f6bel Waschtisch 123,6 cm Waschtischunterschrank Spiegelschrank"},"content":{"rendered":"<p>, nLieferumfang, falls keine \u00c4nderungen auf unserer Homepage vorgenommen wirdn- Mineralmarmor-Waschtisch schwarz-metallic, mit Armaturbohrung und integriertem \u00dcberlaufn- Griffe in Variante An- Waschtischunterschrank, H 48 cm B 119 cm T 49 cm -2 Ausz\u00fcge incl. Kosmetikeinsatz , Korpusausf\u00fchrung: Comfort N, Front- &amp; Korpusfarbe: Graphit Struktur n- Spiegel\/Spiegelschrank:Variante 1nVariante 1: Spiegelschrank inkl. LED-Lichtkranz, 12V LED, LM LED, 11,8W 3 Dreht\u00fcren, einfach verspiegelt, 6 glaseinlegeb\u00f6den, Schalter\/Steckdose Anschlag von links: R L LnVariante 2: Spiegelschrank inkl. LED-Beleuchtung im Kranz, 12V LED, LM LED, 6W 3 Dreht\u00fcren, einfach verspiegelt, 6 glaseinlegeb\u00f6den, Schalter\/Steckdose Kranztiefe: 285 mm\/Kranzbreite: 1200 mm Anschlag von links: R L LnVariante 3: Fl\u00e4chenspiegel auf Tr\u00e4gerplatte,Sensor-Schalter optional bestellbar (SCHALT-EB 03)nVariante 4: Spiegelschrank incl.Beleuchtung in den T\u00fcren ,12V LED,LM,LED,15,5W 3Dreht\u00fcren, einfach verspiegelt, 6 Glaseinlegeb\u00f6den,Schalter\/Steckdose Anschlag von links: R L L -LED-Zusatzbeleuchtung f\u00fcr Waschplatz gegen Aufpeis erh\u00e4ltlichnDer Mineralmarmor-Waschtisch bietet neben einer komfortablen Ablagefl\u00e4che und einem gro\u00dfz\u00fcgigen Becken, eine extravagante Form. Diese einzigartige Formsprache spiegelt sich auch in den Griffen wieder. Der Waschtisch ist auch in den Farben weiss und grau-metallic erh\u00e4ltlich. Die Spiegelschr\u00e4nke stehen ebenso wie die Unterschr\u00e4nke f\u00fcr modernes, aber dennoch zeitloses Design. Ger\u00e4umiger Stauraum, kombiniert mit den neu entwickelten Ordnungssystemen entspricht den Bed\u00fcrfnissen der heutigen Zeit genauso, wie die effektvolle und funktionelle Lichtgestaltung. Ein harmonisches Zusammenspiel von Funktionalit\u00e4t und modernem Design. Unsere M<br \/>\nWaschbecken<br \/>\nBadm\u00f6bel-Set<br \/>\n<div class=\"main-cross-sell\" data-asin=\"B00HKMFQO6\">\n\n\t<div class=\"WooZone-cross-sell-loader\">\n\t\t<div>\n\t\t\t<div id=\"floatingBarsG\">\n\t\t\t\t<div class=\"blockG\" id=\"rotateG_01\"><\/div>\n\t\t\t\t<div class=\"blockG\" id=\"rotateG_02\"><\/div>\n\t\t\t\t<div class=\"blockG\" id=\"rotateG_03\"><\/div>\n\t\t\t\t<div class=\"blockG\" id=\"rotateG_04\"><\/div>\n\t\t\t\t<div class=\"blockG\" id=\"rotateG_05\"><\/div>\n\t\t\t\t<div class=\"blockG\" id=\"rotateG_06\"><\/div>\n\t\t\t\t<div class=\"blockG\" id=\"rotateG_07\"><\/div>\n\t\t\t\t<div class=\"blockG\" id=\"rotateG_08\"><\/div>\n\t\t\t<\/div>\n\t\t\t<div class=\"WooZone-cross-sell-loader-text\"><\/div>\n\t\t<\/div>\n\t<\/div>\n\n\t\t\n<\/div>\n<div style=\"clear:both;\"><\/div><\/p>\n","protected":false},"excerpt":{"rendered":"<p>Waschbecken<br \/>\nBadm\u00f6bel-Set<\/p>\n","protected":false},"featured_media":30541,"comment_status":"open","ping_status":"closed","template":"","meta":[],"product_brand":[],"product_cat":[1452,20,18,19,19333],"product_tag":[],"class_list":{"0":"post-30540","1":"product","2":"type-product","3":"status-publish","4":"has-post-thumbnail","6":"product_cat-bathroom-furniture","7":"product_cat-furniture","8":"product_cat-home-and-garden","9":"product_cat-home-and-kitchen","10":"product_cat-wash-stands-and-vanity-units","11":"pa_brand-pelipal","12":"pa_ean-23592","13":"pa_ean-23846","14":"pa_eanlist-23593","15":"pa_eanlist-23847","16":"pa_label-pelipal","17":"pa_manufacturer-pelipal","18":"pa_mpn-1_7005_f4_1","19":"pa_mpn-1_7005_f4_2","20":"pa_partnumber-1_7005_f4_1","21":"pa_partnumber-1_7005_f4_2","22":"pa_productgroup-kitchen","23":"pa_producttypename-home_bed_and_bath","24":"pa_publisher-pelipal","25":"pa_studio-pelipal","27":"first","28":"instock","29":"shipping-taxable","30":"product-type-simple"},"_links":{"self":[{"href":"https:\/\/www.searchfurniture.co.uk\/shop-003\/wp-json\/wp\/v2\/product\/30540","targetHints":{"allow":["GET"]}}],"collection":[{"href":"https:\/\/www.searchfurniture.co.uk\/shop-003\/wp-json\/wp\/v2\/product"}],"about":[{"href":"https:\/\/www.searchfurniture.co.uk\/shop-003\/wp-json\/wp\/v2\/types\/product"}],"replies":[{"embeddable":true,"href":"https:\/\/www.searchfurniture.co.uk\/shop-003\/wp-json\/wp\/v2\/comments?post=30540"}],"wp:featuredmedia":[{"embeddable":true,"href":"https:\/\/www.searchfurniture.co.uk\/shop-003\/wp-json\/wp\/v2\/media\/30541"}],"wp:attachment":[{"href":"https:\/\/www.searchfurniture.co.uk\/shop-003\/wp-json\/wp\/v2\/media?parent=30540"}],"wp:term":[{"taxonomy":"product_brand","embeddable":true,"href":"https:\/\/www.searchfurniture.co.uk\/shop-003\/wp-json\/wp\/v2\/product_brand?post=30540"},{"taxonomy":"product_cat","embeddable":true,"href":"https:\/\/www.searchfurniture.co.uk\/shop-003\/wp-json\/wp\/v2\/product_cat?post=30540"},{"taxonomy":"product_tag","embeddable":true,"href":"https:\/\/www.searchfurniture.co.uk\/shop-003\/wp-json\/wp\/v2\/product_tag?post=30540"}],"curies":[{"name":"wp","href":"https:\/\/api.w.org\/{rel}","templated":true}]}}