{"id":30393,"date":"2017-09-01T15:52:07","date_gmt":"2017-09-01T15:52:07","guid":{"rendered":"https:\/\/www.searchfurniture.co.uk\/shop-003\/product\/pelipal-balto-tall-bl-06-bathroom-hs-comfort-n-60-x-168-x-33-cm\/"},"modified":"2025-11-13T22:00:56","modified_gmt":"2025-11-13T22:00:56","slug":"pelipal-balto-tall-bl-06-bathroom-hs-comfort-n-60-x-168-x-33-cm","status":"publish","type":"product","link":"https:\/\/www.searchfurniture.co.uk\/shop-003\/product\/pelipal-balto-tall-bl-06-bathroom-hs-comfort-n-60-x-168-x-33-cm\/","title":{"rendered":"PELIPAL Balto BL-HS 06 High Cabinet 60 x 168 x 33 cm"},"content":{"rendered":"<p> Pelipal Balto cabinet (Item No.: BL\u00a0&#8211;\u00a006\u00a04\u00a0HS<br \/> Curved doors<br \/> 4\u00a0Glass shelves<br \/> Dimensions: (W x H x D) 60\u00a0x 168\u00a0x 33\u00a0cm<br \/> Program: Balto<br \/> korpusausf\u00fchrung comfort: N = Metallzarge mechanism with drawers and 1\u00a0mm body, with rim, with schrankaufh\u00e4nger<br \/> Cap for Handle and button Available): (1-BL<br \/> (Polished Chrome Finish)<br \/> BL\u00a0&#8211;\u00a02\u00a0(Polished Chrome Finish)<br \/> Mounting: Hanging<br \/> Note: Product comes pr\u00e9-assembl\u00e9-veuillez check before order, make sure that your stairs the towel holder d\u00e9coration-lavabo, plumbing, and are not<br \/> lieferumfang.<br \/> Article from Pelipal kundenspezifisch are guaranteed to be of the highest quality and are not subject to the widerrufsrecht.<br \/> Pelipal products are subject to change and engineering techniques, progress has been as well as mistakes and tard. Color of the coloured for catalogues and dekorabbildungen can not the version covered with a wood look, and take a dekorverlauf between each frontteilen can not be guaranteed.<br \/>\npelipal quality means:<br \/>\nSeamless finish edges never gekannter quality with the latest technology not edges<br \/>\nHigh quality product certified by the Deutsche community M\u00f6bel E.V.<br \/>\nBrand New and High Quality<br \/>\n<div class=\"main-cross-sell\" data-asin=\"B00B768YVI\">\n\n\t<div class=\"WooZone-cross-sell-loader\">\n\t\t<div>\n\t\t\t<div id=\"floatingBarsG\">\n\t\t\t\t<div class=\"blockG\" id=\"rotateG_01\"><\/div>\n\t\t\t\t<div class=\"blockG\" id=\"rotateG_02\"><\/div>\n\t\t\t\t<div class=\"blockG\" id=\"rotateG_03\"><\/div>\n\t\t\t\t<div class=\"blockG\" id=\"rotateG_04\"><\/div>\n\t\t\t\t<div class=\"blockG\" id=\"rotateG_05\"><\/div>\n\t\t\t\t<div class=\"blockG\" id=\"rotateG_06\"><\/div>\n\t\t\t\t<div class=\"blockG\" id=\"rotateG_07\"><\/div>\n\t\t\t\t<div class=\"blockG\" id=\"rotateG_08\"><\/div>\n\t\t\t<\/div>\n\t\t\t<div class=\"WooZone-cross-sell-loader-text\"><\/div>\n\t\t<\/div>\n\t<\/div>\n\n\t\t\n<\/div>\n<div style=\"clear:both;\"><\/div><\/p>\n","protected":false},"excerpt":{"rendered":"<p>Tall cabinet, dimensions: (W x H x D) 60 x 168 x 33 cm<\/p>\n","protected":false},"featured_media":30394,"comment_status":"open","ping_status":"closed","template":"","meta":[],"product_brand":[],"product_cat":[1452,758,20,18,19,10003],"product_tag":[],"class_list":{"0":"post-30393","1":"product","2":"type-product","3":"status-publish","4":"has-post-thumbnail","6":"product_cat-bathroom-furniture","7":"product_cat-cabinets","8":"product_cat-furniture","9":"product_cat-home-and-garden","10":"product_cat-home-and-kitchen","11":"product_cat-tall-cupboards","12":"pa_brand-pelipal","13":"pa_ean-23500","14":"pa_eanlist-23501","15":"pa_itemdimensions-21535","16":"pa_label-pelipal","17":"pa_manufacturer-pelipal","18":"pa_mpn-bl-hs-06","19":"pa_partnumber-bl-hs-06","20":"pa_productgroup-kitchen","21":"pa_producttypename-home_furniture_and_decor","22":"pa_publisher-pelipal","23":"pa_studio-pelipal","25":"first","26":"instock","27":"shipping-taxable","28":"product-type-simple"},"_links":{"self":[{"href":"https:\/\/www.searchfurniture.co.uk\/shop-003\/wp-json\/wp\/v2\/product\/30393","targetHints":{"allow":["GET"]}}],"collection":[{"href":"https:\/\/www.searchfurniture.co.uk\/shop-003\/wp-json\/wp\/v2\/product"}],"about":[{"href":"https:\/\/www.searchfurniture.co.uk\/shop-003\/wp-json\/wp\/v2\/types\/product"}],"replies":[{"embeddable":true,"href":"https:\/\/www.searchfurniture.co.uk\/shop-003\/wp-json\/wp\/v2\/comments?post=30393"}],"wp:featuredmedia":[{"embeddable":true,"href":"https:\/\/www.searchfurniture.co.uk\/shop-003\/wp-json\/wp\/v2\/media\/30394"}],"wp:attachment":[{"href":"https:\/\/www.searchfurniture.co.uk\/shop-003\/wp-json\/wp\/v2\/media?parent=30393"}],"wp:term":[{"taxonomy":"product_brand","embeddable":true,"href":"https:\/\/www.searchfurniture.co.uk\/shop-003\/wp-json\/wp\/v2\/product_brand?post=30393"},{"taxonomy":"product_cat","embeddable":true,"href":"https:\/\/www.searchfurniture.co.uk\/shop-003\/wp-json\/wp\/v2\/product_cat?post=30393"},{"taxonomy":"product_tag","embeddable":true,"href":"https:\/\/www.searchfurniture.co.uk\/shop-003\/wp-json\/wp\/v2\/product_tag?post=30393"}],"curies":[{"name":"wp","href":"https:\/\/api.w.org\/{rel}","templated":true}]}}