{"id":30387,"date":"2017-09-01T15:52:02","date_gmt":"2017-09-01T15:52:02","guid":{"rendered":"https:\/\/www.searchfurniture.co.uk\/shop-003\/product\/pelipal-trentino-92-cm-natural-with-ceramic-basin-sink-vanity-unit-with-2-drawers-and-cupboard\/"},"modified":"2025-11-13T22:00:54","modified_gmt":"2025-11-13T22:00:54","slug":"pelipal-trentino-92-cm-natural-with-ceramic-basin-sink-vanity-unit-with-2-drawers-and-cupboard","status":"publish","type":"product","link":"https:\/\/www.searchfurniture.co.uk\/shop-003\/product\/pelipal-trentino-92-cm-natural-with-ceramic-basin-sink-vanity-unit-with-2-drawers-and-cupboard\/","title":{"rendered":"Pelipal Trentino 92cm natur mit Keramikwaschbecken, Unterschrank und Spiegelschrank, Badm\u00f6bel"},"content":{"rendered":"<p>Pelipal Trentino 92cm mit Keramikwaschbecken, Unterschrank mit einer Schublade und Spiegelschrank GeradeDie Badm\u00f6bel sind vormontiertFalls Sie keine \u00c4nderungen vornehmen liefern wie wie folgt:Front: Natur Struktur quer Korpus: Natur Struktur querGriffe: Chrom gl\u00e4nzendKorpusqualit\u00e4t: Comfort N: Schubkasten mit Vollauszug und D\u00e4mpfer (Softclose)Inkl. T\u00fcrd\u00e4mpfer f\u00fcr Spiegelschrank (Softclose) und Abdeckkappe f\u00fcr Schrankaufh\u00e4nger Schubk\u00e4sten mit MetallzargeKeramikwaschbecken 92cm Farbe: weiss mit HahnlochH\u00f6he 5cm x Breite 92 cm x Tiefe 48 cm Waschtischunterschrank mit 2 Ausz\u00fcgen oder 1 AuszugH\u00f6he 51cm x Breite 86 cm x Tiefe 42cmSpiegelschrank inkl LED Leuchte im Kranzboden3 Spiegelt\u00fcren, einfach verspiegelt mit 6 Glaseinlegeb\u00f6den und Schalter\/Steckdosen-ElementH\u00f6he 72,0 cm x Breite 90cm x Tiefe 20,0 cm<br \/>\nM\u00f6bel<br \/>\nSpiegelschrank<br \/>\n<div class=\"main-cross-sell\" data-asin=\"B00B7BYDU4\">\n\n\t<div class=\"WooZone-cross-sell-loader\">\n\t\t<div>\n\t\t\t<div id=\"floatingBarsG\">\n\t\t\t\t<div class=\"blockG\" id=\"rotateG_01\"><\/div>\n\t\t\t\t<div class=\"blockG\" id=\"rotateG_02\"><\/div>\n\t\t\t\t<div class=\"blockG\" id=\"rotateG_03\"><\/div>\n\t\t\t\t<div class=\"blockG\" id=\"rotateG_04\"><\/div>\n\t\t\t\t<div class=\"blockG\" id=\"rotateG_05\"><\/div>\n\t\t\t\t<div class=\"blockG\" id=\"rotateG_06\"><\/div>\n\t\t\t\t<div class=\"blockG\" id=\"rotateG_07\"><\/div>\n\t\t\t\t<div class=\"blockG\" id=\"rotateG_08\"><\/div>\n\t\t\t<\/div>\n\t\t\t<div class=\"WooZone-cross-sell-loader-text\"><\/div>\n\t\t<\/div>\n\t<\/div>\n\n\t\t\n<\/div>\n<div style=\"clear:both;\"><\/div><\/p>\n","protected":false},"excerpt":{"rendered":"<p>M\u00f6bel<br \/>\nSpiegelschrank<\/p>\n","protected":false},"featured_media":30388,"comment_status":"open","ping_status":"closed","template":"","meta":[],"product_brand":[],"product_cat":[1452,758,1453,20,18,19],"product_tag":[],"class_list":{"0":"post-30387","1":"product","2":"type-product","3":"status-publish","4":"has-post-thumbnail","6":"product_cat-bathroom-furniture","7":"product_cat-cabinets","8":"product_cat-floor-cabinets","9":"product_cat-furniture","10":"product_cat-home-and-garden","11":"product_cat-home-and-kitchen","12":"pa_brand-pelipal","13":"pa_ean-23498","14":"pa_eanlist-23499","15":"pa_label-pelipal","16":"pa_manufacturer-pelipal","17":"pa_mpn-a048843","18":"pa_partnumber-a048843","19":"pa_productgroup-kitchen","20":"pa_producttypename-home_bed_and_bath","21":"pa_publisher-pelipal","22":"pa_studio-pelipal","24":"first","25":"instock","26":"shipping-taxable","27":"product-type-simple"},"_links":{"self":[{"href":"https:\/\/www.searchfurniture.co.uk\/shop-003\/wp-json\/wp\/v2\/product\/30387","targetHints":{"allow":["GET"]}}],"collection":[{"href":"https:\/\/www.searchfurniture.co.uk\/shop-003\/wp-json\/wp\/v2\/product"}],"about":[{"href":"https:\/\/www.searchfurniture.co.uk\/shop-003\/wp-json\/wp\/v2\/types\/product"}],"replies":[{"embeddable":true,"href":"https:\/\/www.searchfurniture.co.uk\/shop-003\/wp-json\/wp\/v2\/comments?post=30387"}],"wp:featuredmedia":[{"embeddable":true,"href":"https:\/\/www.searchfurniture.co.uk\/shop-003\/wp-json\/wp\/v2\/media\/30388"}],"wp:attachment":[{"href":"https:\/\/www.searchfurniture.co.uk\/shop-003\/wp-json\/wp\/v2\/media?parent=30387"}],"wp:term":[{"taxonomy":"product_brand","embeddable":true,"href":"https:\/\/www.searchfurniture.co.uk\/shop-003\/wp-json\/wp\/v2\/product_brand?post=30387"},{"taxonomy":"product_cat","embeddable":true,"href":"https:\/\/www.searchfurniture.co.uk\/shop-003\/wp-json\/wp\/v2\/product_cat?post=30387"},{"taxonomy":"product_tag","embeddable":true,"href":"https:\/\/www.searchfurniture.co.uk\/shop-003\/wp-json\/wp\/v2\/product_tag?post=30387"}],"curies":[{"name":"wp","href":"https:\/\/api.w.org\/{rel}","templated":true}]}}