{"id":30216,"date":"2017-09-01T15:49:25","date_gmt":"2017-09-01T15:49:25","guid":{"rendered":"https:\/\/www.searchfurniture.co.uk\/shop-003\/product\/pelipal-action-block-with-ceramic-wash-basin-countertop-two-drawers-and-mirror-cabinet-ger\/"},"modified":"2025-11-13T21:58:49","modified_gmt":"2025-11-13T21:58:49","slug":"pelipal-action-block-with-ceramic-wash-basin-countertop-two-drawers-and-mirror-cabinet-ger","status":"publish","type":"product","link":"https:\/\/www.searchfurniture.co.uk\/shop-003\/product\/pelipal-action-block-with-ceramic-wash-basin-countertop-two-drawers-and-mirror-cabinet-ger\/","title":{"rendered":"Pelipal Aktionsblock mit Keramikwaschbecken, Unterschrank mit zwei Schubladen und Spiegelschrank Gerade Nr.11.817502"},"content":{"rendered":"<p>, Pelipal Aktionsblock mit Keramikwaschbecken, Unterschrank mit zwei Schubladen und Spiegelschrank Gerade. Die Badm\u00f6bel sind vormontiertnWir liefern wie folgt:n- Front: weiss hochgl\u00e4nzendn-Korpus: Eiche Natur Nachbildungn-Griffe: Chrom gl\u00e4nzendn-Keramikwaschbecken mit Hahnloch; Breite 75 cm n- Waschtischunterschrank mit zwei Ausz\u00fcgen; Breite 72 cmn-Spiegelschrank, einfach verspiegelt mit sechs Glaseinlegeb\u00f6den und Schalter7Steckdosen-Element; H\u00f6he 71 cm x 75 cm x 23 cmn<br \/>\nM\u00f6bel<br \/>\nBadm\u00f6bel<br \/>\n<div class=\"main-cross-sell\" data-asin=\"B00HKMFY20\">\n\n\t<div class=\"WooZone-cross-sell-loader\">\n\t\t<div>\n\t\t\t<div id=\"floatingBarsG\">\n\t\t\t\t<div class=\"blockG\" id=\"rotateG_01\"><\/div>\n\t\t\t\t<div class=\"blockG\" id=\"rotateG_02\"><\/div>\n\t\t\t\t<div class=\"blockG\" id=\"rotateG_03\"><\/div>\n\t\t\t\t<div class=\"blockG\" id=\"rotateG_04\"><\/div>\n\t\t\t\t<div class=\"blockG\" id=\"rotateG_05\"><\/div>\n\t\t\t\t<div class=\"blockG\" id=\"rotateG_06\"><\/div>\n\t\t\t\t<div class=\"blockG\" id=\"rotateG_07\"><\/div>\n\t\t\t\t<div class=\"blockG\" id=\"rotateG_08\"><\/div>\n\t\t\t<\/div>\n\t\t\t<div class=\"WooZone-cross-sell-loader-text\"><\/div>\n\t\t<\/div>\n\t<\/div>\n\n\t\t\n<\/div>\n<div style=\"clear:both;\"><\/div><\/p>\n","protected":false},"excerpt":{"rendered":"<p>M\u00f6bel<br \/>\nBadm\u00f6bel<\/p>\n","protected":false},"featured_media":30217,"comment_status":"open","ping_status":"closed","template":"","meta":[],"product_brand":[],"product_cat":[1452,20,18,19,19333],"product_tag":[],"class_list":{"0":"post-30216","1":"product","2":"type-product","3":"status-publish","4":"has-post-thumbnail","6":"product_cat-bathroom-furniture","7":"product_cat-furniture","8":"product_cat-home-and-garden","9":"product_cat-home-and-kitchen","10":"product_cat-wash-stands-and-vanity-units","11":"pa_brand-pelipal","12":"pa_ean-23383","13":"pa_eanlist-23384","14":"pa_label-pelipal","15":"pa_manufacturer-pelipal","16":"pa_mpn-11-817502","17":"pa_partnumber-11-817502","18":"pa_productgroup-kitchen","19":"pa_producttypename-home_bed_and_bath","20":"pa_publisher-pelipal","21":"pa_studio-pelipal","23":"first","24":"instock","25":"shipping-taxable","26":"product-type-simple"},"_links":{"self":[{"href":"https:\/\/www.searchfurniture.co.uk\/shop-003\/wp-json\/wp\/v2\/product\/30216","targetHints":{"allow":["GET"]}}],"collection":[{"href":"https:\/\/www.searchfurniture.co.uk\/shop-003\/wp-json\/wp\/v2\/product"}],"about":[{"href":"https:\/\/www.searchfurniture.co.uk\/shop-003\/wp-json\/wp\/v2\/types\/product"}],"replies":[{"embeddable":true,"href":"https:\/\/www.searchfurniture.co.uk\/shop-003\/wp-json\/wp\/v2\/comments?post=30216"}],"wp:featuredmedia":[{"embeddable":true,"href":"https:\/\/www.searchfurniture.co.uk\/shop-003\/wp-json\/wp\/v2\/media\/30217"}],"wp:attachment":[{"href":"https:\/\/www.searchfurniture.co.uk\/shop-003\/wp-json\/wp\/v2\/media?parent=30216"}],"wp:term":[{"taxonomy":"product_brand","embeddable":true,"href":"https:\/\/www.searchfurniture.co.uk\/shop-003\/wp-json\/wp\/v2\/product_brand?post=30216"},{"taxonomy":"product_cat","embeddable":true,"href":"https:\/\/www.searchfurniture.co.uk\/shop-003\/wp-json\/wp\/v2\/product_cat?post=30216"},{"taxonomy":"product_tag","embeddable":true,"href":"https:\/\/www.searchfurniture.co.uk\/shop-003\/wp-json\/wp\/v2\/product_tag?post=30216"}],"curies":[{"name":"wp","href":"https:\/\/api.w.org\/{rel}","templated":true}]}}