{"id":30092,"date":"2017-09-01T15:47:44","date_gmt":"2017-09-01T15:47:44","guid":{"rendered":"https:\/\/www.searchfurniture.co.uk\/shop-003\/product\/solitaire-6005-pelipal-bathroom-furniture-set-mirror-washbasin-cabinet-122-cm\/"},"modified":"2025-11-13T21:58:48","modified_gmt":"2025-11-13T21:58:48","slug":"solitaire-6005-pelipal-bathroom-furniture-set-mirror-washbasin-cabinet-122-cm","status":"publish","type":"product","link":"https:\/\/www.searchfurniture.co.uk\/shop-003\/product\/solitaire-6005-pelipal-bathroom-furniture-set-mirror-washbasin-cabinet-122-cm\/","title":{"rendered":"Solitaire 6005 Pelipal Badm\u00f6bel Set 122cm Waschtisch Waschtischunterschrank Spiegelschrank"},"content":{"rendered":"<p>, Der wei\u00dfe Keramik-Waschtisch bietet neben einer komfortablen Ablagefl\u00e4che und einem gro\u00dfz\u00fcgigen Becken, eine extravagante Form.Diese einzigartige Formsprache spiegelt sich auch in den Griffen wieder. Die Spiegelschr\u00e4nke stehen ebenso wie die Unterschr\u00e4nke f\u00fcr modernes, aber dennoch zeitloses Design. Ger\u00e4umiger Stauraum, kombiniert mit den neu entwickelten Ordnungssystemen entspricht den Bed\u00fcrfnissen der heutigen Zeit genauso, wie die effektvolle und funktionelle Lichtgestaltung.Ein harmonisches Zusammenspiel von Funktionalit\u00e4t und modernem Design.Lieferumfang, falls keine \u00c4nderungen auf unserer Homepage vorgenommen wird- Kermaik-Waschtisch wei\u00df, mit Armaturbohrung und integriertem \u00dcberlauf- Waschtischunterschrank, 2 Ausz\u00fcge, Korpusausf\u00fchrung: Comfort N, Front- &amp; Korpusfarbe: Castello Eiche quer Nachbildung- H\u00f6he 60 mm x Breite 1220 mm x Tiefe 515 mmSpiegel\/Spiegelschrank: Variante 1Folgende Varianten sind auf unserer Homepage m\u00f6glich:- Spiegel\/Spiegelschrank VariantenVariante 1:Spiegelschrankinkl. LED-Aufsatzleuchte, 12V LED, LM LED, 10W3 Dreht\u00fcren, einfach verspiegelt, mit Facettenschliff, 6 glaseinlegeb\u00f6den, Schalter\/SteckdoseAnschlag von links: R L LVariante 2:Spiegelschrankinkl. LED-Beleuchtung im Kranz, 12V LED, LM LED, 6W3 Dreht\u00fcren, einfach verspiegelt, 6 glaseinlegeb\u00f6den, Schalter\/SteckdoseKranztiefe: 285 mm\/Kranzbreite: 1220 mmAnschlag von links: R L LVariante 3:Fl\u00e4chenspiegelauf Tr\u00e4gerplatte, inkl. LED-Aufsatzleuchte, 12V LED, LM LED, 10WSensor-Schalter optional bestellbar (SCHALT-EB 03)<br \/>\nWaschbecken<br \/>\nBadm\u00f6bel-Set<br \/>\n<div class=\"main-cross-sell\" data-asin=\"B00HKMFMV8\">\n\n\t<div class=\"WooZone-cross-sell-loader\">\n\t\t<div>\n\t\t\t<div id=\"floatingBarsG\">\n\t\t\t\t<div class=\"blockG\" id=\"rotateG_01\"><\/div>\n\t\t\t\t<div class=\"blockG\" id=\"rotateG_02\"><\/div>\n\t\t\t\t<div class=\"blockG\" id=\"rotateG_03\"><\/div>\n\t\t\t\t<div class=\"blockG\" id=\"rotateG_04\"><\/div>\n\t\t\t\t<div class=\"blockG\" id=\"rotateG_05\"><\/div>\n\t\t\t\t<div class=\"blockG\" id=\"rotateG_06\"><\/div>\n\t\t\t\t<div class=\"blockG\" id=\"rotateG_07\"><\/div>\n\t\t\t\t<div class=\"blockG\" id=\"rotateG_08\"><\/div>\n\t\t\t<\/div>\n\t\t\t<div class=\"WooZone-cross-sell-loader-text\"><\/div>\n\t\t<\/div>\n\t<\/div>\n\n\t\t\n<\/div>\n<div style=\"clear:both;\"><\/div><\/p>\n","protected":false},"excerpt":{"rendered":"<p>Waschbecken<br \/>\nBadm\u00f6bel-Set<\/p>\n","protected":false},"featured_media":30093,"comment_status":"open","ping_status":"closed","template":"","meta":[],"product_brand":[],"product_cat":[20,18,19],"product_tag":[],"class_list":{"0":"post-30092","1":"product","2":"type-product","3":"status-publish","4":"has-post-thumbnail","6":"product_cat-furniture","7":"product_cat-home-and-garden","8":"product_cat-home-and-kitchen","9":"pa_brand-pelipal","10":"pa_ean-23461","11":"pa_ean-23305","12":"pa_ean-23614","13":"pa_ean-23790","14":"pa_ean-23854","15":"pa_eanlist-23462","16":"pa_eanlist-23306","17":"pa_eanlist-23615","18":"pa_eanlist-23791","19":"pa_eanlist-23855","20":"pa_label-pelipal","21":"pa_manufacturer-pelipal","22":"pa_material-type-silver","23":"pa_mpn-1_6005ag_f10_1","24":"pa_mpn-1_6005ag_f2_1","25":"pa_mpn-1_6005ag_f9_1","26":"pa_mpn-1_6005ag_nsps_f3_1","27":"pa_partnumber-1_6005ag_f10_1","28":"pa_partnumber-1_6005ag_f2_1","29":"pa_partnumber-1_6005ag_f9_1","30":"pa_partnumber-1_6005ag_nsps_f3_1","31":"pa_productgroup-kitchen","32":"pa_producttypename-home_bed_and_bath","33":"pa_publisher-pelipal","34":"pa_studio-pelipal","36":"first","37":"instock","38":"shipping-taxable","39":"product-type-simple"},"_links":{"self":[{"href":"https:\/\/www.searchfurniture.co.uk\/shop-003\/wp-json\/wp\/v2\/product\/30092","targetHints":{"allow":["GET"]}}],"collection":[{"href":"https:\/\/www.searchfurniture.co.uk\/shop-003\/wp-json\/wp\/v2\/product"}],"about":[{"href":"https:\/\/www.searchfurniture.co.uk\/shop-003\/wp-json\/wp\/v2\/types\/product"}],"replies":[{"embeddable":true,"href":"https:\/\/www.searchfurniture.co.uk\/shop-003\/wp-json\/wp\/v2\/comments?post=30092"}],"wp:featuredmedia":[{"embeddable":true,"href":"https:\/\/www.searchfurniture.co.uk\/shop-003\/wp-json\/wp\/v2\/media\/30093"}],"wp:attachment":[{"href":"https:\/\/www.searchfurniture.co.uk\/shop-003\/wp-json\/wp\/v2\/media?parent=30092"}],"wp:term":[{"taxonomy":"product_brand","embeddable":true,"href":"https:\/\/www.searchfurniture.co.uk\/shop-003\/wp-json\/wp\/v2\/product_brand?post=30092"},{"taxonomy":"product_cat","embeddable":true,"href":"https:\/\/www.searchfurniture.co.uk\/shop-003\/wp-json\/wp\/v2\/product_cat?post=30092"},{"taxonomy":"product_tag","embeddable":true,"href":"https:\/\/www.searchfurniture.co.uk\/shop-003\/wp-json\/wp\/v2\/product_tag?post=30092"}],"curies":[{"name":"wp","href":"https:\/\/api.w.org\/{rel}","templated":true}]}}