{"id":29939,"date":"2017-09-01T15:44:31","date_gmt":"2017-09-01T15:44:31","guid":{"rendered":"https:\/\/www.searchfurniture.co.uk\/shop-003\/product\/pelipal-cassca-bathroom-furniture-set-washbasin-cabinet-mirrored-bathroom-cabinet-100-cm-a036542\/"},"modified":"2025-11-13T21:56:47","modified_gmt":"2025-11-13T21:56:47","slug":"pelipal-cassca-bathroom-furniture-set-washbasin-cabinet-mirrored-bathroom-cabinet-100-cm-a036542","status":"publish","type":"product","link":"https:\/\/www.searchfurniture.co.uk\/shop-003\/product\/pelipal-cassca-bathroom-furniture-set-washbasin-cabinet-mirrored-bathroom-cabinet-100-cm-a036542\/","title":{"rendered":"Pelipal Cassca Badm\u00f6bel Set 100cm Waschtisch Waschtischunterschrank Spiegelschrank, A036542"},"content":{"rendered":"<p>, .Der wei\u00dfe Mineralmarmorwaschtisch ist in drei Gr\u00f6\u00dfen erh\u00e4ltlich und bietet neben einer komfortablen Ablagefl\u00e4che und einem gro\u00dfz\u00fcgigen Becken, eine extravagante Form.nnDiese einzigartige Formsprache spiegelt sich auch in den Griffen wieder. Die Spiegelschr\u00e4nke stehen ebenso wie die Unterschr\u00e4nke f\u00fcr modernes, aber dennoch zeitloses Design.nGer\u00e4umiger Stauraum, kombiniert mit den neu entwickelten Ordnungssystemen entspricht den Bed\u00fcrfnissen der heuten Zeit genauso, wie die effektvolle und funktionelle Lichtgestaltung.nnCassca &#8211; Ein harmonisches Zusammenspiel von Funktionalit\u00e4t und modernem Design.nnLieferumfang:nn- Mineralmarmorwaschtich wei\u00df, mit Armaturbohrung und integriertem \u00dcberlaufnn- Waschtischunterschrank 1 oder 2 Ausz\u00fcge aber mit Aufpreis! Breite 100cmnn- Spiegelschrank 3 T\u00fcren, einfach verspiegelt, Glaseinlegeb\u00f6den mit Schalter und Steckdosengeliefert wird Variante 1, falls keine \u00c4nderung mit Aufpreis vorgenommen wurde! (bei der Varinate 3 geh\u00f6rt die obere Leuchte nicht zum Lieferumfang und mu\u00df separat bestllt werden)nnLieferzeit ca. 5 WochennnFronten: Wei\u00df Hochglanz, Graphit Struktur quer, Schoko Struktur quer, Anthrazit Hochglanz, Schwarz matt,nnPinie Wei\u00df quer, Pinie Honig quer, Pinie Braun quer, Pinie Anthrazit quernKorpusvarianten: Wei\u00df Glanz, Graphit Struktur quer, Schoko Struktur quer, Anthrazit Seidenglanz, Schwarz,nPinie Wei\u00df quer, Pinie Honig quer, Pinie Braun quer, Pinie Anthrazit quernnFront und Korpus frei kombinierbarnB\u00fcgelgriff, Chrom Glanz fix zugeordnetnKorpusqualit\u00e4t:nBasis X: Schubkasten mit Faltzarge,nKorpus mit 1,0 mm KantenComfort N aber mit Aufpreis!: Schubkasten mit Metallzarge und SofteinzugnKorpus mit 1,0 mm Kantenincl. T\u00fcrd\u00e4mpfernAbdeckkappe f\u00fcr Schrankaufh\u00e4nger.nn<br \/>\nM\u00f6bel<br \/>\nWaschtischunterschrank<br \/>\n<div class=\"main-cross-sell\" data-asin=\"B00J7OBXQK\">\n\n\t<div class=\"WooZone-cross-sell-loader\">\n\t\t<div>\n\t\t\t<div id=\"floatingBarsG\">\n\t\t\t\t<div class=\"blockG\" id=\"rotateG_01\"><\/div>\n\t\t\t\t<div class=\"blockG\" id=\"rotateG_02\"><\/div>\n\t\t\t\t<div class=\"blockG\" id=\"rotateG_03\"><\/div>\n\t\t\t\t<div class=\"blockG\" id=\"rotateG_04\"><\/div>\n\t\t\t\t<div class=\"blockG\" id=\"rotateG_05\"><\/div>\n\t\t\t\t<div class=\"blockG\" id=\"rotateG_06\"><\/div>\n\t\t\t\t<div class=\"blockG\" id=\"rotateG_07\"><\/div>\n\t\t\t\t<div class=\"blockG\" id=\"rotateG_08\"><\/div>\n\t\t\t<\/div>\n\t\t\t<div class=\"WooZone-cross-sell-loader-text\"><\/div>\n\t\t<\/div>\n\t<\/div>\n\n\t\t\n<\/div>\n<div style=\"clear:both;\"><\/div><\/p>\n","protected":false},"excerpt":{"rendered":"<p>M\u00f6bel<br \/>\nWaschtischunterschrank<\/p>\n","protected":false},"featured_media":29940,"comment_status":"open","ping_status":"closed","template":"","meta":[],"product_brand":[],"product_cat":[1452,19437,20,18,19],"product_tag":[],"class_list":{"0":"post-29939","1":"product","2":"type-product","3":"status-publish","4":"has-post-thumbnail","6":"product_cat-bathroom-furniture","7":"product_cat-bathroom-furniture-sets","8":"product_cat-furniture","9":"product_cat-home-and-garden","10":"product_cat-home-and-kitchen","11":"pa_brand-pelipal","12":"pa_color-white","13":"pa_ean-23203","14":"pa_eanlist-23204","15":"pa_label-pelipal","16":"pa_manufacturer-pelipal","17":"pa_mpn-a036542","18":"pa_partnumber-a036542","19":"pa_productgroup-kitchen","20":"pa_producttypename-home_bed_and_bath","21":"pa_publisher-pelipal","22":"pa_studio-pelipal","24":"first","25":"instock","26":"shipping-taxable","27":"product-type-simple"},"_links":{"self":[{"href":"https:\/\/www.searchfurniture.co.uk\/shop-003\/wp-json\/wp\/v2\/product\/29939","targetHints":{"allow":["GET"]}}],"collection":[{"href":"https:\/\/www.searchfurniture.co.uk\/shop-003\/wp-json\/wp\/v2\/product"}],"about":[{"href":"https:\/\/www.searchfurniture.co.uk\/shop-003\/wp-json\/wp\/v2\/types\/product"}],"replies":[{"embeddable":true,"href":"https:\/\/www.searchfurniture.co.uk\/shop-003\/wp-json\/wp\/v2\/comments?post=29939"}],"wp:featuredmedia":[{"embeddable":true,"href":"https:\/\/www.searchfurniture.co.uk\/shop-003\/wp-json\/wp\/v2\/media\/29940"}],"wp:attachment":[{"href":"https:\/\/www.searchfurniture.co.uk\/shop-003\/wp-json\/wp\/v2\/media?parent=29939"}],"wp:term":[{"taxonomy":"product_brand","embeddable":true,"href":"https:\/\/www.searchfurniture.co.uk\/shop-003\/wp-json\/wp\/v2\/product_brand?post=29939"},{"taxonomy":"product_cat","embeddable":true,"href":"https:\/\/www.searchfurniture.co.uk\/shop-003\/wp-json\/wp\/v2\/product_cat?post=29939"},{"taxonomy":"product_tag","embeddable":true,"href":"https:\/\/www.searchfurniture.co.uk\/shop-003\/wp-json\/wp\/v2\/product_tag?post=29939"}],"curies":[{"name":"wp","href":"https:\/\/api.w.org\/{rel}","templated":true}]}}