{"id":29649,"date":"2017-09-01T15:39:11","date_gmt":"2017-09-01T15:39:11","guid":{"rendered":"https:\/\/www.searchfurniture.co.uk\/shop-003\/product\/pelipal-cassca-bathroom-furniture-set-140-cm-washstand-washstand-under-cupboard-bathroom-cabinet-a036543\/"},"modified":"2025-11-13T21:54:43","modified_gmt":"2025-11-13T21:54:43","slug":"pelipal-cassca-bathroom-furniture-set-140-cm-washstand-washstand-under-cupboard-bathroom-cabinet-a036543","status":"publish","type":"product","link":"https:\/\/www.searchfurniture.co.uk\/shop-003\/product\/pelipal-cassca-bathroom-furniture-set-140-cm-washstand-washstand-under-cupboard-bathroom-cabinet-a036543\/","title":{"rendered":"Pelipal Cassca Badm\u00f6bel Set 140cm Waschtisch Waschtischunterschrank Spiegelschrank, A036543"},"content":{"rendered":"<p>, Der wei\u00dfe Mineralmarmorwaschtisch ist in drei Gr\u00f6\u00dfen erh\u00e4ltlich und bietet neben einer komfortablennAblagefl\u00e4che und einem gro\u00dfz\u00fcgigen Becken, eine extravagante Form.nnDiese einzigartige Formsprache spiegelt sich auch in den Griffen wieder. Die Spiegelschr\u00e4nke stehennebenso wie die Unterschr\u00e4nke f\u00fcr modernes, aber dennoch zeitloses Design.nnGer\u00e4umiger Stauraum, kombiniert mit den neu entwickelten Ordnungssystemen entspricht dennBed\u00fcrfnissen der heutigen Zeit genauso, wie die effektvolle und funktionelle Lichtgestaltung.nnCassca &#8211; Ein harmonisches Zusammenspiel von Funktionalit\u00e4t und modernem Design.nnLieferumfang, falls keine \u00c4nderungen auf unserer Homepage vorgenommen wirdnn- Mineralmarmorwaschtich wei\u00df, mit Armaturbohrung und integriertem \u00dcberlaufnn- Waschtischunterschrank 1 oder 2 Ausz\u00fcge aber mit Aufpreis!nH\u00f6he \/ Breite \/ Tiefe 480 x 1390 x 500 mmnn- Spiegelschrank 3 T\u00fcren, einfach verspiegelt, Glaseinlegeb\u00f6den mit Schalter und Steckdosengeliefert wird Variante 2, falls keine \u00c4nderung mit Aufpreis vorgenommen wurde! nnFront + Korpus: Basis X in GraphitnnLieferzeit ca. 6 WochennnFronten: Wei\u00df Hochglanz, Graphit Struktur quer, Schoko Struktur quer,n Anthrazit Hochglanz, Schwarz matt, Pinie Wei\u00df quer, Pinie Honig quer,n Pinie Braun quer, Pinie Anthrazit quernnKorpusvarianten: Wei\u00df Glanz, Graphit Struktur quer, Schoko Struktur quer,n Anthrazit Seidenglanz, Schwarz, Pinie Wei\u00df quer, Pinie Honig quer,n Pinie Braun quer, Pinie Anthrazit quernnFront und Korpus frei kombinierbar, B\u00fcgelgriff, Chrom Glanz fix zugeordnetnKorpusqualit\u00e4t: Basis X: Schubkasten mit Faltzarge, Korpus mit 1,0 mm Kanten Comfort N aber mit Aufpreis!: Schubkasten mit Metallzarge und Softeinzugn Korpus mit 1,0 mm Kante incl. T\u00fcrd\u00e4mpfer Abdeckkappe f\u00fcr Schrankaufh\u00e4ngern<br \/>\nM\u00f6bel<br \/>\nWaschtischunterschrank<br \/>\n<div class=\"main-cross-sell\" data-asin=\"B00J6AB4WI\">\n\n\t<div class=\"WooZone-cross-sell-loader\">\n\t\t<div>\n\t\t\t<div id=\"floatingBarsG\">\n\t\t\t\t<div class=\"blockG\" id=\"rotateG_01\"><\/div>\n\t\t\t\t<div class=\"blockG\" id=\"rotateG_02\"><\/div>\n\t\t\t\t<div class=\"blockG\" id=\"rotateG_03\"><\/div>\n\t\t\t\t<div class=\"blockG\" id=\"rotateG_04\"><\/div>\n\t\t\t\t<div class=\"blockG\" id=\"rotateG_05\"><\/div>\n\t\t\t\t<div class=\"blockG\" id=\"rotateG_06\"><\/div>\n\t\t\t\t<div class=\"blockG\" id=\"rotateG_07\"><\/div>\n\t\t\t\t<div class=\"blockG\" id=\"rotateG_08\"><\/div>\n\t\t\t<\/div>\n\t\t\t<div class=\"WooZone-cross-sell-loader-text\"><\/div>\n\t\t<\/div>\n\t<\/div>\n\n\t\t\n<\/div>\n<div style=\"clear:both;\"><\/div><\/p>\n","protected":false},"excerpt":{"rendered":"<p>M\u00f6bel<br \/>\nWaschtischunterschrank<\/p>\n","protected":false},"featured_media":29650,"comment_status":"open","ping_status":"closed","template":"","meta":[],"product_brand":[],"product_cat":[1452,19437,20,18,19],"product_tag":[],"class_list":{"0":"post-29649","1":"product","2":"type-product","3":"status-publish","4":"has-post-thumbnail","6":"product_cat-bathroom-furniture","7":"product_cat-bathroom-furniture-sets","8":"product_cat-furniture","9":"product_cat-home-and-garden","10":"product_cat-home-and-kitchen","11":"pa_brand-pelipal","12":"pa_colour-grey","13":"pa_ean-23003","14":"pa_eanlist-23004","15":"pa_label-pelipal","16":"pa_manufacturer-pelipal","17":"pa_mpn-a036543","18":"pa_partnumber-a036543","19":"pa_productgroup-kitchen","20":"pa_producttypename-home_bed_and_bath","21":"pa_publisher-pelipal","22":"pa_studio-pelipal","24":"first","25":"instock","26":"shipping-taxable","27":"product-type-simple"},"_links":{"self":[{"href":"https:\/\/www.searchfurniture.co.uk\/shop-003\/wp-json\/wp\/v2\/product\/29649","targetHints":{"allow":["GET"]}}],"collection":[{"href":"https:\/\/www.searchfurniture.co.uk\/shop-003\/wp-json\/wp\/v2\/product"}],"about":[{"href":"https:\/\/www.searchfurniture.co.uk\/shop-003\/wp-json\/wp\/v2\/types\/product"}],"replies":[{"embeddable":true,"href":"https:\/\/www.searchfurniture.co.uk\/shop-003\/wp-json\/wp\/v2\/comments?post=29649"}],"wp:featuredmedia":[{"embeddable":true,"href":"https:\/\/www.searchfurniture.co.uk\/shop-003\/wp-json\/wp\/v2\/media\/29650"}],"wp:attachment":[{"href":"https:\/\/www.searchfurniture.co.uk\/shop-003\/wp-json\/wp\/v2\/media?parent=29649"}],"wp:term":[{"taxonomy":"product_brand","embeddable":true,"href":"https:\/\/www.searchfurniture.co.uk\/shop-003\/wp-json\/wp\/v2\/product_brand?post=29649"},{"taxonomy":"product_cat","embeddable":true,"href":"https:\/\/www.searchfurniture.co.uk\/shop-003\/wp-json\/wp\/v2\/product_cat?post=29649"},{"taxonomy":"product_tag","embeddable":true,"href":"https:\/\/www.searchfurniture.co.uk\/shop-003\/wp-json\/wp\/v2\/product_tag?post=29649"}],"curies":[{"name":"wp","href":"https:\/\/api.w.org\/{rel}","templated":true}]}}