{"id":29607,"date":"2017-09-01T15:38:39","date_gmt":"2017-09-01T15:38:39","guid":{"rendered":"https:\/\/www.searchfurniture.co.uk\/shop-003\/product\/pelipal-sonic-bathroom-furniture-set-with-mirror-cabinet-nr-1_si_f22_1\/"},"modified":"2025-11-13T21:54:43","modified_gmt":"2025-11-13T21:54:43","slug":"pelipal-sonic-bathroom-furniture-set-with-mirror-cabinet-nr-1_si_f22_1","status":"publish","type":"product","link":"https:\/\/www.searchfurniture.co.uk\/shop-003\/product\/pelipal-sonic-bathroom-furniture-set-with-mirror-cabinet-nr-1_si_f22_1\/","title":{"rendered":"Sonic Pelipal Badm\u00f6bel Set 91cm mit Spiegelschrank Nr.1_SI_F22_1"},"content":{"rendered":"<p>, nLieferumfang, falls keine \u00c4nderungen auf unserer Homepage vorgenommen werden:n Mineralmarmor-Waschtisch, wei\u00df, H\u00f6he 1.5 cm Breite: 91,0 cm Tiefe 50 cm, mit Armaturbohrung und integriertem \u00dcberlauf (Variante 2)n Spiegelschrank doppelt verspiegelt inkl.LED-Aufsatzleuchten Waschtischunterschrank Variante 2: 2 Ausz\u00fcge H\u00f6he:48 cm Breite 88 cm Tiefe 49 cm,Korpusausf\u00fchrung:BasisX\/Comfort N,Front &amp;Korpusfarbe: Graphit Struktur quer NachbildungnDer Waschtischunterschrank ist auch mit einer Tiefe von 48 cm (Variante 1) erh\u00e4ltlich.nDer Mineralmarmorwaschtisch ist auch in folgender Gr\u00f6\u00dfe erh\u00e4ltlich: H\u00f6he 2.0 cm Breite:91 cm, Tiefe 50 cm (Variante 1)nAu\u00dferdem besteht alternativ auch die Variante eines Glaswaschbeckens gegen Aufpreis.nDer Mineralmarmorwaschtisch bietet neben einer Ablagefl\u00e4che und einem gro\u00dfz\u00fcgigen Becken, eine extravagante Form. Diese einzigartige Formsprache spiegelt sich auch in den Griffen wieder. Die Spiegelschr\u00e4nke stehen ebenso wie die Unterschr\u00e4nke f\u00fcr modernes, aber dennoch zeitloses Design. Ger\u00e4umiger Stauraum, kombiniert mit den neu entwickelten Ordnungssystemen entspricht den Bed\u00fcrfnissen der heutigen Zeit genauso, wie die effektvolle und funktionelle Lichtgestaltung. Ein harmonisches Zusammenspiel von Funktionalit\u00e4t und modernem Design. Unsere M\u00f6bel werden mit hochwertigen Glaseinlegeb\u00f6den geliefert. Bei den Waschbeckenunterschr\u00e4nken wird ein Einlegeboden in Korpusdekor eingesetzt.nBei der Korpusqualit\u00e4t k\u00f6nnen Sie zwischen Basis X und Comfort w\u00e4hlen. Comfort gegen Aufpreis. nBasis X:Schubkasten mit Faltzarge, Korpus mit 1,0 mm KantenComfort:Schubkasten mit Metallzarge und Softeinzug, Korpus mit1,0 mm Kante, inkl. T\u00fcrd\u00e4mpfer, Abdeckplatte f\u00fcr Schrankaufh\u00e4nger<br \/>\nM\u00f6bel<br \/>\nBadm\u00f6bel-Set<br \/>\n<div class=\"main-cross-sell\" data-asin=\"B00HKMFULK\">\n\n\t<div class=\"WooZone-cross-sell-loader\">\n\t\t<div>\n\t\t\t<div id=\"floatingBarsG\">\n\t\t\t\t<div class=\"blockG\" id=\"rotateG_01\"><\/div>\n\t\t\t\t<div class=\"blockG\" id=\"rotateG_02\"><\/div>\n\t\t\t\t<div class=\"blockG\" id=\"rotateG_03\"><\/div>\n\t\t\t\t<div class=\"blockG\" id=\"rotateG_04\"><\/div>\n\t\t\t\t<div class=\"blockG\" id=\"rotateG_05\"><\/div>\n\t\t\t\t<div class=\"blockG\" id=\"rotateG_06\"><\/div>\n\t\t\t\t<div class=\"blockG\" id=\"rotateG_07\"><\/div>\n\t\t\t\t<div class=\"blockG\" id=\"rotateG_08\"><\/div>\n\t\t\t<\/div>\n\t\t\t<div class=\"WooZone-cross-sell-loader-text\"><\/div>\n\t\t<\/div>\n\t<\/div>\n\n\t\t\n<\/div>\n<div style=\"clear:both;\"><\/div><\/p>\n","protected":false},"excerpt":{"rendered":"<p>M\u00f6bel<br \/>\nBadm\u00f6bel-Set<\/p>\n","protected":false},"featured_media":29608,"comment_status":"open","ping_status":"closed","template":"","meta":[],"product_brand":[],"product_cat":[20,18,19],"product_tag":[],"class_list":{"0":"post-29607","1":"product","2":"type-product","3":"status-publish","4":"has-post-thumbnail","6":"product_cat-furniture","7":"product_cat-home-and-garden","8":"product_cat-home-and-kitchen","9":"pa_brand-pelipal","10":"pa_ean-22971","11":"pa_eanlist-22972","12":"pa_label-pelipal","13":"pa_manufacturer-pelipal","14":"pa_mpn-1_si_f22_1","15":"pa_partnumber-1_si_f22_1","16":"pa_productgroup-kitchen","17":"pa_producttypename-home_bed_and_bath","18":"pa_publisher-pelipal","19":"pa_studio-pelipal","21":"first","22":"instock","23":"shipping-taxable","24":"product-type-simple"},"_links":{"self":[{"href":"https:\/\/www.searchfurniture.co.uk\/shop-003\/wp-json\/wp\/v2\/product\/29607","targetHints":{"allow":["GET"]}}],"collection":[{"href":"https:\/\/www.searchfurniture.co.uk\/shop-003\/wp-json\/wp\/v2\/product"}],"about":[{"href":"https:\/\/www.searchfurniture.co.uk\/shop-003\/wp-json\/wp\/v2\/types\/product"}],"replies":[{"embeddable":true,"href":"https:\/\/www.searchfurniture.co.uk\/shop-003\/wp-json\/wp\/v2\/comments?post=29607"}],"wp:featuredmedia":[{"embeddable":true,"href":"https:\/\/www.searchfurniture.co.uk\/shop-003\/wp-json\/wp\/v2\/media\/29608"}],"wp:attachment":[{"href":"https:\/\/www.searchfurniture.co.uk\/shop-003\/wp-json\/wp\/v2\/media?parent=29607"}],"wp:term":[{"taxonomy":"product_brand","embeddable":true,"href":"https:\/\/www.searchfurniture.co.uk\/shop-003\/wp-json\/wp\/v2\/product_brand?post=29607"},{"taxonomy":"product_cat","embeddable":true,"href":"https:\/\/www.searchfurniture.co.uk\/shop-003\/wp-json\/wp\/v2\/product_cat?post=29607"},{"taxonomy":"product_tag","embeddable":true,"href":"https:\/\/www.searchfurniture.co.uk\/shop-003\/wp-json\/wp\/v2\/product_tag?post=29607"}],"curies":[{"name":"wp","href":"https:\/\/api.w.org\/{rel}","templated":true}]}}