{"id":29604,"date":"2017-09-01T15:38:37","date_gmt":"2017-09-01T15:38:37","guid":{"rendered":"https:\/\/www.searchfurniture.co.uk\/shop-003\/product\/pelipal-sonic-bathroom-furniture-set-91-cm-with-feature-mirror-1_si_f11-nr\/"},"modified":"2025-11-13T21:54:42","modified_gmt":"2025-11-13T21:54:42","slug":"pelipal-sonic-bathroom-furniture-set-91-cm-with-feature-mirror-1_si_f11-nr","status":"publish","type":"product","link":"https:\/\/www.searchfurniture.co.uk\/shop-003\/product\/pelipal-sonic-bathroom-furniture-set-91-cm-with-feature-mirror-1_si_f11-nr\/","title":{"rendered":"Pelipal Sonic Badm\u00f6bel Set 91cm mit Funktionsspiegel Nr.1_SI_F11"},"content":{"rendered":"<p>, Lieferumfang, falls keine \u00c4nderungen auf unserer Homepage vorgenommen werden:n Mineralmarmor-Waschtisch, wei\u00df, H\u00f6he 2 cm Breite: 91,8 cm Tiefe 50 cm, mit Armaturbohrung und integriertem \u00dcberlauf (Variante 1)n Funktionsspiegel auf Tr\u00e4gerplatte, Sensor-Schalter optinal bestellbar (SCHALT-EB 03) f\u00fcr Ausatzleuchtenn Waschtischunterschrank Variante 1: 2 Ausz\u00fcge H\u00f6he:48 cm Breite 88 cm Tiefe 48 cm,Korpusausf\u00fchrung:BasisX\/Comfort N,Front &amp;Korpusfarbe:Pinie Honig quer NachbildungnDer Waschtischunterschrank ist auch mit einer Tiefe von 49 cm (Variante 2) erh\u00e4ltlich.nDer Mineralmarmorwaschtisch ist auch in folgender Gr\u00f6\u00dfe erh\u00e4ltlich: H\u00f6he 1,5 cm Breite:91 cm, Tiefe 50 cm (Variante 2)nAu\u00dferdem besteht alternativ auch die Variante eines Glaswaschbeckens gegen Aufpreis.nDer Mineralmarmorwaschtisch bietet neben einer Ablagefl\u00e4che und einem gro\u00dfz\u00fcgigen Becken, eine extravagante Form. Diese einzigartige Formsprache spiegelt sich auch in den Griffen wieder. Die Spiegelschr\u00e4nke stehen ebenso wie die Unterschr\u00e4nke f\u00fcr modernes, aber dennoch zeitloses Design. Ger\u00e4umiger Stauraum, kombiniert mit den neu entwickelten Ordnungssystemen entspricht den Bed\u00fcrfnissen der heutigen Zeit genauso, wie die effektvolle und funktionelle Lichtgestaltung. Ein harmonisches Zusammenspiel von Funktionalit\u00e4t und modernem Design. Unsere M\u00f6bel werden mit hochwertigen Glaseinlegeb\u00f6den geliefert. Bei den Waschbeckenunterschr\u00e4nken wird ein Einlegeboden in Korpusdekor eingesetzt.nBei denSpiegeln\/Spiegelschr\u00e4nken k\u00f6nnen Sie zwischen folgenden Varianten w\u00e4hlen:nVariante 1: Funktionsspiegel auf Tr\u00e4gerplatte, Sensor Schalter optional bestellbar (SCHALTER-EB03)nVariante 2:Funktionsspiegel auf Glasscheibe un Dekortr\u00e4gerplatte<br \/>\nM\u00f6bel<br \/>\nBadm\u00f6bel-Set<br \/>\n<div class=\"main-cross-sell\" data-asin=\"B00HKMGZEQ\">\n\n\t<div class=\"WooZone-cross-sell-loader\">\n\t\t<div>\n\t\t\t<div id=\"floatingBarsG\">\n\t\t\t\t<div class=\"blockG\" id=\"rotateG_01\"><\/div>\n\t\t\t\t<div class=\"blockG\" id=\"rotateG_02\"><\/div>\n\t\t\t\t<div class=\"blockG\" id=\"rotateG_03\"><\/div>\n\t\t\t\t<div class=\"blockG\" id=\"rotateG_04\"><\/div>\n\t\t\t\t<div class=\"blockG\" id=\"rotateG_05\"><\/div>\n\t\t\t\t<div class=\"blockG\" id=\"rotateG_06\"><\/div>\n\t\t\t\t<div class=\"blockG\" id=\"rotateG_07\"><\/div>\n\t\t\t\t<div class=\"blockG\" id=\"rotateG_08\"><\/div>\n\t\t\t<\/div>\n\t\t\t<div class=\"WooZone-cross-sell-loader-text\"><\/div>\n\t\t<\/div>\n\t<\/div>\n\n\t\t\n<\/div>\n<div style=\"clear:both;\"><\/div><\/p>\n","protected":false},"excerpt":{"rendered":"<p>M\u00f6bel<br \/>\nBadm\u00f6bel-Set<\/p>\n","protected":false},"featured_media":29605,"comment_status":"open","ping_status":"closed","template":"","meta":[],"product_brand":[],"product_cat":[18,19],"product_tag":[],"class_list":{"0":"post-29604","1":"product","2":"type-product","3":"status-publish","4":"has-post-thumbnail","6":"product_cat-home-and-garden","7":"product_cat-home-and-kitchen","8":"pa_brand-pelipal","9":"pa_ean-22967","10":"pa_eanlist-22968","11":"pa_label-pelipal","12":"pa_manufacturer-pelipal","13":"pa_mpn-1_si_f11","14":"pa_partnumber-1_si_f11","15":"pa_productgroup-kitchen","16":"pa_producttypename-home_bed_and_bath","17":"pa_publisher-pelipal","18":"pa_studio-pelipal","20":"first","21":"instock","22":"shipping-taxable","23":"product-type-simple"},"_links":{"self":[{"href":"https:\/\/www.searchfurniture.co.uk\/shop-003\/wp-json\/wp\/v2\/product\/29604","targetHints":{"allow":["GET"]}}],"collection":[{"href":"https:\/\/www.searchfurniture.co.uk\/shop-003\/wp-json\/wp\/v2\/product"}],"about":[{"href":"https:\/\/www.searchfurniture.co.uk\/shop-003\/wp-json\/wp\/v2\/types\/product"}],"replies":[{"embeddable":true,"href":"https:\/\/www.searchfurniture.co.uk\/shop-003\/wp-json\/wp\/v2\/comments?post=29604"}],"wp:featuredmedia":[{"embeddable":true,"href":"https:\/\/www.searchfurniture.co.uk\/shop-003\/wp-json\/wp\/v2\/media\/29605"}],"wp:attachment":[{"href":"https:\/\/www.searchfurniture.co.uk\/shop-003\/wp-json\/wp\/v2\/media?parent=29604"}],"wp:term":[{"taxonomy":"product_brand","embeddable":true,"href":"https:\/\/www.searchfurniture.co.uk\/shop-003\/wp-json\/wp\/v2\/product_brand?post=29604"},{"taxonomy":"product_cat","embeddable":true,"href":"https:\/\/www.searchfurniture.co.uk\/shop-003\/wp-json\/wp\/v2\/product_cat?post=29604"},{"taxonomy":"product_tag","embeddable":true,"href":"https:\/\/www.searchfurniture.co.uk\/shop-003\/wp-json\/wp\/v2\/product_tag?post=29604"}],"curies":[{"name":"wp","href":"https:\/\/api.w.org\/{rel}","templated":true}]}}