{"id":29086,"date":"2017-09-01T15:30:09","date_gmt":"2017-09-01T15:30:09","guid":{"rendered":"https:\/\/www.searchfurniture.co.uk\/shop-003\/product\/pelipal-focus-3050-new-65-cm-white-gloss-vanity-unit-with-ceramic-basin-vanity-unit-and-mirror-cabinet-bathroom-furniture\/"},"modified":"2025-11-13T21:48:43","modified_gmt":"2025-11-13T21:48:43","slug":"pelipal-focus-3050-new-65-cm-white-gloss-vanity-unit-with-ceramic-basin-vanity-unit-and-mirror-cabinet-bathroom-furniture","status":"publish","type":"product","link":"https:\/\/www.searchfurniture.co.uk\/shop-003\/product\/pelipal-focus-3050-new-65-cm-white-gloss-vanity-unit-with-ceramic-basin-vanity-unit-and-mirror-cabinet-bathroom-furniture\/","title":{"rendered":"Pelipal Fokus 3050 Neu 65cm mit Keramikwaschbecken, Unterschrank und Spiegelschrank, Badm\u00f6bel"},"content":{"rendered":"<p>Pelipal Fokus 3050 65 cm mit Keramikwaschtisch, Unterschrank mit zwei Schubladen und Spiegelschrank gerade Die Badm\u00f6bel sind vormontiert Falls Sie keine \u00c4nderungen vornehmen liefern wie wie folgt: Front: Graphit Struktur quer Korpus: Graphit Struktur quer Griffe: Chrom gl\u00e4nzend Waschtischunterschrank mit 2 Ausz\u00fcgen H\u00f6he 52 cm x Breite 60 cm x Tiefe 41 cm LED Beleuchtung mit Aufpreis Spiegelschrank mit LED Leuchte 2 Spiegelt\u00fcren, einfach verspiegelt mit 2 Einlegeb\u00f6den und Schalter\/Steckdosen-Element H\u00f6he 70 cm x Breite 66 cm x Tiefe 16 cm Keramikwaschtisch A wei\u00df H\u00f6he 9,5 cm x Breite 65 cm x Tiefe 45 cm Auf Wunsch: Glaswaschbecken oder Mineral-Marmorwaschtisch lieferbar Korpus Korpusqualit\u00e4t in verschiedenen Farbstellungen bzw. Dekoren, Materialst\u00e4rke 16 mm Korpusausf\u00fchrung: &#8211; Fronten mit Griff &#8211; Schubkasten teilweise mit Metallzarge und Softeinzug &#8211; Korpus mit 1,0 mm Kante &#8211; Ganzmetall-Schnellmontagescharnier R\u00fcckw\u00e4nde Die R\u00fcckw\u00e4nde der Korpen sind nach innen gesetzt, damit bis zur Zimmerwand gen\u00fcgend Raum f\u00fcr die notwendige Luftzirkulation verbleibt. Aufh\u00e4ngevorrichtung Wir setzen einen montagefreundlichen Aufh\u00e4ngebeschlag ein.<br \/>\nM\u00f6bel<br \/>\nBadm\u00f6bel-Set<br \/>\n<div class=\"main-cross-sell\" data-asin=\"B01NCTEJB2\">\n\n\t<div class=\"WooZone-cross-sell-loader\">\n\t\t<div>\n\t\t\t<div id=\"floatingBarsG\">\n\t\t\t\t<div class=\"blockG\" id=\"rotateG_01\"><\/div>\n\t\t\t\t<div class=\"blockG\" id=\"rotateG_02\"><\/div>\n\t\t\t\t<div class=\"blockG\" id=\"rotateG_03\"><\/div>\n\t\t\t\t<div class=\"blockG\" id=\"rotateG_04\"><\/div>\n\t\t\t\t<div class=\"blockG\" id=\"rotateG_05\"><\/div>\n\t\t\t\t<div class=\"blockG\" id=\"rotateG_06\"><\/div>\n\t\t\t\t<div class=\"blockG\" id=\"rotateG_07\"><\/div>\n\t\t\t\t<div class=\"blockG\" id=\"rotateG_08\"><\/div>\n\t\t\t<\/div>\n\t\t\t<div class=\"WooZone-cross-sell-loader-text\"><\/div>\n\t\t<\/div>\n\t<\/div>\n\n\t\t\n<\/div>\n<div style=\"clear:both;\"><\/div><\/p>\n","protected":false},"excerpt":{"rendered":"<p>M\u00f6bel<br \/>\nBadm\u00f6bel-Set<\/p>\n","protected":false},"featured_media":29087,"comment_status":"open","ping_status":"closed","template":"","meta":[],"product_brand":[],"product_cat":[1452,20,18,19,19333],"product_tag":[],"class_list":{"0":"post-29086","1":"product","2":"type-product","3":"status-publish","4":"has-post-thumbnail","6":"product_cat-bathroom-furniture","7":"product_cat-furniture","8":"product_cat-home-and-garden","9":"product_cat-home-and-kitchen","10":"product_cat-wash-stands-and-vanity-units","11":"pa_brand-pelipal","12":"pa_ean-22619","13":"pa_eanlist-22620","14":"pa_label-pelipal","15":"pa_manufacturer-pelipal","16":"pa_mpn-fokus305060alt","17":"pa_partnumber-fokus305060alt","18":"pa_productgroup-kitchen","19":"pa_producttypename-home_bed_and_bath","20":"pa_publisher-pelipal","21":"pa_studio-pelipal","23":"first","24":"instock","25":"shipping-taxable","26":"product-type-simple"},"_links":{"self":[{"href":"https:\/\/www.searchfurniture.co.uk\/shop-003\/wp-json\/wp\/v2\/product\/29086","targetHints":{"allow":["GET"]}}],"collection":[{"href":"https:\/\/www.searchfurniture.co.uk\/shop-003\/wp-json\/wp\/v2\/product"}],"about":[{"href":"https:\/\/www.searchfurniture.co.uk\/shop-003\/wp-json\/wp\/v2\/types\/product"}],"replies":[{"embeddable":true,"href":"https:\/\/www.searchfurniture.co.uk\/shop-003\/wp-json\/wp\/v2\/comments?post=29086"}],"wp:featuredmedia":[{"embeddable":true,"href":"https:\/\/www.searchfurniture.co.uk\/shop-003\/wp-json\/wp\/v2\/media\/29087"}],"wp:attachment":[{"href":"https:\/\/www.searchfurniture.co.uk\/shop-003\/wp-json\/wp\/v2\/media?parent=29086"}],"wp:term":[{"taxonomy":"product_brand","embeddable":true,"href":"https:\/\/www.searchfurniture.co.uk\/shop-003\/wp-json\/wp\/v2\/product_brand?post=29086"},{"taxonomy":"product_cat","embeddable":true,"href":"https:\/\/www.searchfurniture.co.uk\/shop-003\/wp-json\/wp\/v2\/product_cat?post=29086"},{"taxonomy":"product_tag","embeddable":true,"href":"https:\/\/www.searchfurniture.co.uk\/shop-003\/wp-json\/wp\/v2\/product_tag?post=29086"}],"curies":[{"name":"wp","href":"https:\/\/api.w.org\/{rel}","templated":true}]}}