{"id":28752,"date":"2017-09-01T15:26:17","date_gmt":"2017-09-01T15:26:17","guid":{"rendered":"https:\/\/www.searchfurniture.co.uk\/shop-003\/product\/pelipal-bathroom-furniture-washstand-7005-solitaire-84-5-cm-washstand-under-cupboard-bathroom-cabinet\/"},"modified":"2025-11-13T21:46:44","modified_gmt":"2025-11-13T21:46:44","slug":"pelipal-bathroom-furniture-washstand-7005-solitaire-84-5-cm-washstand-under-cupboard-bathroom-cabinet","status":"publish","type":"product","link":"https:\/\/www.searchfurniture.co.uk\/shop-003\/product\/pelipal-bathroom-furniture-washstand-7005-solitaire-84-5-cm-washstand-under-cupboard-bathroom-cabinet\/","title":{"rendered":"Pelipal Solitaire 7005 Badm\u00f6bel Waschtisch 84,5 cm Waschtischunterschrank Spiegelschrank"},"content":{"rendered":"<p>, nLieferumfang, falls keine \u00c4nderungen auf unserer Homepage vorgenommen wirdn- Mineralmarmor-Waschtisch wei\u00df, mit Armaturbohrung und integriertem \u00dcberlaufn- Griffe in Variante An- Waschtischunterschrank, H 48 cm B 80 cm T 49 cm -2 Ausz\u00fcge incl. Kosmetikeinsatz , Korpusausf\u00fchrung: Comfort N, Front- &amp; Korpusfarbe: Sanremo n- Spiegel\/Spiegelschrank:Variante 1nVariante 1: Spiegelschrank inkl. LED-Lichtkranz, 12V LED, LM LED, 8W 3 Dreht\u00fcren, einfach verspiegelt, 6 glaseinlegeb\u00f6den, Schalter\/Steckdose Anschlag von links: R L LnVariante 2: Spiegelschrank inkl. LED-Beleuchtung im Kranz, 12V LED, LM LED, 4W 3 Dreht\u00fcren, einfach verspiegelt, 6 glaseinlegeb\u00f6den, Schalter\/Steckdose Kranztiefe: 271 mm\/Kranzbreite: 800 mm Anschlag von links: R L LnVariante 3: Fl\u00e4chenspiegel auf Tr\u00e4gerplatte, Sensor-Schalter optional bestellbar (SCHALT-EB 03)nVariante 4: Spiegelschrank incl.Beleuchtung in den T\u00fcren ,12V LED,LM,LED,11,5W 2Dreht\u00fcren, einfach verspiegelt, 2Glaseinlegeb\u00f6den,Schalter\/Steckdose Anschlag von links: R L L -LED-Zusatzbeleuchtung f\u00fcr Waschplatz gegen Aufpeis erh\u00e4ltlichnDer wei\u00dfe Mineralmarmor-Waschtisch bietet neben einer komfortablen Ablagefl\u00e4che und einem gro\u00dfz\u00fcgigen Becken, eine extravagante Form. Diese einzigartige Formsprache spiegelt sich auch in den Griffen wieder. Gegen Aufpreis ist der Waschtisch auch in den Farben grau-Metallic und schwarz-Metallic erh\u00e4ltlich. Die Spiegelschr\u00e4nke stehen ebenso wie die Unterschr\u00e4nke f\u00fcr modernes, aber dennoch zeitloses Design. Ger\u00e4umiger Stauraum, kombiniert mit den neu entwickelten Ordnungssystemen entspricht den Bed\u00fcrfnissen der heutigen Zeit genauso, wie die effektvolle und funktionelle Lichtgestaltung. Ein harmonisches Zusammenspiel von Funktionalit\u00e4t und mode<br \/>\nWaschbecken<br \/>\nBadm\u00f6bel-Set<br \/>\n<div class=\"main-cross-sell\" data-asin=\"B00HKMFSBM\">\n\n\t<div class=\"WooZone-cross-sell-loader\">\n\t\t<div>\n\t\t\t<div id=\"floatingBarsG\">\n\t\t\t\t<div class=\"blockG\" id=\"rotateG_01\"><\/div>\n\t\t\t\t<div class=\"blockG\" id=\"rotateG_02\"><\/div>\n\t\t\t\t<div class=\"blockG\" id=\"rotateG_03\"><\/div>\n\t\t\t\t<div class=\"blockG\" id=\"rotateG_04\"><\/div>\n\t\t\t\t<div class=\"blockG\" id=\"rotateG_05\"><\/div>\n\t\t\t\t<div class=\"blockG\" id=\"rotateG_06\"><\/div>\n\t\t\t\t<div class=\"blockG\" id=\"rotateG_07\"><\/div>\n\t\t\t\t<div class=\"blockG\" id=\"rotateG_08\"><\/div>\n\t\t\t<\/div>\n\t\t\t<div class=\"WooZone-cross-sell-loader-text\"><\/div>\n\t\t<\/div>\n\t<\/div>\n\n\t\t\n<\/div>\n<div style=\"clear:both;\"><\/div><\/p>\n","protected":false},"excerpt":{"rendered":"<p>Waschbecken<br \/>\nBadm\u00f6bel-Set<\/p>\n","protected":false},"featured_media":28753,"comment_status":"open","ping_status":"closed","template":"","meta":[],"product_brand":[],"product_cat":[1452,20,18,19,19333],"product_tag":[],"class_list":{"0":"post-28752","1":"product","2":"type-product","3":"status-publish","4":"has-post-thumbnail","6":"product_cat-bathroom-furniture","7":"product_cat-furniture","8":"product_cat-home-and-garden","9":"product_cat-home-and-kitchen","10":"product_cat-wash-stands-and-vanity-units","11":"pa_brand-pelipal","12":"pa_ean-22400","13":"pa_eanlist-22401","14":"pa_label-pelipal","15":"pa_manufacturer-pelipal","16":"pa_mpn-1_7005_f9_1","17":"pa_partnumber-1_7005_f9_1","18":"pa_productgroup-kitchen","19":"pa_producttypename-home_bed_and_bath","20":"pa_publisher-pelipal","21":"pa_studio-pelipal","23":"first","24":"instock","25":"shipping-taxable","26":"product-type-simple"},"_links":{"self":[{"href":"https:\/\/www.searchfurniture.co.uk\/shop-003\/wp-json\/wp\/v2\/product\/28752","targetHints":{"allow":["GET"]}}],"collection":[{"href":"https:\/\/www.searchfurniture.co.uk\/shop-003\/wp-json\/wp\/v2\/product"}],"about":[{"href":"https:\/\/www.searchfurniture.co.uk\/shop-003\/wp-json\/wp\/v2\/types\/product"}],"replies":[{"embeddable":true,"href":"https:\/\/www.searchfurniture.co.uk\/shop-003\/wp-json\/wp\/v2\/comments?post=28752"}],"wp:featuredmedia":[{"embeddable":true,"href":"https:\/\/www.searchfurniture.co.uk\/shop-003\/wp-json\/wp\/v2\/media\/28753"}],"wp:attachment":[{"href":"https:\/\/www.searchfurniture.co.uk\/shop-003\/wp-json\/wp\/v2\/media?parent=28752"}],"wp:term":[{"taxonomy":"product_brand","embeddable":true,"href":"https:\/\/www.searchfurniture.co.uk\/shop-003\/wp-json\/wp\/v2\/product_brand?post=28752"},{"taxonomy":"product_cat","embeddable":true,"href":"https:\/\/www.searchfurniture.co.uk\/shop-003\/wp-json\/wp\/v2\/product_cat?post=28752"},{"taxonomy":"product_tag","embeddable":true,"href":"https:\/\/www.searchfurniture.co.uk\/shop-003\/wp-json\/wp\/v2\/product_tag?post=28752"}],"curies":[{"name":"wp","href":"https:\/\/api.w.org\/{rel}","templated":true}]}}