{"id":28399,"date":"2017-09-01T15:22:11","date_gmt":"2017-09-01T15:22:11","guid":{"rendered":"https:\/\/www.searchfurniture.co.uk\/shop-003\/product\/pelipal-cassca-tall-168-cm-x-60-cm-x-33-cm-h-x-w-x-d\/"},"modified":"2025-11-13T21:43:19","modified_gmt":"2025-11-13T21:43:19","slug":"pelipal-cassca-tall-168-cm-x-60-cm-x-33-cm-h-x-w-x-d","status":"publish","type":"product","link":"https:\/\/www.searchfurniture.co.uk\/shop-003\/product\/pelipal-cassca-tall-168-cm-x-60-cm-x-33-cm-h-x-w-x-d\/","title":{"rendered":"Pelipal Cassca Hochschrank 168 x 60 x 33 cm (HxBxT)"},"content":{"rendered":"<p>Pelipal Cassca Hochschrank 168 x 60 x 33 cm (HxBxT) 4 Dreht\u00fcren 4 Glaseinlegeb\u00f6den Fronten: Wei\u00df Hochglanz, Graphit Struktur quer, Schoko Struktur quer, Anthrazit Hochglanz, Schwarz matt, Pinie Wei\u00df quer, Pinie Honig quer, Pinie Braun quer, Pinie Anth<br \/>\nM\u00f6bel<br \/>\nHochschrank<br \/>\n<div class=\"main-cross-sell\" data-asin=\"B00DUEYL6W\">\n\n\t<div class=\"WooZone-cross-sell-loader\">\n\t\t<div>\n\t\t\t<div id=\"floatingBarsG\">\n\t\t\t\t<div class=\"blockG\" id=\"rotateG_01\"><\/div>\n\t\t\t\t<div class=\"blockG\" id=\"rotateG_02\"><\/div>\n\t\t\t\t<div class=\"blockG\" id=\"rotateG_03\"><\/div>\n\t\t\t\t<div class=\"blockG\" id=\"rotateG_04\"><\/div>\n\t\t\t\t<div class=\"blockG\" id=\"rotateG_05\"><\/div>\n\t\t\t\t<div class=\"blockG\" id=\"rotateG_06\"><\/div>\n\t\t\t\t<div class=\"blockG\" id=\"rotateG_07\"><\/div>\n\t\t\t\t<div class=\"blockG\" id=\"rotateG_08\"><\/div>\n\t\t\t<\/div>\n\t\t\t<div class=\"WooZone-cross-sell-loader-text\"><\/div>\n\t\t<\/div>\n\t<\/div>\n\n\t\t\n<\/div>\n<div style=\"clear:both;\"><\/div><\/p>\n","protected":false},"excerpt":{"rendered":"<p>M\u00f6bel<br \/>\nHochschrank<\/p>\n","protected":false},"featured_media":28400,"comment_status":"open","ping_status":"closed","template":"","meta":[],"product_brand":[],"product_cat":[1452,20,18,19,19333],"product_tag":[],"class_list":{"0":"post-28399","1":"product","2":"type-product","3":"status-publish","4":"has-post-thumbnail","6":"product_cat-bathroom-furniture","7":"product_cat-furniture","8":"product_cat-home-and-garden","9":"product_cat-home-and-kitchen","10":"product_cat-wash-stands-and-vanity-units","11":"pa_brand-pelipal","12":"pa_ean-22163","13":"pa_eanlist-22164","14":"pa_label-pelipal","15":"pa_manufacturer-pelipal","16":"pa_mpn-cs-hs-05","17":"pa_partnumber-cs-hs-05","18":"pa_productgroup-kitchen","19":"pa_producttypename-home_bed_and_bath","20":"pa_publisher-pelipal","21":"pa_studio-pelipal","23":"first","24":"instock","25":"shipping-taxable","26":"product-type-simple"},"_links":{"self":[{"href":"https:\/\/www.searchfurniture.co.uk\/shop-003\/wp-json\/wp\/v2\/product\/28399","targetHints":{"allow":["GET"]}}],"collection":[{"href":"https:\/\/www.searchfurniture.co.uk\/shop-003\/wp-json\/wp\/v2\/product"}],"about":[{"href":"https:\/\/www.searchfurniture.co.uk\/shop-003\/wp-json\/wp\/v2\/types\/product"}],"replies":[{"embeddable":true,"href":"https:\/\/www.searchfurniture.co.uk\/shop-003\/wp-json\/wp\/v2\/comments?post=28399"}],"wp:featuredmedia":[{"embeddable":true,"href":"https:\/\/www.searchfurniture.co.uk\/shop-003\/wp-json\/wp\/v2\/media\/28400"}],"wp:attachment":[{"href":"https:\/\/www.searchfurniture.co.uk\/shop-003\/wp-json\/wp\/v2\/media?parent=28399"}],"wp:term":[{"taxonomy":"product_brand","embeddable":true,"href":"https:\/\/www.searchfurniture.co.uk\/shop-003\/wp-json\/wp\/v2\/product_brand?post=28399"},{"taxonomy":"product_cat","embeddable":true,"href":"https:\/\/www.searchfurniture.co.uk\/shop-003\/wp-json\/wp\/v2\/product_cat?post=28399"},{"taxonomy":"product_tag","embeddable":true,"href":"https:\/\/www.searchfurniture.co.uk\/shop-003\/wp-json\/wp\/v2\/product_tag?post=28399"}],"curies":[{"name":"wp","href":"https:\/\/api.w.org\/{rel}","templated":true}]}}