{"id":28374,"date":"2017-09-01T15:21:54","date_gmt":"2017-09-01T15:21:54","guid":{"rendered":"https:\/\/www.searchfurniture.co.uk\/shop-003\/product\/pelipal-gloss-anthracite-bathroom-furniture-with-mirror-cabinet-with-led-bugelleuchte-2_311_mainz_f1_1ret-mainz\/"},"modified":"2025-11-13T21:43:18","modified_gmt":"2025-11-13T21:43:18","slug":"pelipal-gloss-anthracite-bathroom-furniture-with-mirror-cabinet-with-led-bugelleuchte-2_311_mainz_f1_1ret-mainz","status":"publish","type":"product","link":"https:\/\/www.searchfurniture.co.uk\/shop-003\/product\/pelipal-gloss-anthracite-bathroom-furniture-with-mirror-cabinet-with-led-bugelleuchte-2_311_mainz_f1_1ret-mainz\/","title":{"rendered":"Pelipal Badm\u00f6bel Mainz anthrazit glanz mit Spiegelschrank mit LED-B\u00fcgelleuchte 2_311_Mainz_F1_1RET"},"content":{"rendered":"<p>, Im Lieferumfang vorhanden: Badm\u00f6belset Mainz bestehend ausnein Waschtischunterschrank, 1 Auszug H\u00f6he 570 Breite 800 Tiefe 480 mmnein Keramikwaschtisch wei\u00dfnSpiegelschrank , 3 Spiegelt\u00fcren, 6 Einlegeb\u00f6den, 1 LED-B\u00fcgeleleuchte incl. Schalter\/Steckdosenkombination, H\u00f6he 700 Breite 830 Tiefe 200 mmnWeiterhin bieten wir Ihnen folgende Schr\u00e4nke an, gegen Aufpreis:nHighboard 1 Dreht\u00fcr, 2 Schubk\u00e4sten, 1 Einlegeboden, Abdeckplatte H\u00f6he 1005 Breite 300 Tiefe 330 mmnWandschrank, 1 Dreht\u00fcr, 2 Einlegeb\u00f6den H\u00f6he 700 Breite 300 Tiefe 200 mmnUnterschrank, 1 Dreht\u00fcr, 1 Schubkasten, 1 Einlegeboden, Abdeckplatte H\u00f6he 810 Breite 300 Tiefe 330 mmnFront: Anthrazit GlanznKorpus: Anthrazit DekornGriffe: B\u00fcgelgriff Chrom Glanznincl. T\u00fcrd\u00e4mpfer, Montage wandh\u00e4ngend oder auf Fu\u00df-Set (bitte extra bestellen)nDie Ware wird wie folgt geliefert:nZerlegt zur Selbstmontagen<br \/>\nM\u00f6bel<br \/>\nBadm\u00f6bel-Set<br \/>\n<div class=\"main-cross-sell\" data-asin=\"B00HWGVQEO\">\n\n\t<div class=\"WooZone-cross-sell-loader\">\n\t\t<div>\n\t\t\t<div id=\"floatingBarsG\">\n\t\t\t\t<div class=\"blockG\" id=\"rotateG_01\"><\/div>\n\t\t\t\t<div class=\"blockG\" id=\"rotateG_02\"><\/div>\n\t\t\t\t<div class=\"blockG\" id=\"rotateG_03\"><\/div>\n\t\t\t\t<div class=\"blockG\" id=\"rotateG_04\"><\/div>\n\t\t\t\t<div class=\"blockG\" id=\"rotateG_05\"><\/div>\n\t\t\t\t<div class=\"blockG\" id=\"rotateG_06\"><\/div>\n\t\t\t\t<div class=\"blockG\" id=\"rotateG_07\"><\/div>\n\t\t\t\t<div class=\"blockG\" id=\"rotateG_08\"><\/div>\n\t\t\t<\/div>\n\t\t\t<div class=\"WooZone-cross-sell-loader-text\"><\/div>\n\t\t<\/div>\n\t<\/div>\n\n\t\t\n<\/div>\n<div style=\"clear:both;\"><\/div><\/p>\n","protected":false},"excerpt":{"rendered":"<p>Furniture<br \/>\nBathroom Furniture Set<\/p>\n","protected":false},"featured_media":28375,"comment_status":"open","ping_status":"closed","template":"","meta":[],"product_brand":[],"product_cat":[1452,20,18,19,19333],"product_tag":[],"class_list":{"0":"post-28374","1":"product","2":"type-product","3":"status-publish","4":"has-post-thumbnail","6":"product_cat-bathroom-furniture","7":"product_cat-furniture","8":"product_cat-home-and-garden","9":"product_cat-home-and-kitchen","10":"product_cat-wash-stands-and-vanity-units","11":"pa_brand-pelipal","12":"pa_ean-22143","13":"pa_eanlist-22144","14":"pa_label-pelipal","15":"pa_manufacturer-pelipal","16":"pa_mpn-2_311_mainz_f1_1ret","17":"pa_partnumber-2_311_mainz_f1_1ret","18":"pa_productgroup-kitchen","19":"pa_producttypename-home_bed_and_bath","20":"pa_publisher-pelipal","21":"pa_studio-pelipal","23":"first","24":"instock","25":"shipping-taxable","26":"product-type-simple"},"_links":{"self":[{"href":"https:\/\/www.searchfurniture.co.uk\/shop-003\/wp-json\/wp\/v2\/product\/28374","targetHints":{"allow":["GET"]}}],"collection":[{"href":"https:\/\/www.searchfurniture.co.uk\/shop-003\/wp-json\/wp\/v2\/product"}],"about":[{"href":"https:\/\/www.searchfurniture.co.uk\/shop-003\/wp-json\/wp\/v2\/types\/product"}],"replies":[{"embeddable":true,"href":"https:\/\/www.searchfurniture.co.uk\/shop-003\/wp-json\/wp\/v2\/comments?post=28374"}],"wp:featuredmedia":[{"embeddable":true,"href":"https:\/\/www.searchfurniture.co.uk\/shop-003\/wp-json\/wp\/v2\/media\/28375"}],"wp:attachment":[{"href":"https:\/\/www.searchfurniture.co.uk\/shop-003\/wp-json\/wp\/v2\/media?parent=28374"}],"wp:term":[{"taxonomy":"product_brand","embeddable":true,"href":"https:\/\/www.searchfurniture.co.uk\/shop-003\/wp-json\/wp\/v2\/product_brand?post=28374"},{"taxonomy":"product_cat","embeddable":true,"href":"https:\/\/www.searchfurniture.co.uk\/shop-003\/wp-json\/wp\/v2\/product_cat?post=28374"},{"taxonomy":"product_tag","embeddable":true,"href":"https:\/\/www.searchfurniture.co.uk\/shop-003\/wp-json\/wp\/v2\/product_tag?post=28374"}],"curies":[{"name":"wp","href":"https:\/\/api.w.org\/{rel}","templated":true}]}}