{"id":28371,"date":"2017-09-01T15:21:51","date_gmt":"2017-09-01T15:21:51","guid":{"rendered":"https:\/\/www.searchfurniture.co.uk\/shop-003\/product\/pelipal-waschtischlosung-velo-high-gloss-charcoal-grey-with-mirror-55-cm-other-sizes-available-2_327\/"},"modified":"2025-11-13T21:43:18","modified_gmt":"2025-11-13T21:43:18","slug":"pelipal-waschtischlosung-velo-high-gloss-charcoal-grey-with-mirror-55-cm-other-sizes-available-2_327","status":"publish","type":"product","link":"https:\/\/www.searchfurniture.co.uk\/shop-003\/product\/pelipal-waschtischlosung-velo-high-gloss-charcoal-grey-with-mirror-55-cm-other-sizes-available-2_327\/","title":{"rendered":"Pelipal Waschtischl\u00f6sung Velo anthrazit hochglanz mit Spiegel 55 cm (weitere Gr\u00f6\u00dfen erh\u00e4ltlich)2_327_Velo_F6_1"},"content":{"rendered":"<p>, Im Lieferumfang vorhanden: Waschtischl\u00f6sung Velo bestehend ausnein Waschtischunterschrank, H\u00f6he 755 Breite 550 Tiefe 440 mmnein KeramikwaschtischnSpiegel incl. Ablage H\u00f6he 700 Breite 500 Tiefe 50 mmnLeuchte Chrom Glanz T5 8W\/230 VnFront: Anthrazit HochglanznKorpus: Anthrazit DekornGriffe: B\u00fcgelgriff Chrom Glanznincl. T\u00fcrd\u00e4mpfer, Montage wandh\u00e4ngend oder auf Fu\u00df-Set (bitte extra bestellen)nDiese Waschtischl\u00f6sung ist auch in einer Breite von 45 cm und 50 cm lieferbar.nDie Ware wird wie folgt geliefert:nZerlegt zur Selbstmontagen<br \/>\nM\u00f6bel<br \/>\nBadm\u00f6bel-Set<br \/>\n<div class=\"main-cross-sell\" data-asin=\"B00HWGVSLU\">\n\n\t<div class=\"WooZone-cross-sell-loader\">\n\t\t<div>\n\t\t\t<div id=\"floatingBarsG\">\n\t\t\t\t<div class=\"blockG\" id=\"rotateG_01\"><\/div>\n\t\t\t\t<div class=\"blockG\" id=\"rotateG_02\"><\/div>\n\t\t\t\t<div class=\"blockG\" id=\"rotateG_03\"><\/div>\n\t\t\t\t<div class=\"blockG\" id=\"rotateG_04\"><\/div>\n\t\t\t\t<div class=\"blockG\" id=\"rotateG_05\"><\/div>\n\t\t\t\t<div class=\"blockG\" id=\"rotateG_06\"><\/div>\n\t\t\t\t<div class=\"blockG\" id=\"rotateG_07\"><\/div>\n\t\t\t\t<div class=\"blockG\" id=\"rotateG_08\"><\/div>\n\t\t\t<\/div>\n\t\t\t<div class=\"WooZone-cross-sell-loader-text\"><\/div>\n\t\t<\/div>\n\t<\/div>\n\n\t\t\n<\/div>\n<div style=\"clear:both;\"><\/div><\/p>\n","protected":false},"excerpt":{"rendered":"<p>M\u00f6bel<br \/>\nBadm\u00f6bel-Set<\/p>\n","protected":false},"featured_media":28372,"comment_status":"open","ping_status":"closed","template":"","meta":[],"product_brand":[],"product_cat":[7524,19573,2067,7523,20148],"product_tag":[],"class_list":{"0":"post-28371","1":"product","2":"type-product","3":"status-publish","4":"has-post-thumbnail","6":"product_cat-bathroom-fixtures","7":"product_cat-bathroom-sinks","8":"product_cat-diy-and-tools","9":"product_cat-kitchen-and-bath-fixtures","10":"product_cat-wall-mount","11":"pa_brand-pelipal","12":"pa_ean-22139","13":"pa_eanlist-22140","14":"pa_label-pelipal","15":"pa_manufacturer-pelipal","16":"pa_mpn-2_327_velo_f6_1","17":"pa_partnumber-2_327_velo_f6_1","18":"pa_productgroup-kitchen","19":"pa_producttypename-home_bed_and_bath","20":"pa_publisher-pelipal","21":"pa_studio-pelipal","23":"first","24":"instock","25":"shipping-taxable","26":"product-type-simple"},"_links":{"self":[{"href":"https:\/\/www.searchfurniture.co.uk\/shop-003\/wp-json\/wp\/v2\/product\/28371","targetHints":{"allow":["GET"]}}],"collection":[{"href":"https:\/\/www.searchfurniture.co.uk\/shop-003\/wp-json\/wp\/v2\/product"}],"about":[{"href":"https:\/\/www.searchfurniture.co.uk\/shop-003\/wp-json\/wp\/v2\/types\/product"}],"replies":[{"embeddable":true,"href":"https:\/\/www.searchfurniture.co.uk\/shop-003\/wp-json\/wp\/v2\/comments?post=28371"}],"wp:featuredmedia":[{"embeddable":true,"href":"https:\/\/www.searchfurniture.co.uk\/shop-003\/wp-json\/wp\/v2\/media\/28372"}],"wp:attachment":[{"href":"https:\/\/www.searchfurniture.co.uk\/shop-003\/wp-json\/wp\/v2\/media?parent=28371"}],"wp:term":[{"taxonomy":"product_brand","embeddable":true,"href":"https:\/\/www.searchfurniture.co.uk\/shop-003\/wp-json\/wp\/v2\/product_brand?post=28371"},{"taxonomy":"product_cat","embeddable":true,"href":"https:\/\/www.searchfurniture.co.uk\/shop-003\/wp-json\/wp\/v2\/product_cat?post=28371"},{"taxonomy":"product_tag","embeddable":true,"href":"https:\/\/www.searchfurniture.co.uk\/shop-003\/wp-json\/wp\/v2\/product_tag?post=28371"}],"curies":[{"name":"wp","href":"https:\/\/api.w.org\/{rel}","templated":true}]}}