{"id":27533,"date":"2017-09-01T10:07:36","date_gmt":"2017-09-01T10:07:36","guid":{"rendered":"https:\/\/www.searchfurniture.co.uk\/shop-003\/product\/grohe-europlus-e-infrared-basin-bluetooth\/"},"modified":"2025-11-13T21:34:42","modified_gmt":"2025-11-13T21:34:42","slug":"grohe-europlus-e-infrared-basin-bluetooth","status":"publish","type":"product","link":"https:\/\/www.searchfurniture.co.uk\/shop-003\/product\/grohe-europlus-e-infrared-basin-bluetooth\/","title":{"rendered":"Grohe &#8211; Europlus E Infra-red Bluetooth Sink"},"content":{"rendered":"<p>GROHE Europlus E BluetoothInfrarot-Elektronik f\u00fcr Waschtisch, DN15mit Mischungmit Infrarot-Sensor und Bluetooth-Modulf\u00fcr bidirektionale Kommunikationmit zahlreichen Auslese-, Einstellungs-und Servicefunktionenmit Steckertrafo 100-240 V AC,50-60 Hz, 6,75 V DCSchnell-Montage-SystemMischeinrichtung miteinstellbarer Hei\u00dfwassersperreGROHE StarLight Oberfl\u00e4cheGROHE EcoJoy 5,7 l\/min Mousseurmit integriertem Magnetventileingebaute R\u00fcckflussverhinderer undSchmutzfangsiebemit Bluetooth 4.0*f\u00fcr die drahtlose Datenkommunikationf\u00fcr Apple** und Android Ger\u00e4teReichweite bis zu 10 mabh\u00e4ngig von Wand- und Bodenbel\u00e4genAuslesefunktionenpasswortgesch\u00fctzte \u00dcberwachungApp erkennt automatischalle Produkte im EmpfangsbereichAnzahl automatischer Sp\u00fclungen\/ Zeitpunkt letzte Sp\u00fclungVerbrauch pro Tag \/ der letzten 30 TageAnzahl thermischer Desinfektionen\/ Zeitpunkt letzte DesinfektionEinstellungenReichweite und Nachlaufzeitautomatische Sp\u00fclungthermische DesinfektionReinigungsmodusAn\/Aus ZeitsteuerungServiceSpeichern und Senden von 3 ProfilenZur\u00fccksetzen auf Werks- oderBenutzereinstellungenHard- und Software-VersionCE-Zeichen, Armaturengruppe Inach DIN 4109Schutzart Armatur IP 59Kchrom<br \/>\nGrohe EcoJo &#8211; save precious resources and enjoy 100 percent water comfort<br \/>\nRequires UK Compression Adaptors 15 mm x 3\/8 Inch, Grohe 46914000<br \/>\n<div class=\"main-cross-sell\" data-asin=\"B01A5VKLM0\">\n\n\t<div class=\"WooZone-cross-sell-loader\">\n\t\t<div>\n\t\t\t<div id=\"floatingBarsG\">\n\t\t\t\t<div class=\"blockG\" id=\"rotateG_01\"><\/div>\n\t\t\t\t<div class=\"blockG\" id=\"rotateG_02\"><\/div>\n\t\t\t\t<div class=\"blockG\" id=\"rotateG_03\"><\/div>\n\t\t\t\t<div class=\"blockG\" id=\"rotateG_04\"><\/div>\n\t\t\t\t<div class=\"blockG\" id=\"rotateG_05\"><\/div>\n\t\t\t\t<div class=\"blockG\" id=\"rotateG_06\"><\/div>\n\t\t\t\t<div class=\"blockG\" id=\"rotateG_07\"><\/div>\n\t\t\t\t<div class=\"blockG\" id=\"rotateG_08\"><\/div>\n\t\t\t<\/div>\n\t\t\t<div class=\"WooZone-cross-sell-loader-text\"><\/div>\n\t\t<\/div>\n\t<\/div>\n\n\t\t\n<\/div>\n<div style=\"clear:both;\"><\/div><\/p>\n","protected":false},"excerpt":{"rendered":"<p>Grohe EcoJo &#8211; save precious resources and enjoy 100 percent water comfort<br \/>\nRequires UK Compression Adaptors 15 mm x 3\/8 Inch, Grohe 46914000<\/p>\n","protected":false},"featured_media":27534,"comment_status":"open","ping_status":"closed","template":"","meta":[],"product_brand":[],"product_cat":[7524,19200,2067,19199,7523,1626,1625],"product_tag":[],"class_list":{"0":"post-27533","1":"product","2":"type-product","3":"status-publish","4":"has-post-thumbnail","6":"product_cat-bathroom-fixtures","7":"product_cat-bathroom-sink-taps","8":"product_cat-diy-and-tools","9":"product_cat-diy-and-tools-amazon-global-delivery-available","10":"product_cat-kitchen-and-bath-fixtures","11":"product_cat-regular-stores","12":"product_cat-substores","13":"pa_binding-diy-tools","14":"pa_brand-grohe","15":"pa_ean-21482","16":"pa_eanlist-21483","17":"pa_itemdimensions-413-1417-545-866","18":"pa_label-grohe","19":"pa_languages-italian-manual-german-manual-french-manual-english-manual-spanish-manual","20":"pa_manufacturer-grohe","21":"pa_model-21485","22":"pa_mpn-21486","23":"pa_packagedimensions-409-1421-547-559","24":"pa_packagequantity-30","25":"pa_partnumber-21488","26":"pa_productgroup-home-improvement","27":"pa_producttypename-tools","28":"pa_publisher-grohe","29":"pa_releasedate-2016-06-06","30":"pa_studio-grohe","32":"first","33":"instock","34":"shipping-taxable","35":"product-type-simple"},"_links":{"self":[{"href":"https:\/\/www.searchfurniture.co.uk\/shop-003\/wp-json\/wp\/v2\/product\/27533","targetHints":{"allow":["GET"]}}],"collection":[{"href":"https:\/\/www.searchfurniture.co.uk\/shop-003\/wp-json\/wp\/v2\/product"}],"about":[{"href":"https:\/\/www.searchfurniture.co.uk\/shop-003\/wp-json\/wp\/v2\/types\/product"}],"replies":[{"embeddable":true,"href":"https:\/\/www.searchfurniture.co.uk\/shop-003\/wp-json\/wp\/v2\/comments?post=27533"}],"wp:featuredmedia":[{"embeddable":true,"href":"https:\/\/www.searchfurniture.co.uk\/shop-003\/wp-json\/wp\/v2\/media\/27534"}],"wp:attachment":[{"href":"https:\/\/www.searchfurniture.co.uk\/shop-003\/wp-json\/wp\/v2\/media?parent=27533"}],"wp:term":[{"taxonomy":"product_brand","embeddable":true,"href":"https:\/\/www.searchfurniture.co.uk\/shop-003\/wp-json\/wp\/v2\/product_brand?post=27533"},{"taxonomy":"product_cat","embeddable":true,"href":"https:\/\/www.searchfurniture.co.uk\/shop-003\/wp-json\/wp\/v2\/product_cat?post=27533"},{"taxonomy":"product_tag","embeddable":true,"href":"https:\/\/www.searchfurniture.co.uk\/shop-003\/wp-json\/wp\/v2\/product_tag?post=27533"}],"curies":[{"name":"wp","href":"https:\/\/api.w.org\/{rel}","templated":true}]}}