{"id":27517,"date":"2017-09-01T10:07:23","date_gmt":"2017-09-01T10:07:23","guid":{"rendered":"https:\/\/www.searchfurniture.co.uk\/shop-003\/product\/ideal-standard-tonic-ii-freestanding-bath-mixer-and-kit-2-with-stick-hb-ausld-220-mm-chrome-a6347aa\/"},"modified":"2023-02-06T15:50:45","modified_gmt":"2023-02-06T15:50:45","slug":"ideal-standard-tonic-ii-freestanding-bath-mixer-and-kit-2-with-stick-hb-ausld-220-mm-chrome-a6347aa","status":"publish","type":"product","link":"https:\/\/www.searchfurniture.co.uk\/shop-003\/product\/ideal-standard-tonic-ii-freestanding-bath-mixer-and-kit-2-with-stick-hb-ausld-220-mm-chrome-a6347aa\/","title":{"rendered":"Ideal Standard Tonic II Griferia Foot Bath (Exempt a6347aa)"},"content":{"rendered":"<p>Freistehende Einhebel &#8211; Wannenarmatur, Bausatz 2 DN 15 inklusive Stick-Handbrause, Brauseschlauch Idealflex 1250 mm und Handbrausehalter. Starrer Gussauslauf und Luftsprudler. Einstellbarer Strahlwinkel 9 +\/- 10 Grad. Ausladung 220 mmit Auslaufh\u00f6he 761 &#8211; 841 mmit Bedienungshebel aus Metall, mit Rot-\/Blau Markierung auf dem Hebel. Lebensdauertest EN 817. Ger\u00e4uschverhalten DIN 4109, Gruppe 1. Oberfl\u00e4che: Chrom Gesamte Ausladung (Ausld.xH): 268 x 872-952 mm Hersteller: Ideal Standard Serie: Tonic II Artikel-Nr.: A6347AA Ben\u00f6tigtes Zubeh\u00f6r: Unterputz-Bausatz 1 f\u00fcr freistehende Wannenarmaturen. (A6133NU)- 841 mmit Bedienungshebel aus Metall, mit Rot-\/Blau Markierung auf dem Hebel. Lebensdauertest EN 817. Ger\u00e4uschverhalten DIN 4109, Gruppe 1. Freistehende Einhebel &#8211; Wannenarmatur, Bausatz 2 DN 15 inklusive Stick-Handbrause, Brauseschlauch Idealflex 1250 mm und Handbrausehalter. Starrer Gussauslauf und Luftsprudler. Einstellbarer Strahlwinkel 9 +\/- 10 Grad. Ausladung 220 mmit Auslaufh\u00f6he 761<br \/>\n<div class=\"main-cross-sell\" data-asin=\"B073KZX34N\">\n\n\t<div class=\"WooZone-cross-sell-loader\">\n\t\t<div>\n\t\t\t<div id=\"floatingBarsG\">\n\t\t\t\t<div class=\"blockG\" id=\"rotateG_01\"><\/div>\n\t\t\t\t<div class=\"blockG\" id=\"rotateG_02\"><\/div>\n\t\t\t\t<div class=\"blockG\" id=\"rotateG_03\"><\/div>\n\t\t\t\t<div class=\"blockG\" id=\"rotateG_04\"><\/div>\n\t\t\t\t<div class=\"blockG\" id=\"rotateG_05\"><\/div>\n\t\t\t\t<div class=\"blockG\" id=\"rotateG_06\"><\/div>\n\t\t\t\t<div class=\"blockG\" id=\"rotateG_07\"><\/div>\n\t\t\t\t<div class=\"blockG\" id=\"rotateG_08\"><\/div>\n\t\t\t<\/div>\n\t\t\t<div class=\"WooZone-cross-sell-loader-text\"><\/div>\n\t\t<\/div>\n\t<\/div>\n\n\t\t\n<\/div>\n<div style=\"clear:both;\"><\/div><\/p>\n","protected":false},"excerpt":{"rendered":"<p>Freestanding mono lever bath tap<br \/>\nSafe protection against too hot temperatures: integrated hot water temperature limiter (child lock)<br \/>\nExtremely long service life: high-performance ceramic cartridge (service life test over 500,000 cycles), metal handle<\/p>\n","protected":false},"featured_media":27518,"comment_status":"open","ping_status":"closed","template":"","meta":[],"product_brand":[],"product_cat":[7524,2067,18,7523,13293,19254],"product_tag":[],"class_list":{"0":"post-27517","1":"product","2":"type-product","3":"status-publish","4":"has-post-thumbnail","6":"product_cat-bathroom-fixtures","7":"product_cat-diy-and-tools","8":"product_cat-home-and-garden","9":"product_cat-kitchen-and-bath-fixtures","10":"product_cat-shower-and-bath-taps","11":"product_cat-tub-taps","12":"pa_binding-diy-tools","13":"pa_brand-ideal-standard","14":"pa_ean-21451","15":"pa_eanlist-21452","16":"pa_label-ideal-standard","17":"pa_manufacturer-ideal-standard","18":"pa_mpn-a6347aa","19":"pa_partnumber-a6347aa","20":"pa_productgroup-kitchen","21":"pa_producttypename-tools","22":"pa_publisher-ideal-standard","23":"pa_studio-ideal-standard","25":"first","26":"instock","27":"shipping-taxable","28":"purchasable","29":"product-type-simple"},"_links":{"self":[{"href":"https:\/\/www.searchfurniture.co.uk\/shop-003\/wp-json\/wp\/v2\/product\/27517","targetHints":{"allow":["GET"]}}],"collection":[{"href":"https:\/\/www.searchfurniture.co.uk\/shop-003\/wp-json\/wp\/v2\/product"}],"about":[{"href":"https:\/\/www.searchfurniture.co.uk\/shop-003\/wp-json\/wp\/v2\/types\/product"}],"replies":[{"embeddable":true,"href":"https:\/\/www.searchfurniture.co.uk\/shop-003\/wp-json\/wp\/v2\/comments?post=27517"}],"wp:featuredmedia":[{"embeddable":true,"href":"https:\/\/www.searchfurniture.co.uk\/shop-003\/wp-json\/wp\/v2\/media\/27518"}],"wp:attachment":[{"href":"https:\/\/www.searchfurniture.co.uk\/shop-003\/wp-json\/wp\/v2\/media?parent=27517"}],"wp:term":[{"taxonomy":"product_brand","embeddable":true,"href":"https:\/\/www.searchfurniture.co.uk\/shop-003\/wp-json\/wp\/v2\/product_brand?post=27517"},{"taxonomy":"product_cat","embeddable":true,"href":"https:\/\/www.searchfurniture.co.uk\/shop-003\/wp-json\/wp\/v2\/product_cat?post=27517"},{"taxonomy":"product_tag","embeddable":true,"href":"https:\/\/www.searchfurniture.co.uk\/shop-003\/wp-json\/wp\/v2\/product_tag?post=27517"}],"curies":[{"name":"wp","href":"https:\/\/api.w.org\/{rel}","templated":true}]}}