{"id":27228,"date":"2017-09-01T10:01:13","date_gmt":"2017-09-01T10:01:13","guid":{"rendered":"https:\/\/www.searchfurniture.co.uk\/shop-003\/product\/duravit-vero-washbasin-air-1000-mm-white-with-no-overflow-2-tap-holes-2350100043\/"},"modified":"2022-05-04T05:58:42","modified_gmt":"2022-05-04T05:58:42","slug":"duravit-vero-washbasin-air-1000-mm-white-with-no-overflow-2-tap-holes-2350100043","status":"publish","type":"product","link":"https:\/\/www.searchfurniture.co.uk\/shop-003\/product\/duravit-vero-washbasin-air-1000-mm-white-with-no-overflow-2-tap-holes-2350100043\/","title":{"rendered":"Duravit Waschtisch Vero Air 1000mm, Wei\u00df ohne \u00dcberlauf, 2 Hahnl\u00f6cher 2350100043"},"content":{"rendered":"<p>Duravit Waschtisch Vero Air, Wei\u00df aus Sanit\u00e4rkeramik, 1000x470mm Bestellnummer: 2350100043 Farbe: 00 Wei\u00df Ausf\u00fchrung: ohne \u00dcberlauf mit Hahnlochbank , 2HL<br \/>\n<div class=\"main-cross-sell\" data-asin=\"B0713WFL6Q\">\n\n\t<div class=\"WooZone-cross-sell-loader\">\n\t\t<div>\n\t\t\t<div id=\"floatingBarsG\">\n\t\t\t\t<div class=\"blockG\" id=\"rotateG_01\"><\/div>\n\t\t\t\t<div class=\"blockG\" id=\"rotateG_02\"><\/div>\n\t\t\t\t<div class=\"blockG\" id=\"rotateG_03\"><\/div>\n\t\t\t\t<div class=\"blockG\" id=\"rotateG_04\"><\/div>\n\t\t\t\t<div class=\"blockG\" id=\"rotateG_05\"><\/div>\n\t\t\t\t<div class=\"blockG\" id=\"rotateG_06\"><\/div>\n\t\t\t\t<div class=\"blockG\" id=\"rotateG_07\"><\/div>\n\t\t\t\t<div class=\"blockG\" id=\"rotateG_08\"><\/div>\n\t\t\t<\/div>\n\t\t\t<div class=\"WooZone-cross-sell-loader-text\"><\/div>\n\t\t<\/div>\n\t<\/div>\n\n\t\t\n<\/div>\n<div style=\"clear:both;\"><\/div><\/p>\n","protected":false},"excerpt":{"rendered":"<p>Duravit Waschtisch Vero Air, Wei\u00df aus Sanit\u00e4rkeramik, 1000x470mm Bestellnummer: 2350100043 Farbe: 00 Wei\u00df Ausf\u00fchrung: ohne \u00dcberlauf mit Hahnlochbank , 2HL<\/p>\n","protected":false},"featured_media":27229,"comment_status":"open","ping_status":"closed","template":"","meta":[],"product_brand":[],"product_cat":[7524,19573,2067,7523,20148],"product_tag":[],"class_list":{"0":"post-27228","1":"product","2":"type-product","3":"status-publish","4":"has-post-thumbnail","6":"product_cat-bathroom-fixtures","7":"product_cat-bathroom-sinks","8":"product_cat-diy-and-tools","9":"product_cat-kitchen-and-bath-fixtures","10":"product_cat-wall-mount","11":"pa_brand-duravit","12":"pa_ean-21106","13":"pa_eanlist-21107","14":"pa_label-duravit","15":"pa_manufacturer-duravit","16":"pa_mpn-21108","17":"pa_partnumber-21109","18":"pa_productgroup-kitchen","19":"pa_producttypename-home_bed_and_bath","20":"pa_publisher-duravit","21":"pa_studio-duravit","23":"first","24":"instock","25":"shipping-taxable","26":"product-type-simple"},"_links":{"self":[{"href":"https:\/\/www.searchfurniture.co.uk\/shop-003\/wp-json\/wp\/v2\/product\/27228","targetHints":{"allow":["GET"]}}],"collection":[{"href":"https:\/\/www.searchfurniture.co.uk\/shop-003\/wp-json\/wp\/v2\/product"}],"about":[{"href":"https:\/\/www.searchfurniture.co.uk\/shop-003\/wp-json\/wp\/v2\/types\/product"}],"replies":[{"embeddable":true,"href":"https:\/\/www.searchfurniture.co.uk\/shop-003\/wp-json\/wp\/v2\/comments?post=27228"}],"wp:featuredmedia":[{"embeddable":true,"href":"https:\/\/www.searchfurniture.co.uk\/shop-003\/wp-json\/wp\/v2\/media\/27229"}],"wp:attachment":[{"href":"https:\/\/www.searchfurniture.co.uk\/shop-003\/wp-json\/wp\/v2\/media?parent=27228"}],"wp:term":[{"taxonomy":"product_brand","embeddable":true,"href":"https:\/\/www.searchfurniture.co.uk\/shop-003\/wp-json\/wp\/v2\/product_brand?post=27228"},{"taxonomy":"product_cat","embeddable":true,"href":"https:\/\/www.searchfurniture.co.uk\/shop-003\/wp-json\/wp\/v2\/product_cat?post=27228"},{"taxonomy":"product_tag","embeddable":true,"href":"https:\/\/www.searchfurniture.co.uk\/shop-003\/wp-json\/wp\/v2\/product_tag?post=27228"}],"curies":[{"name":"wp","href":"https:\/\/api.w.org\/{rel}","templated":true}]}}