{"id":27076,"date":"2017-09-01T09:58:58","date_gmt":"2017-09-01T09:58:58","guid":{"rendered":"https:\/\/www.searchfurniture.co.uk\/shop-003\/product\/roca-a5a9743c00-loft-chrome-thermostatic-bar-mixer-shower\/"},"modified":"2025-11-13T21:20:50","modified_gmt":"2025-11-13T21:20:50","slug":"roca-a5a9743c00-loft-chrome-thermostatic-bar-mixer-shower","status":"publish","type":"product","link":"https:\/\/www.searchfurniture.co.uk\/shop-003\/product\/roca-a5a9743c00-loft-chrome-thermostatic-bar-mixer-shower\/","title":{"rendered":"Roca A5A9743C00-Loft Chrome Thermostatic Bar Mixer Shower"},"content":{"rendered":"<p>Acabado: Cromado Adecuada para: Ducha Flexible inclu\u00eddo Funciones del rociador: Rain Grifer\u00eda: Inclu\u00edda N\u00famero de salidas de agua: 2 Presi\u00f3n m\u00ednima requerida (bar): 2 Tel\u00e9fono de ducha: Inclu\u00eddo Tipo de grifer\u00eda: Bimando Tipo de instalaci\u00f3n: Mural<br \/>\n<div class=\"main-cross-sell\" data-asin=\"B00HR2I0Z6\">\n\n\t<div class=\"WooZone-cross-sell-loader\">\n\t\t<div>\n\t\t\t<div id=\"floatingBarsG\">\n\t\t\t\t<div class=\"blockG\" id=\"rotateG_01\"><\/div>\n\t\t\t\t<div class=\"blockG\" id=\"rotateG_02\"><\/div>\n\t\t\t\t<div class=\"blockG\" id=\"rotateG_03\"><\/div>\n\t\t\t\t<div class=\"blockG\" id=\"rotateG_04\"><\/div>\n\t\t\t\t<div class=\"blockG\" id=\"rotateG_05\"><\/div>\n\t\t\t\t<div class=\"blockG\" id=\"rotateG_06\"><\/div>\n\t\t\t\t<div class=\"blockG\" id=\"rotateG_07\"><\/div>\n\t\t\t\t<div class=\"blockG\" id=\"rotateG_08\"><\/div>\n\t\t\t<\/div>\n\t\t\t<div class=\"WooZone-cross-sell-loader-text\"><\/div>\n\t\t<\/div>\n\t<\/div>\n\n\t\t\n<\/div>\n<div style=\"clear:both;\"><\/div><\/p>\n","protected":false},"excerpt":{"rendered":"<p>Shower Column &#8220;roca loft.<br \/>\nMixer 1\/2 turn ceramic disc.<br \/>\nEquipped with a blender loft Brass Shower Column with high flow diverter, shower riser, shower head and hand shower on sliding shelf.<\/p>\n","protected":false},"featured_media":27077,"comment_status":"open","ping_status":"closed","template":"","meta":[],"product_brand":[],"product_cat":[7524,2067,7523,13293,13294],"product_tag":[],"class_list":{"0":"post-27076","1":"product","2":"type-product","3":"status-publish","4":"has-post-thumbnail","6":"product_cat-bathroom-fixtures","7":"product_cat-diy-and-tools","8":"product_cat-kitchen-and-bath-fixtures","9":"product_cat-shower-and-bath-taps","10":"product_cat-shower-taps","11":"pa_binding-diy-tools","12":"pa_brand-roca","13":"pa_ean-20948","14":"pa_eanlist-20949","15":"pa_itemdimensions-20950","16":"pa_label-roca","17":"pa_manufacturer-roca","18":"pa_model-a5a9743c00","19":"pa_mpn-5a9743c00","20":"pa_packagedimensions-571-2795-1393-1260","21":"pa_packagequantity-30","22":"pa_partnumber-5a9743c00","23":"pa_productgroup-home-improvement","24":"pa_producttypename-tools","25":"pa_publisher-roca","26":"pa_studio-roca","28":"first","29":"instock","30":"shipping-taxable","31":"purchasable","32":"product-type-simple"},"_links":{"self":[{"href":"https:\/\/www.searchfurniture.co.uk\/shop-003\/wp-json\/wp\/v2\/product\/27076","targetHints":{"allow":["GET"]}}],"collection":[{"href":"https:\/\/www.searchfurniture.co.uk\/shop-003\/wp-json\/wp\/v2\/product"}],"about":[{"href":"https:\/\/www.searchfurniture.co.uk\/shop-003\/wp-json\/wp\/v2\/types\/product"}],"replies":[{"embeddable":true,"href":"https:\/\/www.searchfurniture.co.uk\/shop-003\/wp-json\/wp\/v2\/comments?post=27076"}],"wp:featuredmedia":[{"embeddable":true,"href":"https:\/\/www.searchfurniture.co.uk\/shop-003\/wp-json\/wp\/v2\/media\/27077"}],"wp:attachment":[{"href":"https:\/\/www.searchfurniture.co.uk\/shop-003\/wp-json\/wp\/v2\/media?parent=27076"}],"wp:term":[{"taxonomy":"product_brand","embeddable":true,"href":"https:\/\/www.searchfurniture.co.uk\/shop-003\/wp-json\/wp\/v2\/product_brand?post=27076"},{"taxonomy":"product_cat","embeddable":true,"href":"https:\/\/www.searchfurniture.co.uk\/shop-003\/wp-json\/wp\/v2\/product_cat?post=27076"},{"taxonomy":"product_tag","embeddable":true,"href":"https:\/\/www.searchfurniture.co.uk\/shop-003\/wp-json\/wp\/v2\/product_tag?post=27076"}],"curies":[{"name":"wp","href":"https:\/\/api.w.org\/{rel}","templated":true}]}}