{"id":26757,"date":"2017-09-01T09:54:05","date_gmt":"2017-09-01T09:54:05","guid":{"rendered":"https:\/\/www.searchfurniture.co.uk\/shop-003\/product\/ideal-standard-column-dea-no-tap-hole-washbasin-mixer-525x430x870-mm-white-satin-t085283\/"},"modified":"2025-11-13T21:08:48","modified_gmt":"2025-11-13T21:08:48","slug":"ideal-standard-column-dea-no-tap-hole-washbasin-mixer-525x430x870-mm-white-satin-t085283","status":"publish","type":"product","link":"https:\/\/www.searchfurniture.co.uk\/shop-003\/product\/ideal-standard-column-dea-no-tap-hole-washbasin-mixer-525x430x870-mm-white-satin-t085283\/","title":{"rendered":"Ideal Standard S\u00e4ulenwaschtisch DEA, ohne Hahnloch,, 525x430x870mm, Wei\u00df seidenmatt, T085283"},"content":{"rendered":"<p>S\u00e4ulenwaschtisch aus Feinfeuerton inklusive Ideal Flow (N8326AA). Ohne Hahnloch, ohne \u00dcberlauf. Mit keramischer Ablaufabdeckung. Zur Wandmontage. Farbe: Wei\u00df seidenmatt Au\u00dfenma\u00dfe (BxTxH): 525x430x870 mm Innenbecken (BxTxH): 505x315x125 mm Hersteller: Ideal Standard Serie: Dea Artikel-Nr.: T085283S\u00e4ulenwaschtisch aus Feinfeuerton inklusive Ideal Flow (N8326AA). Ohne Hahnloch, ohne \u00dcberlauf. Mit keramischer Ablaufabdeckung. Zur Wandmontage.<br \/>\n<div class=\"main-cross-sell\" data-asin=\"B073NSZK9N\">\n\n\t<div class=\"WooZone-cross-sell-loader\">\n\t\t<div>\n\t\t\t<div id=\"floatingBarsG\">\n\t\t\t\t<div class=\"blockG\" id=\"rotateG_01\"><\/div>\n\t\t\t\t<div class=\"blockG\" id=\"rotateG_02\"><\/div>\n\t\t\t\t<div class=\"blockG\" id=\"rotateG_03\"><\/div>\n\t\t\t\t<div class=\"blockG\" id=\"rotateG_04\"><\/div>\n\t\t\t\t<div class=\"blockG\" id=\"rotateG_05\"><\/div>\n\t\t\t\t<div class=\"blockG\" id=\"rotateG_06\"><\/div>\n\t\t\t\t<div class=\"blockG\" id=\"rotateG_07\"><\/div>\n\t\t\t\t<div class=\"blockG\" id=\"rotateG_08\"><\/div>\n\t\t\t<\/div>\n\t\t\t<div class=\"WooZone-cross-sell-loader-text\"><\/div>\n\t\t<\/div>\n\t<\/div>\n\n\t\t\n<\/div>\n<div style=\"clear:both;\"><\/div><\/p>\n","protected":false},"excerpt":{"rendered":"<p>S\u00e4ulenwaschtisch aus Feinfeuerton inklusive Ideal Flow (N8326AA). Ohne Hahnloch, ohne \u00dcberlauf. Mit keramischer Ablaufabdeckung. Zur Wandmontage. Farbe: Wei\u00df seidenmatt Au\u00dfenma\u00dfe (BxTxH): 525x430x870 mm Innenbecken (BxTxH): 505x315x125 mm Hersteller: Ideal Standard Serie: Dea Artikel-Nr.: T085283S\u00e4ulenwaschtisch aus Feinfeuerton inklusive Ideal Flow (N8326AA). Ohne Hahnloch, ohne \u00dcberlauf. Mit keramischer Ablaufabdeckung. Zur Wandmontage.<\/p>\n","protected":false},"featured_media":26758,"comment_status":"open","ping_status":"closed","template":"","meta":[],"product_brand":[],"product_cat":[7524,19573,2067,7523,20453],"product_tag":[],"class_list":{"0":"post-26757","1":"product","2":"type-product","3":"status-publish","4":"has-post-thumbnail","6":"product_cat-bathroom-fixtures","7":"product_cat-bathroom-sinks","8":"product_cat-diy-and-tools","9":"product_cat-kitchen-and-bath-fixtures","10":"product_cat-pedestal","11":"pa_brand-ideal-standard","12":"pa_ean-20454","13":"pa_eanlist-20455","14":"pa_label-ideal-standard","15":"pa_manufacturer-ideal-standard","16":"pa_mpn-t085283","17":"pa_partnumber-t085283","18":"pa_productgroup-kitchen","19":"pa_producttypename-home_bed_and_bath","20":"pa_publisher-ideal-standard","21":"pa_studio-ideal-standard","23":"first","24":"instock","25":"shipping-taxable","26":"product-type-simple"},"_links":{"self":[{"href":"https:\/\/www.searchfurniture.co.uk\/shop-003\/wp-json\/wp\/v2\/product\/26757","targetHints":{"allow":["GET"]}}],"collection":[{"href":"https:\/\/www.searchfurniture.co.uk\/shop-003\/wp-json\/wp\/v2\/product"}],"about":[{"href":"https:\/\/www.searchfurniture.co.uk\/shop-003\/wp-json\/wp\/v2\/types\/product"}],"replies":[{"embeddable":true,"href":"https:\/\/www.searchfurniture.co.uk\/shop-003\/wp-json\/wp\/v2\/comments?post=26757"}],"wp:featuredmedia":[{"embeddable":true,"href":"https:\/\/www.searchfurniture.co.uk\/shop-003\/wp-json\/wp\/v2\/media\/26758"}],"wp:attachment":[{"href":"https:\/\/www.searchfurniture.co.uk\/shop-003\/wp-json\/wp\/v2\/media?parent=26757"}],"wp:term":[{"taxonomy":"product_brand","embeddable":true,"href":"https:\/\/www.searchfurniture.co.uk\/shop-003\/wp-json\/wp\/v2\/product_brand?post=26757"},{"taxonomy":"product_cat","embeddable":true,"href":"https:\/\/www.searchfurniture.co.uk\/shop-003\/wp-json\/wp\/v2\/product_cat?post=26757"},{"taxonomy":"product_tag","embeddable":true,"href":"https:\/\/www.searchfurniture.co.uk\/shop-003\/wp-json\/wp\/v2\/product_tag?post=26757"}],"curies":[{"name":"wp","href":"https:\/\/api.w.org\/{rel}","templated":true}]}}