{"id":26509,"date":"2017-09-01T09:49:32","date_gmt":"2017-09-01T09:49:32","guid":{"rendered":"https:\/\/www.searchfurniture.co.uk\/shop-003\/product\/three-taps-00731201-set-baneraducha-table-thermostatic-%c2%b7-fixed-shower-300-x-300-mm-1-34-138-30-%c2%b7-shower-mobile-anticalcarea-006-639-01-%c2%b7-flexo-satin\/"},"modified":"2025-11-13T20:58:42","modified_gmt":"2025-11-13T20:58:42","slug":"three-taps-00731201-set-baneraducha-table-thermostatic-%c2%b7-fixed-shower-300-x-300-mm-1-34-138-30-%c2%b7-shower-mobile-anticalcarea-006-639-01-%c2%b7-flexo-satin","status":"publish","type":"product","link":"https:\/\/www.searchfurniture.co.uk\/shop-003\/product\/three-taps-00731201-set-baneraducha-table-thermostatic-%c2%b7-fixed-shower-300-x-300-mm-1-34-138-30-%c2%b7-shower-mobile-anticalcarea-006-639-01-%c2%b7-flexo-satin\/","title":{"rendered":"Tres Grifer\u00eda &#8211; TRESMOSTATIC &#8211; 02416404 &#8211; Termost\u00e1tica de ducha completa con Tomas de agua a pared &#8211; 00731201"},"content":{"rendered":"<p>Termost\u00e1tica de ducha completa con tomas de agua a pared \u00b7 V\u00e1lvulas antirretorno con cierre orientables.<br \/>\u00b7 Soporte ducha regulable.<br \/>\u00b7 Ducha fija \u00d8 310 mm.<br \/>\u00b7 Ducha m\u00f3vil anticalc\u00e1rea.<br \/>\u00b7 Flexo doble engatillado.<br \/>\u00b7 Barra telesc\u00f3pica<br \/>Descarga la ficha t\u00e9cnica aqu\u00ed<br \/>\n<div class=\"main-cross-sell\" data-asin=\"B00S18SFI2\">\n\n\t<div class=\"WooZone-cross-sell-loader\">\n\t\t<div>\n\t\t\t<div id=\"floatingBarsG\">\n\t\t\t\t<div class=\"blockG\" id=\"rotateG_01\"><\/div>\n\t\t\t\t<div class=\"blockG\" id=\"rotateG_02\"><\/div>\n\t\t\t\t<div class=\"blockG\" id=\"rotateG_03\"><\/div>\n\t\t\t\t<div class=\"blockG\" id=\"rotateG_04\"><\/div>\n\t\t\t\t<div class=\"blockG\" id=\"rotateG_05\"><\/div>\n\t\t\t\t<div class=\"blockG\" id=\"rotateG_06\"><\/div>\n\t\t\t\t<div class=\"blockG\" id=\"rotateG_07\"><\/div>\n\t\t\t\t<div class=\"blockG\" id=\"rotateG_08\"><\/div>\n\t\t\t<\/div>\n\t\t\t<div class=\"WooZone-cross-sell-loader-text\"><\/div>\n\t\t<\/div>\n\t<\/div>\n\n\t\t\n<\/div>\n<div style=\"clear:both;\"><\/div><\/p>\n","protected":false},"excerpt":{"rendered":"<p>Package weight :12.2kilograms<br \/>\nitem package dimensions (LxWxH) :27.5x39x78.5 centimeters<br \/>\nModel Number:00731201<\/p>\n","protected":false},"featured_media":26510,"comment_status":"open","ping_status":"closed","template":"","meta":[],"product_brand":[],"product_cat":[7524,19200,2067,19199,7523,1626,1625],"product_tag":[],"class_list":{"0":"post-26509","1":"product","2":"type-product","3":"status-publish","4":"has-post-thumbnail","6":"product_cat-bathroom-fixtures","7":"product_cat-bathroom-sink-taps","8":"product_cat-diy-and-tools","9":"product_cat-diy-and-tools-amazon-global-delivery-available","10":"product_cat-kitchen-and-bath-fixtures","11":"product_cat-regular-stores","12":"product_cat-substores","13":"pa_binding-diy-tools","14":"pa_brand-tres-griferia","15":"pa_ean-20080","16":"pa_eanlist-20081","17":"pa_label-tres-griferia","18":"pa_manufacturer-tres-griferia","19":"pa_model-20082","20":"pa_mpn-20083","21":"pa_packagedimensions-1083-3091-2690-1535","22":"pa_partnumber-20085","23":"pa_productgroup-home-improvement","24":"pa_producttypename-tools","25":"pa_publisher-tres-griferia","26":"pa_studio-tres-griferia","28":"first","29":"instock","30":"shipping-taxable","31":"product-type-simple"},"_links":{"self":[{"href":"https:\/\/www.searchfurniture.co.uk\/shop-003\/wp-json\/wp\/v2\/product\/26509","targetHints":{"allow":["GET"]}}],"collection":[{"href":"https:\/\/www.searchfurniture.co.uk\/shop-003\/wp-json\/wp\/v2\/product"}],"about":[{"href":"https:\/\/www.searchfurniture.co.uk\/shop-003\/wp-json\/wp\/v2\/types\/product"}],"replies":[{"embeddable":true,"href":"https:\/\/www.searchfurniture.co.uk\/shop-003\/wp-json\/wp\/v2\/comments?post=26509"}],"wp:featuredmedia":[{"embeddable":true,"href":"https:\/\/www.searchfurniture.co.uk\/shop-003\/wp-json\/wp\/v2\/media\/26510"}],"wp:attachment":[{"href":"https:\/\/www.searchfurniture.co.uk\/shop-003\/wp-json\/wp\/v2\/media?parent=26509"}],"wp:term":[{"taxonomy":"product_brand","embeddable":true,"href":"https:\/\/www.searchfurniture.co.uk\/shop-003\/wp-json\/wp\/v2\/product_brand?post=26509"},{"taxonomy":"product_cat","embeddable":true,"href":"https:\/\/www.searchfurniture.co.uk\/shop-003\/wp-json\/wp\/v2\/product_cat?post=26509"},{"taxonomy":"product_tag","embeddable":true,"href":"https:\/\/www.searchfurniture.co.uk\/shop-003\/wp-json\/wp\/v2\/product_tag?post=26509"}],"curies":[{"name":"wp","href":"https:\/\/api.w.org\/{rel}","templated":true}]}}