{"id":26427,"date":"2017-09-01T09:48:38","date_gmt":"2017-09-01T09:48:38","guid":{"rendered":"https:\/\/www.searchfurniture.co.uk\/shop-003\/product\/ideal-standard-tonic-ii-3-hole-bath-mixer-or-bath-filler-with-hand-shower-chrome-a6349aa\/"},"modified":"2025-11-13T20:57:07","modified_gmt":"2025-11-13T20:57:07","slug":"ideal-standard-tonic-ii-3-hole-bath-mixer-or-bath-filler-with-hand-shower-chrome-a6349aa","status":"publish","type":"product","link":"https:\/\/www.searchfurniture.co.uk\/shop-003\/product\/ideal-standard-tonic-ii-3-hole-bath-mixer-or-bath-filler-with-hand-shower-chrome-a6349aa\/","title":{"rendered":"Ideal Standard 3-Loch-Badearmatur TONIC II, o. Wanneneinlauf, mit Handbrause, Chrom, A6349AA"},"content":{"rendered":"<p>Einhebel Bade-3-Locharmatur DN 15 f\u00fcr Wannenrandmontage. Ohne Auslauf. Mit Umschaltventil zum Bef\u00fcllen der Wanne \u00fcber Ab- und \u00dcberlaufarmatur und automatischer R\u00fcckstellung von Handbrause auf Wanne. Auflagefl\u00e4che Durchmesser 60 mmit Bedienungshebel aus Metall, mit Rot-\/Blau Markierung auf dem Hebel. Handbrausehalter mit Handbrause 8ltr. Durchfluss, Brauseschlauch G1\/2 x 1750 mm und R\u00fcckflussverhinderer. Ausladung 222 mmit Multiport Kartusche Durchmesser 40 mm mit keramischen Dichtscheiben. Schwenkbereich 120 Grad. Integriertes Fettreservoir. Mit Hei\u00dfwasser &#8211; Temperaturbegrenzung. Ohne Montageplatte auf dem Wannenrand montierbar. Lebensdauertest EN 817. Ger\u00e4uschverhalten DIN 4109, Gruppe 1. Oberfl\u00e4che: Chrom Hersteller: Ideal Standard Serie: Tonic II Artikel-Nr.: A6349AA Optionales Zubeh\u00f6r: Montageplatte f\u00fcr Wannenrandmontage (A1009NU). Montagerahmen f\u00fcr Wannenrandmontage (A1010NU). Ablaufkasten f\u00fcr Wannenrandmontage (A1011NU).Metall, mit Rot-\/Blau Markierung auf dem Hebel. Handbrausehalter mit Handbrause 8ltr. Durchfluss, Brauseschlauch G1\/2 x 1750 mm und R\u00fcckflussverhinderer. Ausladung 222 mmit Multiport Kartusche Durchmesser 40 mm mit keramischen Dichtscheiben. Schwenkbereich 120 Grad. Integriertes Fettreservoir. Mit Hei\u00dfwasser &#8211; Temperaturbegrenzung. Ohne Montageplatte auf dem Wannenrand montierbar. Lebensdauertest EN 817. Ger\u00e4uschverhalten DIN 4109, Gruppe 1. Einhebel Bade-3-Locharmatur DN 15 f\u00fcr Wannenrandmontage. Ohne Auslauf. Mit Umschaltventil zum Bef\u00fcllen der Wanne \u00fcber Ab- und \u00dcberlaufarmatur und automatischer R\u00fcckstellung von Handbrause auf Wanne. Auflagefl\u00e4che Durchmesser 60 mmit Bedienungshebel aus<br \/>\n<div class=\"main-cross-sell\" data-asin=\"B073KXZYS4\">\n\n\t<div class=\"WooZone-cross-sell-loader\">\n\t\t<div>\n\t\t\t<div id=\"floatingBarsG\">\n\t\t\t\t<div class=\"blockG\" id=\"rotateG_01\"><\/div>\n\t\t\t\t<div class=\"blockG\" id=\"rotateG_02\"><\/div>\n\t\t\t\t<div class=\"blockG\" id=\"rotateG_03\"><\/div>\n\t\t\t\t<div class=\"blockG\" id=\"rotateG_04\"><\/div>\n\t\t\t\t<div class=\"blockG\" id=\"rotateG_05\"><\/div>\n\t\t\t\t<div class=\"blockG\" id=\"rotateG_06\"><\/div>\n\t\t\t\t<div class=\"blockG\" id=\"rotateG_07\"><\/div>\n\t\t\t\t<div class=\"blockG\" id=\"rotateG_08\"><\/div>\n\t\t\t<\/div>\n\t\t\t<div class=\"WooZone-cross-sell-loader-text\"><\/div>\n\t\t<\/div>\n\t<\/div>\n\n\t\t\n<\/div>\n<div style=\"clear:both;\"><\/div><\/p>\n","protected":false},"excerpt":{"rendered":"<p>Height: 125 mm<br \/>\nProjection: 220 mm<br \/>\nMaterial: brass\/plastic<\/p>\n","protected":false},"featured_media":26428,"comment_status":"open","ping_status":"closed","template":"","meta":[],"product_brand":[],"product_cat":[7524,2067,18,7523,13293,19254],"product_tag":[],"class_list":{"0":"post-26427","1":"product","2":"type-product","3":"status-publish","4":"has-post-thumbnail","6":"product_cat-bathroom-fixtures","7":"product_cat-diy-and-tools","8":"product_cat-home-and-garden","9":"product_cat-kitchen-and-bath-fixtures","10":"product_cat-shower-and-bath-taps","11":"product_cat-tub-taps","12":"pa_brand-ideal-standard","13":"pa_ean-19971","14":"pa_eanlist-19972","15":"pa_label-ideal-standard","16":"pa_manufacturer-ideal-standard","17":"pa_mpn-a6349aa","18":"pa_partnumber-a6349aa","19":"pa_productgroup-kitchen","20":"pa_producttypename-home_bed_and_bath","21":"pa_publisher-ideal-standard","22":"pa_studio-ideal-standard","24":"first","25":"instock","26":"shipping-taxable","27":"product-type-simple"},"_links":{"self":[{"href":"https:\/\/www.searchfurniture.co.uk\/shop-003\/wp-json\/wp\/v2\/product\/26427","targetHints":{"allow":["GET"]}}],"collection":[{"href":"https:\/\/www.searchfurniture.co.uk\/shop-003\/wp-json\/wp\/v2\/product"}],"about":[{"href":"https:\/\/www.searchfurniture.co.uk\/shop-003\/wp-json\/wp\/v2\/types\/product"}],"replies":[{"embeddable":true,"href":"https:\/\/www.searchfurniture.co.uk\/shop-003\/wp-json\/wp\/v2\/comments?post=26427"}],"wp:featuredmedia":[{"embeddable":true,"href":"https:\/\/www.searchfurniture.co.uk\/shop-003\/wp-json\/wp\/v2\/media\/26428"}],"wp:attachment":[{"href":"https:\/\/www.searchfurniture.co.uk\/shop-003\/wp-json\/wp\/v2\/media?parent=26427"}],"wp:term":[{"taxonomy":"product_brand","embeddable":true,"href":"https:\/\/www.searchfurniture.co.uk\/shop-003\/wp-json\/wp\/v2\/product_brand?post=26427"},{"taxonomy":"product_cat","embeddable":true,"href":"https:\/\/www.searchfurniture.co.uk\/shop-003\/wp-json\/wp\/v2\/product_cat?post=26427"},{"taxonomy":"product_tag","embeddable":true,"href":"https:\/\/www.searchfurniture.co.uk\/shop-003\/wp-json\/wp\/v2\/product_tag?post=26427"}],"curies":[{"name":"wp","href":"https:\/\/api.w.org\/{rel}","templated":true}]}}