{"id":120424,"date":"2025-12-06T21:52:11","date_gmt":"2025-12-06T21:52:11","guid":{"rendered":"https:\/\/www.searchfurniture.co.uk\/shop-003\/product\/51-convertible-loveseat-sofa-bed-2-in1-folding-sofa-bed-loveseat-sleeper-sofa-for-small-spaces-fold-out-floor-couch-with-2-pillows-for-apartment-living-room-guest-room-green-chenille-fabric\/"},"modified":"2025-12-06T21:52:11","modified_gmt":"2025-12-06T21:52:11","slug":"51-convertible-loveseat-sofa-bed-2-in1-folding-sofa-bed-loveseat-sleeper-sofa-for-small-spaces-fold-out-floor-couch-with-2-pillows-for-apartment-living-room-guest-room-green-chenille-fabric","status":"publish","type":"product","link":"https:\/\/www.searchfurniture.co.uk\/shop-003\/product\/51-convertible-loveseat-sofa-bed-2-in1-folding-sofa-bed-loveseat-sleeper-sofa-for-small-spaces-fold-out-floor-couch-with-2-pillows-for-apartment-living-room-guest-room-green-chenille-fabric\/","title":{"rendered":"51&#8243; Convertible Loveseat Sofa Bed, 2 in1 Folding Sofa Bed, Loveseat Sleeper Sofa for Small Spaces, Fold Out Floor Couch with 2 Pillows for Apartment, Living Room &#038; Guest Room, Green Chenille Fabric"},"content":{"rendered":"<p>Multi-Functional Comfort: Effortlessly converts from a stylish loveseat to a spacious sleeper bed (supports up to 600 lbs), perfect for overnight guests or cozy lounging. High-density foam cushions and ergonomic design ensure all-day comfort<br \/>\nSpace-Saving Design for Apartments: Ideal for studios, dorms, or small living rooms! Compact 51-inch width and minimalist silhouette maximize space without sacrificing style. Includes storage-friendly side pockets and matching decorative pillows<br \/>\nDurable, easy to clean and non-slippery: Premium chenille removable cover fabric makes maintenance easy, perfect for busy homes or rental spaces and the non-slip bottom design makes the sofa bed less likely to slide.<br \/>\nModern Style, Easy Assembly: Clean look and solid wood legs elevate your d\u00e9cor. 60% pre-assembled, tools included! Assembles in 30 minutes with step-by-step instructions<br \/>\nPro Tip: Measure your space (Loveseat: 51&#8243;W\u00d730&#8243;D\u00d736&#8243;H, Sleeping area: 83&#8243;L\u00d743.5&#8243;W) &#038; Avoid Returns &#8211; 600lb Weight Capacity (272kg)<br \/>\n<div class=\"main-cross-sell\" data-asin=\"B0F183GG3Q\">\n\n\t<div class=\"WooZone-cross-sell-loader\">\n\t\t<div>\n\t\t\t<div id=\"floatingBarsG\">\n\t\t\t\t<div class=\"blockG\" id=\"rotateG_01\"><\/div>\n\t\t\t\t<div class=\"blockG\" id=\"rotateG_02\"><\/div>\n\t\t\t\t<div class=\"blockG\" id=\"rotateG_03\"><\/div>\n\t\t\t\t<div class=\"blockG\" id=\"rotateG_04\"><\/div>\n\t\t\t\t<div class=\"blockG\" id=\"rotateG_05\"><\/div>\n\t\t\t\t<div class=\"blockG\" id=\"rotateG_06\"><\/div>\n\t\t\t\t<div class=\"blockG\" id=\"rotateG_07\"><\/div>\n\t\t\t\t<div class=\"blockG\" id=\"rotateG_08\"><\/div>\n\t\t\t<\/div>\n\t\t\t<div class=\"WooZone-cross-sell-loader-text\"><\/div>\n\t\t<\/div>\n\t<\/div>\n\n\t\t\n<\/div>\n<div style=\"clear:both;\"><\/div><\/p>\n","protected":false},"excerpt":{"rendered":"<p>Multi-Functional Comfort: Effortlessly converts from a stylish loveseat to a spacious sleeper bed (supports up to 600 lbs), perfect for overnight guests or cozy lounging. High-density foam cushions and ergonomic design ensure all-day comfort<br \/>\nSpace-Saving Design for Apartments: Ideal for studios, dorms, or small living rooms! Compact 51-inch width and minimalist silhouette maximize space without sacrificing style. Includes storage-friendly side pockets and matching decorative pillows<br \/>\nDurable, easy to clean and non-slippery: Premium chenille removable cover fabric makes maintenance easy, perfect for busy homes or rental spaces and the non-slip bottom design makes the sofa bed less likely to slide.<\/p>\n","protected":false},"featured_media":120425,"comment_status":"open","ping_status":"closed","template":"","meta":[],"product_brand":[],"product_cat":[20,19,99,3308],"product_tag":[],"class_list":{"0":"post-120424","1":"product","2":"type-product","3":"status-publish","4":"has-post-thumbnail","6":"product_cat-furniture","7":"product_cat-home-and-kitchen","8":"product_cat-living-room-furniture","9":"product_cat-sofas-and-couches","10":"pa_brand-myroyalsit","11":"pa_color-green","12":"pa_height-36-inches","13":"pa_length-30-inches","14":"pa_manufacturer-myroyalsit","15":"pa_model-sleepersofabed-01","16":"pa_packagequantity-30","17":"pa_part-number-sleepersofabed-01","18":"pa_weight-63-pounds","19":"pa_width-51-inches","21":"first","22":"instock","23":"shipping-taxable","24":"purchasable","25":"product-type-simple"},"_links":{"self":[{"href":"https:\/\/www.searchfurniture.co.uk\/shop-003\/wp-json\/wp\/v2\/product\/120424","targetHints":{"allow":["GET"]}}],"collection":[{"href":"https:\/\/www.searchfurniture.co.uk\/shop-003\/wp-json\/wp\/v2\/product"}],"about":[{"href":"https:\/\/www.searchfurniture.co.uk\/shop-003\/wp-json\/wp\/v2\/types\/product"}],"replies":[{"embeddable":true,"href":"https:\/\/www.searchfurniture.co.uk\/shop-003\/wp-json\/wp\/v2\/comments?post=120424"}],"wp:featuredmedia":[{"embeddable":true,"href":"https:\/\/www.searchfurniture.co.uk\/shop-003\/wp-json\/wp\/v2\/media\/120425"}],"wp:attachment":[{"href":"https:\/\/www.searchfurniture.co.uk\/shop-003\/wp-json\/wp\/v2\/media?parent=120424"}],"wp:term":[{"taxonomy":"product_brand","embeddable":true,"href":"https:\/\/www.searchfurniture.co.uk\/shop-003\/wp-json\/wp\/v2\/product_brand?post=120424"},{"taxonomy":"product_cat","embeddable":true,"href":"https:\/\/www.searchfurniture.co.uk\/shop-003\/wp-json\/wp\/v2\/product_cat?post=120424"},{"taxonomy":"product_tag","embeddable":true,"href":"https:\/\/www.searchfurniture.co.uk\/shop-003\/wp-json\/wp\/v2\/product_tag?post=120424"}],"curies":[{"name":"wp","href":"https:\/\/api.w.org\/{rel}","templated":true}]}}