{"id":75896,"date":"2017-07-26T08:32:22","date_gmt":"2017-07-26T08:32:22","guid":{"rendered":"https:\/\/www.searchfurniture.co.uk\/shop-002\/product\/daikin-ftxb25crxb25c-air-conditioner-split-system-air-conditioners-a-a-wall-mountable\/"},"modified":"2019-11-29T20:18:07","modified_gmt":"2019-11-29T20:18:07","slug":"daikin-ftxb25crxb25c-air-conditioner-split-system-air-conditioners-a-a-wall-mountable","status":"publish","type":"product","link":"https:\/\/www.searchfurniture.co.uk\/shop-002\/product\/daikin-ftxb25crxb25c-air-conditioner-split-system-air-conditioners-a-a-wall-mountable\/","title":{"rendered":"Daikin FTXB25C\/RXB25C air conditioner &#8211; split-system air conditioners (A+, A+, Wall-mountable)"},"content":{"rendered":"<p>Daikin FTXB25C\/RXB25C. Classe efficienza energetica (raffreddamento): A+, Classe di efficienza energetica (riscaldamento) (stagione di riscladamento media): A+, Consumo energetico annuale (raffreddamento): 145 kWh. Installazione: Montabile a parete, Rumorosit\u00e0 (unit\u00e0 interna): 61 dBi, Larghezza unit\u00e0 interna: 77 cm<br \/>\nDAIKIN<br \/>\n4548848341207<br \/>\n<div class=\"main-cross-sell\" data-asin=\"B012VTFDPO\">\n\n\t<div class=\"WooZone-cross-sell-loader\">\n\t\t<div>\n\t\t\t<div id=\"floatingBarsG\">\n\t\t\t\t<div class=\"blockG\" id=\"rotateG_01\"><\/div>\n\t\t\t\t<div class=\"blockG\" id=\"rotateG_02\"><\/div>\n\t\t\t\t<div class=\"blockG\" id=\"rotateG_03\"><\/div>\n\t\t\t\t<div class=\"blockG\" id=\"rotateG_04\"><\/div>\n\t\t\t\t<div class=\"blockG\" id=\"rotateG_05\"><\/div>\n\t\t\t\t<div class=\"blockG\" id=\"rotateG_06\"><\/div>\n\t\t\t\t<div class=\"blockG\" id=\"rotateG_07\"><\/div>\n\t\t\t\t<div class=\"blockG\" id=\"rotateG_08\"><\/div>\n\t\t\t<\/div>\n\t\t\t<div class=\"WooZone-cross-sell-loader-text\"><\/div>\n\t\t<\/div>\n\t<\/div>\n\n\t\t\n<\/div>\n<div style=\"clear:both;\"><\/div><\/p>\n","protected":false},"excerpt":{"rendered":"<p>DAIKIN<br \/>\n4548848341207<\/p>\n","protected":false},"featured_media":75897,"comment_status":"open","ping_status":"closed","template":"","meta":[],"product_brand":[],"product_cat":[46412,18773,8,9,19129,59074],"product_tag":[],"class_list":{"0":"post-75896","1":"product","2":"type-product","3":"status-publish","4":"has-post-thumbnail","6":"product_cat-air-conditioners","7":"product_cat-heating-and-cooling","8":"product_cat-home-and-garden","9":"product_cat-home-and-kitchen","10":"product_cat-kitchen-and-home-appliances","11":"product_cat-split-system-air-conditioners","13":"first","14":"instock","15":"shipping-taxable","16":"purchasable","17":"product-type-simple"},"_links":{"self":[{"href":"https:\/\/www.searchfurniture.co.uk\/shop-002\/wp-json\/wp\/v2\/product\/75896","targetHints":{"allow":["GET"]}}],"collection":[{"href":"https:\/\/www.searchfurniture.co.uk\/shop-002\/wp-json\/wp\/v2\/product"}],"about":[{"href":"https:\/\/www.searchfurniture.co.uk\/shop-002\/wp-json\/wp\/v2\/types\/product"}],"replies":[{"embeddable":true,"href":"https:\/\/www.searchfurniture.co.uk\/shop-002\/wp-json\/wp\/v2\/comments?post=75896"}],"wp:featuredmedia":[{"embeddable":true,"href":"https:\/\/www.searchfurniture.co.uk\/shop-002\/wp-json\/wp\/v2\/media\/75897"}],"wp:attachment":[{"href":"https:\/\/www.searchfurniture.co.uk\/shop-002\/wp-json\/wp\/v2\/media?parent=75896"}],"wp:term":[{"taxonomy":"product_brand","embeddable":true,"href":"https:\/\/www.searchfurniture.co.uk\/shop-002\/wp-json\/wp\/v2\/product_brand?post=75896"},{"taxonomy":"product_cat","embeddable":true,"href":"https:\/\/www.searchfurniture.co.uk\/shop-002\/wp-json\/wp\/v2\/product_cat?post=75896"},{"taxonomy":"product_tag","embeddable":true,"href":"https:\/\/www.searchfurniture.co.uk\/shop-002\/wp-json\/wp\/v2\/product_tag?post=75896"}],"curies":[{"name":"wp","href":"https:\/\/api.w.org\/{rel}","templated":true}]}}