{"id":58295,"date":"2017-06-22T16:17:29","date_gmt":"2017-06-22T16:17:29","guid":{"rendered":"https:\/\/www.searchfurniture.co.uk\/shop-002\/product\/faro-33605-mini-malaga-ceiling-fan-in-brown\/"},"modified":"2019-11-29T19:16:22","modified_gmt":"2019-11-29T19:16:22","slug":"faro-33605-mini-malaga-ceiling-fan-in-brown","status":"publish","type":"product","link":"https:\/\/www.searchfurniture.co.uk\/shop-002\/product\/faro-33605-mini-malaga-ceiling-fan-in-brown\/","title":{"rendered":"Faro 33605\u00a0&#8211;\u00a0Mini Malaga Ceiling Fan in Brown"},"content":{"rendered":"<p>FARO <\/p>\n<p>Ventilateur de plafond 106 cm marron pales bi colores.<br \/>Mod\u00e8le : MINI MALLORCA <\/p>\n<p>MINI MALLORCA est un ventilateur de plafond aux lignes moderne corps marron et pales brun fonc\u00e9\/rouge cerise.<br \/>MINI MALLORCA est pens\u00e9 pour \u00eatre install\u00e9 tr\u00e9s facilement, et en assurer un netoyage \u00e9galement simplifi\u00e9.<\/p>\n<p>Id\u00e9al pour la ventilation de pi\u00e8ces de 13 m\u00b2 \u00e0 25 m\u00b2.<\/p>\n<p>Moteur est fabriqu\u00e9 en acier couleur marron et pales en MDF brun fonc\u00e9\/rouge cerise.<\/p>\n<p>MINI MALLORCA est dot\u00e9 de 3 vitesses permettant un r\u00e9glage precis avec une consommation raisonable: de 10-21-41W et 80-145-180 rpm tours par minute selon la vitesse.<\/p>\n<p>MALLORCA est contr\u00f4l\u00e9 par une t\u00e9l\u00e9commande.<\/p>\n<p>Ventilateur avec fonction \u00e9t\u00e9 \/ hiver ce qui en fait un vecteur d amelioration de votre syst\u00e8me de chauffage, dans le cas de plafond avec plus de 2,6 m de hauteur.<\/p>\n<p>______________________________________________________________________________________________________________________________________<\/p>\n<p>Caract\u00e9ristiques techniques :<\/p>\n<p>Surface de port\u00e9e : 13 &#8211; 25 m2<br \/>Syst\u00e8me d \u00e9clairage : sans<br \/>Commande : T\u00e9l\u00e9commande<br \/>Syst\u00e8me r\u00e9versible.<br \/>Nombre de Vitesse : 3<br \/>Finition : 3 Pales MDF brun fonc\u00e9\/rouge cerise et corps en acier marron.<br \/>Installation possible sur un plafond en pente \u00e0 30\u00b0<br \/>Diam\u00e8tre : 106 cm<br \/>Hauteur totale : 27 cm<br \/>Poids : 3,9 Kg<br \/>Normes : THUV-GS-CE-RHOS<br \/> Garantie : 15 ans pour le moteur <\/p>\n<p>Caract\u00e9ristiques :<br \/>Couleur: Marron<\/p>\n<p>Speed Settings: 3<br \/>\nPower consumption depending on speed: 10-21-41\u00a0W<br \/>\nRevolutions per minute: 80-145-180<br \/>\n<div class=\"main-cross-sell\" data-asin=\"B00SAZK9XA\">\n\n\t<div class=\"WooZone-cross-sell-loader\">\n\t\t<div>\n\t\t\t<div id=\"floatingBarsG\">\n\t\t\t\t<div class=\"blockG\" id=\"rotateG_01\"><\/div>\n\t\t\t\t<div class=\"blockG\" id=\"rotateG_02\"><\/div>\n\t\t\t\t<div class=\"blockG\" id=\"rotateG_03\"><\/div>\n\t\t\t\t<div class=\"blockG\" id=\"rotateG_04\"><\/div>\n\t\t\t\t<div class=\"blockG\" id=\"rotateG_05\"><\/div>\n\t\t\t\t<div class=\"blockG\" id=\"rotateG_06\"><\/div>\n\t\t\t\t<div class=\"blockG\" id=\"rotateG_07\"><\/div>\n\t\t\t\t<div class=\"blockG\" id=\"rotateG_08\"><\/div>\n\t\t\t<\/div>\n\t\t\t<div class=\"WooZone-cross-sell-loader-text\"><\/div>\n\t\t<\/div>\n\t<\/div>\n\n\t\t\n<\/div>\n<div style=\"clear:both;\"><\/div><\/p>\n","protected":false},"excerpt":{"rendered":"<p>Speed Settings: 3<br \/>\nPower consumption depending on speed: 10-21-41\u00a0W<br \/>\nRevolutions per minute: 80-145-180<\/p>\n","protected":false},"featured_media":58296,"comment_status":"open","ping_status":"closed","template":"","meta":[],"product_brand":[],"product_cat":[24491,198,197,5966],"product_tag":[],"class_list":{"0":"post-58295","1":"product","2":"type-product","3":"status-publish","4":"has-post-thumbnail","6":"product_cat-ceiling-fans-with-lamp","7":"product_cat-indoor-lighting","8":"product_cat-lighting","9":"product_cat-specialty-and-decorative-lighting","11":"first","12":"instock","13":"shipping-taxable","14":"purchasable","15":"product-type-simple"},"_links":{"self":[{"href":"https:\/\/www.searchfurniture.co.uk\/shop-002\/wp-json\/wp\/v2\/product\/58295","targetHints":{"allow":["GET"]}}],"collection":[{"href":"https:\/\/www.searchfurniture.co.uk\/shop-002\/wp-json\/wp\/v2\/product"}],"about":[{"href":"https:\/\/www.searchfurniture.co.uk\/shop-002\/wp-json\/wp\/v2\/types\/product"}],"replies":[{"embeddable":true,"href":"https:\/\/www.searchfurniture.co.uk\/shop-002\/wp-json\/wp\/v2\/comments?post=58295"}],"wp:featuredmedia":[{"embeddable":true,"href":"https:\/\/www.searchfurniture.co.uk\/shop-002\/wp-json\/wp\/v2\/media\/58296"}],"wp:attachment":[{"href":"https:\/\/www.searchfurniture.co.uk\/shop-002\/wp-json\/wp\/v2\/media?parent=58295"}],"wp:term":[{"taxonomy":"product_brand","embeddable":true,"href":"https:\/\/www.searchfurniture.co.uk\/shop-002\/wp-json\/wp\/v2\/product_brand?post=58295"},{"taxonomy":"product_cat","embeddable":true,"href":"https:\/\/www.searchfurniture.co.uk\/shop-002\/wp-json\/wp\/v2\/product_cat?post=58295"},{"taxonomy":"product_tag","embeddable":true,"href":"https:\/\/www.searchfurniture.co.uk\/shop-002\/wp-json\/wp\/v2\/product_tag?post=58295"}],"curies":[{"name":"wp","href":"https:\/\/api.w.org\/{rel}","templated":true}]}}