{"id":5588,"date":"2017-03-28T09:51:21","date_gmt":"2017-03-28T09:51:21","guid":{"rendered":"https:\/\/www.searchfurniture.co.uk\/shop-002\/product\/etageres-3-tiroirs-collection-serious-line-by-craften-wood\/"},"modified":"2019-11-29T16:23:32","modified_gmt":"2019-11-29T16:23:32","slug":"etageres-3-tiroirs-collection-serious-line-by-craften-wood","status":"publish","type":"product","link":"https:\/\/www.searchfurniture.co.uk\/shop-002\/product\/etageres-3-tiroirs-collection-serious-line-by-craften-wood\/","title":{"rendered":"Estanter\u00eda 3 cajones &#8211; Colecci\u00f3n Serious Line by Craftenwood"},"content":{"rendered":"<p>\u00a1Renueva tu hogar con Colecci\u00f3n Serious Line! Encontrar\u00e1s muchos productos con los que podr\u00e1s darle al mobiliario o la decoraci\u00f3n de tu hogar el sello de identidad que estabas buscando.Si quieres darle a tu hogar un aire de originalidad, con Estanter\u00eda 3 cajones &#8211; Colecci\u00f3n Serious Line by Craftenwood lo conseguir\u00e1s.Craftenwood<br \/>\n<div class=\"main-cross-sell\" data-asin=\"B01KYLFP8G\">\n\n\t<div class=\"WooZone-cross-sell-loader\">\n\t\t<div>\n\t\t\t<div id=\"floatingBarsG\">\n\t\t\t\t<div class=\"blockG\" id=\"rotateG_01\"><\/div>\n\t\t\t\t<div class=\"blockG\" id=\"rotateG_02\"><\/div>\n\t\t\t\t<div class=\"blockG\" id=\"rotateG_03\"><\/div>\n\t\t\t\t<div class=\"blockG\" id=\"rotateG_04\"><\/div>\n\t\t\t\t<div class=\"blockG\" id=\"rotateG_05\"><\/div>\n\t\t\t\t<div class=\"blockG\" id=\"rotateG_06\"><\/div>\n\t\t\t\t<div class=\"blockG\" id=\"rotateG_07\"><\/div>\n\t\t\t\t<div class=\"blockG\" id=\"rotateG_08\"><\/div>\n\t\t\t<\/div>\n\t\t\t<div class=\"WooZone-cross-sell-loader-text\"><\/div>\n\t\t<\/div>\n\t<\/div>\n\n\t\t\n<\/div>\n<div style=\"clear:both;\"><\/div><\/p>\n","protected":false},"excerpt":{"rendered":"<p>\u00a1Renueva tu hogar con Colecci\u00f3n Serious Line! Encontrar\u00e1s muchos productos con los que podr\u00e1s darle al mobiliario o la decoraci\u00f3n de tu hogar el sello de identidad que estabas buscando.Si quieres darle a tu hogar un aire de originalidad, con Estanter\u00eda 3 cajones &#8211; Colecci\u00f3n Serious Line by Craftenwood lo conseguir\u00e1s.Craftenwood<\/p>\n","protected":false},"featured_media":5589,"comment_status":"open","ping_status":"closed","template":"","meta":[],"product_brand":[],"product_cat":[569,627,10,1501,8,9,607],"product_tag":[],"class_list":{"0":"post-5588","1":"product","2":"type-product","3":"status-publish","4":"has-post-thumbnail","6":"product_cat-bookcases","7":"product_cat-cabinets-racks-and-shelves","8":"product_cat-furniture","9":"product_cat-garden-and-outdoors","10":"product_cat-home-and-garden","11":"product_cat-home-and-kitchen","12":"product_cat-home-office-furniture","14":"first","15":"instock","16":"shipping-taxable","17":"product-type-simple"},"_links":{"self":[{"href":"https:\/\/www.searchfurniture.co.uk\/shop-002\/wp-json\/wp\/v2\/product\/5588","targetHints":{"allow":["GET"]}}],"collection":[{"href":"https:\/\/www.searchfurniture.co.uk\/shop-002\/wp-json\/wp\/v2\/product"}],"about":[{"href":"https:\/\/www.searchfurniture.co.uk\/shop-002\/wp-json\/wp\/v2\/types\/product"}],"replies":[{"embeddable":true,"href":"https:\/\/www.searchfurniture.co.uk\/shop-002\/wp-json\/wp\/v2\/comments?post=5588"}],"wp:featuredmedia":[{"embeddable":true,"href":"https:\/\/www.searchfurniture.co.uk\/shop-002\/wp-json\/wp\/v2\/media\/5589"}],"wp:attachment":[{"href":"https:\/\/www.searchfurniture.co.uk\/shop-002\/wp-json\/wp\/v2\/media?parent=5588"}],"wp:term":[{"taxonomy":"product_brand","embeddable":true,"href":"https:\/\/www.searchfurniture.co.uk\/shop-002\/wp-json\/wp\/v2\/product_brand?post=5588"},{"taxonomy":"product_cat","embeddable":true,"href":"https:\/\/www.searchfurniture.co.uk\/shop-002\/wp-json\/wp\/v2\/product_cat?post=5588"},{"taxonomy":"product_tag","embeddable":true,"href":"https:\/\/www.searchfurniture.co.uk\/shop-002\/wp-json\/wp\/v2\/product_tag?post=5588"}],"curies":[{"name":"wp","href":"https:\/\/api.w.org\/{rel}","templated":true}]}}