{"id":189,"date":"2017-03-27T08:10:35","date_gmt":"2017-03-27T08:10:35","guid":{"rendered":"https:\/\/www.searchfurniture.co.uk\/shop-002\/product\/pelipal-granada-72-cm-ceramic-bathroom-furniture-set-in-varnished-white\/"},"modified":"2019-11-29T16:07:11","modified_gmt":"2019-11-29T16:07:11","slug":"pelipal-granada-72-cm-ceramic-bathroom-furniture-set-in-varnished-white","status":"publish","type":"product","link":"https:\/\/www.searchfurniture.co.uk\/shop-002\/product\/pelipal-granada-72-cm-ceramic-bathroom-furniture-set-in-varnished-white\/","title":{"rendered":"Pelipal Granada Badm\u00f6bel Set 72 cm Keramik in lackwei\u00df"},"content":{"rendered":"<p>,nLieferumfang, falls keine \u00c4nderungen auf unserer Homepage vorgenommen wird.n- Keramikwaschtisch 75x810x490 in wei\u00dfn- Waschtischunterschrank mit 2 Ausz\u00fcgen in 545x720x440 mmn- Spiegelschrank lack wei\u00df hochglanz mit 3 Spiegelt\u00fcren, 6 Einlegeb\u00f6den mmn nOptional gegen Aufpreis erh\u00e4ltlich:n- Hochschrank mit 2 Dreht\u00fcren, Anschlag rechts, einem Schubkasten und drei Einlegeb\u00f6den in 1820x300x380 mmn- Hochschrank mit 2 Dreht\u00fcren, Anschlag links, einem Schubkasten und drei Einlegeb\u00f6den in 1820x300x380 mmn- Hochschrank mit 4 Dreht\u00fcren, einem Schubkasten und drei Einlegeb\u00f6den in 1820x300x380 mmn- Midischrank mit einer Dreht\u00fcr, Anschlag rechts, einem Schubkasten, 2 Einlegeb\u00f6den inklusive Abdeckplatte in 1280x300x380 mmn- Midischrank mit einer Dreht\u00fcr, Anschlag links, einem Schubkasten, 2 Einlegeb\u00f6den inklusive Abdeckplatte in 1280x300x380 mmn- Midischrank mit zwei Dreht\u00fcren, einem Schubkasten, 2 Einlegeb\u00f6den inklusive Abdeckplatte in 1280x300x380 mmn- Unterschrank mit einer Dreht\u00fcr, Anschlag rechts, einem Schubkasten, einem Einlegeboden inklusive Abdeckplatte in 730x300x380 mmn- Unterschrank mit einer Dreht\u00fcr, Anschlag links, einem Schubkasten, einem Einlegeboden inklusive Abdeckplatte in 730x300x380 mmn- Unterschrank mit zwei Dreht\u00fcren, einem Schubkasten, einem Einlegeboden inklusive Abdeckplatte in 730x300x380 mmn- Unterschrank mit zwei Schubk\u00e4sten inklusive Abdeckplatte in 560x880x380 mmn- Wandschrank mit einer Dreht\u00fcr, Anschlag rechts, 2 Einlegeb\u00f6den in 730x300x180 mmn- Wandschrank mit einer Dreht\u00fcr, Anschlag links, 2 Einlegeb\u00f6den in 730x300x180 mmn- Wandschrank mit zwei Dreht\u00fcr, 2 Einlegeb\u00f6den in 730x300x180 mmn nKorpusnKorpusqualit\u00e4t in verschiedenen Farbstellungen<br \/>\nM\u00f6bel<br \/>\nBadm\u00f6bel-Set<br \/>\n<div class=\"main-cross-sell\" data-asin=\"B01N1YG8FI\">\n\n\t<div class=\"WooZone-cross-sell-loader\">\n\t\t<div>\n\t\t\t<div id=\"floatingBarsG\">\n\t\t\t\t<div class=\"blockG\" id=\"rotateG_01\"><\/div>\n\t\t\t\t<div class=\"blockG\" id=\"rotateG_02\"><\/div>\n\t\t\t\t<div class=\"blockG\" id=\"rotateG_03\"><\/div>\n\t\t\t\t<div class=\"blockG\" id=\"rotateG_04\"><\/div>\n\t\t\t\t<div class=\"blockG\" id=\"rotateG_05\"><\/div>\n\t\t\t\t<div class=\"blockG\" id=\"rotateG_06\"><\/div>\n\t\t\t\t<div class=\"blockG\" id=\"rotateG_07\"><\/div>\n\t\t\t\t<div class=\"blockG\" id=\"rotateG_08\"><\/div>\n\t\t\t<\/div>\n\t\t\t<div class=\"WooZone-cross-sell-loader-text\"><\/div>\n\t\t<\/div>\n\t<\/div>\n\n\t\t\n<\/div>\n<div style=\"clear:both;\"><\/div><\/p>\n","protected":false},"excerpt":{"rendered":"<p>M\u00f6bel<br \/>\nBadm\u00f6bel-Set<\/p>\n","protected":false},"featured_media":190,"comment_status":"open","ping_status":"closed","template":"","meta":[],"product_brand":[],"product_cat":[11,10,8,9,63],"product_tag":[],"class_list":{"0":"post-189","1":"product","2":"type-product","3":"status-publish","4":"has-post-thumbnail","6":"product_cat-bathroom-furniture","7":"product_cat-furniture","8":"product_cat-home-and-garden","9":"product_cat-home-and-kitchen","10":"product_cat-wash-stands-and-vanity-units","12":"first","13":"instock","14":"shipping-taxable","15":"purchasable","16":"product-type-simple"},"_links":{"self":[{"href":"https:\/\/www.searchfurniture.co.uk\/shop-002\/wp-json\/wp\/v2\/product\/189","targetHints":{"allow":["GET"]}}],"collection":[{"href":"https:\/\/www.searchfurniture.co.uk\/shop-002\/wp-json\/wp\/v2\/product"}],"about":[{"href":"https:\/\/www.searchfurniture.co.uk\/shop-002\/wp-json\/wp\/v2\/types\/product"}],"replies":[{"embeddable":true,"href":"https:\/\/www.searchfurniture.co.uk\/shop-002\/wp-json\/wp\/v2\/comments?post=189"}],"wp:featuredmedia":[{"embeddable":true,"href":"https:\/\/www.searchfurniture.co.uk\/shop-002\/wp-json\/wp\/v2\/media\/190"}],"wp:attachment":[{"href":"https:\/\/www.searchfurniture.co.uk\/shop-002\/wp-json\/wp\/v2\/media?parent=189"}],"wp:term":[{"taxonomy":"product_brand","embeddable":true,"href":"https:\/\/www.searchfurniture.co.uk\/shop-002\/wp-json\/wp\/v2\/product_brand?post=189"},{"taxonomy":"product_cat","embeddable":true,"href":"https:\/\/www.searchfurniture.co.uk\/shop-002\/wp-json\/wp\/v2\/product_cat?post=189"},{"taxonomy":"product_tag","embeddable":true,"href":"https:\/\/www.searchfurniture.co.uk\/shop-002\/wp-json\/wp\/v2\/product_tag?post=189"}],"curies":[{"name":"wp","href":"https:\/\/api.w.org\/{rel}","templated":true}]}}