{"id":108736,"date":"2017-08-14T19:15:59","date_gmt":"2017-08-14T19:15:59","guid":{"rendered":"https:\/\/www.searchfurniture.co.uk\/shop-002\/product\/grohe-19364000-veris-thermostatic-shower-mixer-with-diverter-without-concealed-body-rapido\/"},"modified":"2019-11-28T22:07:58","modified_gmt":"2019-11-28T22:07:58","slug":"grohe-19364000-veris-thermostatic-shower-mixer-with-diverter-without-concealed-body-rapido","status":"publish","type":"product","link":"https:\/\/www.searchfurniture.co.uk\/shop-002\/product\/grohe-19364000-veris-thermostatic-shower-mixer-with-diverter-without-concealed-body-rapido\/","title":{"rendered":"GROHE 19364000 | Veris Thermostatic Shower Mixer"},"content":{"rendered":"<p>GROHE VerisThermostat mit integrierter2-Wege-Umstellungf\u00fcr Wanne oder Duschemit mehr als einer BrauseFertigmontageset f\u00fcr Rapido T 35 500 000(ohne Unterputz-Einbauk\u00f6rper)GROHE StarLight Oberfl\u00e4cheGROHE SafeStop PlusSicherheitssperre bei 38 Grad C undzus\u00e4tzlich einstellbare max.Temperaturbegrenzung bei 43 Grad CAquadimmer mit Mehrfachfunktion:- Absperrung und Mengenregulierung- Umstellung f\u00fcr 2 Abg\u00e4ngeWandrosette mit GROHE QuickFixmit verdeckter Rosetten- undSchaftabdichtung, verdeckte BefestigungMetallrosetteMetallgriffechrom<br \/>\nHigh Pressure | Over 1.0 Bar<br \/>\nScratch resistant and long lasting chrome finish<br \/>\nEffortless to maintain and install<br \/>\nTemperature settings to prevent over-heated water and hot surfaces<br \/>\n5 Year Manufacturer&#8217;s Warranty<br \/>\nWRAS Approved<br \/>\n<div class=\"main-cross-sell\" data-asin=\"B003NA62V0\">\n\n\t<div class=\"WooZone-cross-sell-loader\">\n\t\t<div>\n\t\t\t<div id=\"floatingBarsG\">\n\t\t\t\t<div class=\"blockG\" id=\"rotateG_01\"><\/div>\n\t\t\t\t<div class=\"blockG\" id=\"rotateG_02\"><\/div>\n\t\t\t\t<div class=\"blockG\" id=\"rotateG_03\"><\/div>\n\t\t\t\t<div class=\"blockG\" id=\"rotateG_04\"><\/div>\n\t\t\t\t<div class=\"blockG\" id=\"rotateG_05\"><\/div>\n\t\t\t\t<div class=\"blockG\" id=\"rotateG_06\"><\/div>\n\t\t\t\t<div class=\"blockG\" id=\"rotateG_07\"><\/div>\n\t\t\t\t<div class=\"blockG\" id=\"rotateG_08\"><\/div>\n\t\t\t<\/div>\n\t\t\t<div class=\"WooZone-cross-sell-loader-text\"><\/div>\n\t\t<\/div>\n\t<\/div>\n\n\t\t\n<\/div>\n<div style=\"clear:both;\"><\/div><\/p>\n","protected":false},"excerpt":{"rendered":"<p>High Pressure | Over 1.0 Bar<br \/>\nScratch resistant and long lasting chrome finish<br \/>\nEffortless to maintain and install<\/p>\n","protected":false},"featured_media":108737,"comment_status":"open","ping_status":"closed","template":"","meta":[],"product_brand":[],"product_cat":[31549,89,79,2115,80,2114,6699,2113],"product_tag":[],"class_list":{"0":"post-108736","1":"product","2":"type-product","3":"status-publish","4":"has-post-thumbnail","6":"product_cat-bath-and-shower-systems","7":"product_cat-bathroom-fixtures","8":"product_cat-diy-and-tools","9":"product_cat-diy-and-tools-amazon-global-delivery-available","10":"product_cat-kitchen-and-bath-fixtures","11":"product_cat-regular-stores","12":"product_cat-shower-and-bath-taps","13":"product_cat-substores","15":"first","16":"instock","17":"shipping-taxable","18":"purchasable","19":"product-type-simple"},"_links":{"self":[{"href":"https:\/\/www.searchfurniture.co.uk\/shop-002\/wp-json\/wp\/v2\/product\/108736","targetHints":{"allow":["GET"]}}],"collection":[{"href":"https:\/\/www.searchfurniture.co.uk\/shop-002\/wp-json\/wp\/v2\/product"}],"about":[{"href":"https:\/\/www.searchfurniture.co.uk\/shop-002\/wp-json\/wp\/v2\/types\/product"}],"replies":[{"embeddable":true,"href":"https:\/\/www.searchfurniture.co.uk\/shop-002\/wp-json\/wp\/v2\/comments?post=108736"}],"wp:featuredmedia":[{"embeddable":true,"href":"https:\/\/www.searchfurniture.co.uk\/shop-002\/wp-json\/wp\/v2\/media\/108737"}],"wp:attachment":[{"href":"https:\/\/www.searchfurniture.co.uk\/shop-002\/wp-json\/wp\/v2\/media?parent=108736"}],"wp:term":[{"taxonomy":"product_brand","embeddable":true,"href":"https:\/\/www.searchfurniture.co.uk\/shop-002\/wp-json\/wp\/v2\/product_brand?post=108736"},{"taxonomy":"product_cat","embeddable":true,"href":"https:\/\/www.searchfurniture.co.uk\/shop-002\/wp-json\/wp\/v2\/product_cat?post=108736"},{"taxonomy":"product_tag","embeddable":true,"href":"https:\/\/www.searchfurniture.co.uk\/shop-002\/wp-json\/wp\/v2\/product_tag?post=108736"}],"curies":[{"name":"wp","href":"https:\/\/api.w.org\/{rel}","templated":true}]}}