{"id":108240,"date":"2017-08-14T18:50:06","date_gmt":"2017-08-14T18:50:06","guid":{"rendered":"https:\/\/www.searchfurniture.co.uk\/shop-002\/product\/grohe-eurosmart-bath-tap-with-shower-set-including-hand-shower\/"},"modified":"2019-11-28T22:06:33","modified_gmt":"2019-11-28T22:06:33","slug":"grohe-eurosmart-bath-tap-with-shower-set-including-hand-shower","status":"publish","type":"product","link":"https:\/\/www.searchfurniture.co.uk\/shop-002\/product\/grohe-eurosmart-bath-tap-with-shower-set-including-hand-shower\/","title":{"rendered":"Grohe Eurosmart Bath Tap with Shower Set Including Hand Shower"},"content":{"rendered":"<p>GROHE EurosmartEinhand-Wannenbatterie, DN 15WandmontageGROHE SilkMove 35 mm Keramikkartuschemit TemperaturbegrenzerGROHE StarLight Oberfl\u00e4chevariabel einstellbare Mengenbegrenzungautomatische Umstellung: Wanne\/BrauseAuslauf mit Mousseurintegrierter R\u00fcckflussverhindererim Brauseabgang 1\/2&#8221;S-Anschl\u00fcsseEigensicher gegen R\u00fcckflie\u00dfenmit BrausegarniturHandbrause Tempesta 100(27 923) 9,5 l\/minHandbrausehalter (28 605)Relexaflex-Brauseschlauch 1.500 mm(28 151)chrom<br \/>\nGROHE SilkMove technology for smooth handling and precise water flow control<br \/>\nScratch resistant and easy to clean thanks to the GROHE StarLight chrome coating<br \/>\nGROHE EcoJoy &#8211; good for the environment, and for your wallet<br \/>\nGROHE DreamSpray for luxurious showering<br \/>\nRain Spray &#8211; like summer rain on your skin<br \/>\nChrome coating protected by InnerWater Guide<br \/>\nSpeedClean &#8211; no limescale build-up on your shower head<br \/>\nShockProof silicone ring protects the shower head<br \/>\nThis product comes with a 5 Year manufacturers warranty<br \/>\nGROHE dream spray for showering<br \/>\nGROHE eco joy for the environment and for your wallet<br \/>\nEasy to clean thanks to the GROHE star light chrome coating<br \/>\nGROHE silk move cartridge technology for smooth handling<br \/>\nSpeed clean no lime scale build-up on your shower head<br \/>\nChrome coating protected by inner water guide<br \/>\n<div class=\"main-cross-sell\" data-asin=\"B077TXVPPG\">\n\n\t<div class=\"WooZone-cross-sell-loader\">\n\t\t<div>\n\t\t\t<div id=\"floatingBarsG\">\n\t\t\t\t<div class=\"blockG\" id=\"rotateG_01\"><\/div>\n\t\t\t\t<div class=\"blockG\" id=\"rotateG_02\"><\/div>\n\t\t\t\t<div class=\"blockG\" id=\"rotateG_03\"><\/div>\n\t\t\t\t<div class=\"blockG\" id=\"rotateG_04\"><\/div>\n\t\t\t\t<div class=\"blockG\" id=\"rotateG_05\"><\/div>\n\t\t\t\t<div class=\"blockG\" id=\"rotateG_06\"><\/div>\n\t\t\t\t<div class=\"blockG\" id=\"rotateG_07\"><\/div>\n\t\t\t\t<div class=\"blockG\" id=\"rotateG_08\"><\/div>\n\t\t\t<\/div>\n\t\t\t<div class=\"WooZone-cross-sell-loader-text\"><\/div>\n\t\t<\/div>\n\t<\/div>\n\n\t\t\n<\/div>\n<div style=\"clear:both;\"><\/div><\/p>\n","protected":false},"excerpt":{"rendered":"<p>GROHE SilkMove technology for smooth handling and precise water flow control<br \/>\nScratch resistant and easy to clean thanks to the GROHE StarLight chrome coating<br \/>\nGROHE EcoJoy &#8211; good for the environment, and for your wallet<\/p>\n","protected":false},"featured_media":108243,"comment_status":"open","ping_status":"closed","template":"","meta":[],"product_brand":[],"product_cat":[79],"product_tag":[],"class_list":{"0":"post-108240","1":"product","2":"type-product","3":"status-publish","4":"has-post-thumbnail","6":"product_cat-diy-and-tools","8":"first","9":"instock","10":"shipping-taxable","11":"product-type-variable"},"_links":{"self":[{"href":"https:\/\/www.searchfurniture.co.uk\/shop-002\/wp-json\/wp\/v2\/product\/108240","targetHints":{"allow":["GET"]}}],"collection":[{"href":"https:\/\/www.searchfurniture.co.uk\/shop-002\/wp-json\/wp\/v2\/product"}],"about":[{"href":"https:\/\/www.searchfurniture.co.uk\/shop-002\/wp-json\/wp\/v2\/types\/product"}],"replies":[{"embeddable":true,"href":"https:\/\/www.searchfurniture.co.uk\/shop-002\/wp-json\/wp\/v2\/comments?post=108240"}],"wp:featuredmedia":[{"embeddable":true,"href":"https:\/\/www.searchfurniture.co.uk\/shop-002\/wp-json\/wp\/v2\/media\/108243"}],"wp:attachment":[{"href":"https:\/\/www.searchfurniture.co.uk\/shop-002\/wp-json\/wp\/v2\/media?parent=108240"}],"wp:term":[{"taxonomy":"product_brand","embeddable":true,"href":"https:\/\/www.searchfurniture.co.uk\/shop-002\/wp-json\/wp\/v2\/product_brand?post=108240"},{"taxonomy":"product_cat","embeddable":true,"href":"https:\/\/www.searchfurniture.co.uk\/shop-002\/wp-json\/wp\/v2\/product_cat?post=108240"},{"taxonomy":"product_tag","embeddable":true,"href":"https:\/\/www.searchfurniture.co.uk\/shop-002\/wp-json\/wp\/v2\/product_tag?post=108240"}],"curies":[{"name":"wp","href":"https:\/\/api.w.org\/{rel}","templated":true}]}}