{"id":105957,"date":"2017-08-13T18:48:08","date_gmt":"2017-08-13T18:48:08","guid":{"rendered":"https:\/\/www.searchfurniture.co.uk\/shop-002\/product\/costway-garden-hanging-chair-outdoor-air-swing-camping-hammock-w-cushions-cup-holder-tan\/"},"modified":"2019-11-28T21:57:20","modified_gmt":"2019-11-28T21:57:20","slug":"costway-garden-hanging-chair-outdoor-air-swing-camping-hammock-w-cushions-cup-holder-tan","status":"publish","type":"product","link":"https:\/\/www.searchfurniture.co.uk\/shop-002\/product\/costway-garden-hanging-chair-outdoor-air-swing-camping-hammock-w-cushions-cup-holder-tan\/","title":{"rendered":"COSTWAY Garden Hammock Outdoor Hanging Chair Camping Air Swing Cushions Cup Holder (Tan)"},"content":{"rendered":"<p><b>Specifications: <\/b><\/p>\n<p>Color: Tan<br \/>Load: 150kg<br \/>Overall size: 92*100cm<br \/>Material: Polyester Fiber (600\u00d7300D) &amp; Solid wood<br \/>4 Hardwood Size: \u03a63.2cm(1\u00d792cm, 2\u00d776cm, 1\u00d748cm) <\/p>\n<p><b>Package Includes: <\/b><\/p>\n<p>2\u00d7Arm Rests<br \/>1\u00d7Drink Cup Holder<br \/>1\u00d7Detachable Pillow<br \/>1\u00d7Adjustable Foot Rest<br \/>1\u00d7Assembly Instuctions<br \/>2\u00d7 Zinc Plated Steel &#8220;S&#8221; hooks<br \/>1\u00d7Matching portable carrying Bag<br \/>1\u00d7 Deep Threaded Zinc Plate 4.5&#8243; Steel Eye Lag Bolt<\/p>\n<p><b>Features: <\/b><\/p>\n<p>Brand new and high quality<br \/>Both for indoor and outdoor use<br \/>Light weight and portable design<br \/>Soft cotton padding and gentle rocking motion cradles<br \/>This is our swinging hammock chair, which is designed for both indoor and outdoor use. It has footrests, removable pillow and cup holder. It is light weight and portable and will bring fun for your leisure time. Enjoy your time outside with our hammock chairs!<br \/>\nColor: Tan<br \/>\nLoad: 150kg<br \/>\nOverall size: 92*100cm<br \/>\nMaterial: Polyester Fiber (600\u00d7300D) &amp; Solid wood, 4 Hardwood Size: \u03a63.2cm(1\u00d792cm, 2\u00d776cm, 1\u00d748cm)<br \/>\nExcluded locations: Channel Islands, Isle of Man, Scilly Isles, Scottish Islands, PO BOX<br \/>\n<div class=\"main-cross-sell\" data-asin=\"B072C8BR1J\">\n\n\t<div class=\"WooZone-cross-sell-loader\">\n\t\t<div>\n\t\t\t<div id=\"floatingBarsG\">\n\t\t\t\t<div class=\"blockG\" id=\"rotateG_01\"><\/div>\n\t\t\t\t<div class=\"blockG\" id=\"rotateG_02\"><\/div>\n\t\t\t\t<div class=\"blockG\" id=\"rotateG_03\"><\/div>\n\t\t\t\t<div class=\"blockG\" id=\"rotateG_04\"><\/div>\n\t\t\t\t<div class=\"blockG\" id=\"rotateG_05\"><\/div>\n\t\t\t\t<div class=\"blockG\" id=\"rotateG_06\"><\/div>\n\t\t\t\t<div class=\"blockG\" id=\"rotateG_07\"><\/div>\n\t\t\t\t<div class=\"blockG\" id=\"rotateG_08\"><\/div>\n\t\t\t<\/div>\n\t\t\t<div class=\"WooZone-cross-sell-loader-text\"><\/div>\n\t\t<\/div>\n\t<\/div>\n\n\t\t\n<\/div>\n<div style=\"clear:both;\"><\/div><\/p>\n","protected":false},"excerpt":{"rendered":"<p>Color: Tan<br \/>\nLoad: 150kg<br \/>\nOverall size: 92*100cm<\/p>\n","protected":false},"featured_media":105958,"comment_status":"open","ping_status":"closed","template":"","meta":[],"product_brand":[],"product_cat":[1501,1760,17608,17607,8],"product_tag":[],"class_list":{"0":"post-105957","1":"product","2":"type-product","3":"status-publish","4":"has-post-thumbnail","6":"product_cat-garden-and-outdoors","7":"product_cat-garden-furniture-and-accessories","8":"product_cat-hammocks","9":"product_cat-hammocks-swing-chairs-and-accessories","10":"product_cat-home-and-garden","12":"first","13":"instock","14":"shipping-taxable","15":"purchasable","16":"product-type-simple"},"_links":{"self":[{"href":"https:\/\/www.searchfurniture.co.uk\/shop-002\/wp-json\/wp\/v2\/product\/105957","targetHints":{"allow":["GET"]}}],"collection":[{"href":"https:\/\/www.searchfurniture.co.uk\/shop-002\/wp-json\/wp\/v2\/product"}],"about":[{"href":"https:\/\/www.searchfurniture.co.uk\/shop-002\/wp-json\/wp\/v2\/types\/product"}],"replies":[{"embeddable":true,"href":"https:\/\/www.searchfurniture.co.uk\/shop-002\/wp-json\/wp\/v2\/comments?post=105957"}],"wp:featuredmedia":[{"embeddable":true,"href":"https:\/\/www.searchfurniture.co.uk\/shop-002\/wp-json\/wp\/v2\/media\/105958"}],"wp:attachment":[{"href":"https:\/\/www.searchfurniture.co.uk\/shop-002\/wp-json\/wp\/v2\/media?parent=105957"}],"wp:term":[{"taxonomy":"product_brand","embeddable":true,"href":"https:\/\/www.searchfurniture.co.uk\/shop-002\/wp-json\/wp\/v2\/product_brand?post=105957"},{"taxonomy":"product_cat","embeddable":true,"href":"https:\/\/www.searchfurniture.co.uk\/shop-002\/wp-json\/wp\/v2\/product_cat?post=105957"},{"taxonomy":"product_tag","embeddable":true,"href":"https:\/\/www.searchfurniture.co.uk\/shop-002\/wp-json\/wp\/v2\/product_tag?post=105957"}],"curies":[{"name":"wp","href":"https:\/\/api.w.org\/{rel}","templated":true}]}}